{"id":13,"date":"2015-04-22T21:46:55","date_gmt":"2015-04-22T19:46:55","guid":{"rendered":"http:\/\/stillgeboren.de\/?page_id=13"},"modified":"2015-04-23T22:15:56","modified_gmt":"2015-04-23T20:15:56","slug":"einfuehrung","status":"publish","type":"page","link":"http:\/\/stillgeboren.de\/?page_id=13","title":{"rendered":"Einf\u00fchrung"},"content":{"rendered":"<p>Diese Seite haben ich gemacht,<a href=\"http:\/\/stillgeboren.de\/wp-content\/uploads\/2015\/04\/Tobias.gif\"><img loading=\"lazy\" class=\" size-full wp-image-17 alignright\" src=\"http:\/\/stillgeboren.de\/wp-content\/uploads\/2015\/04\/Tobias.gif\" alt=\"Tobias\" width=\"184\" height=\"116\" \/><\/a><\/p>\n<ul>\n<li>um unserem Sohn auch au\u00dferhalb unseres Herzens einen Platz zu geben, den er sonst kaum oder gar nicht bekommen h\u00e4tte<\/li>\n<li>um verwaisten Eltern zu zeigen,<\/li>\n<li>wie wir unseren Weg durch die Trauer gefunden haben,<\/li>\n<li>dass es tats\u00e4chlich ein Leben nach dem Tod eines Kind gibt, auch wenn sie das zun\u00e4chst nicht f\u00fcr m\u00f6glich halten<\/li>\n<li>und Mut zu machen, dass sie den Weg durch die Trauer wagen und dabei allein ihren Herzen folgen.<\/li>\n<li>um allen denjenigen, die verwaiste Eltern nicht allein lassen m\u00f6chten, die aber unsicher sind, was sie tun k\u00f6nnen, einen kleinen Einblick in die Welt von trauernden Eltern zu erm\u00f6glichen<\/li>\n<\/ul>\n<p>Auf dieser Seite findest Du Tobias Geschichte, viele Anregungen und Informationen, wie z.B.: \u00fcber das neue Namensrecht von totgeborenen Kindern. Ich erz\u00e4hle von unserer Selbsthilfegruppe, vom Trauerseminar der \u201cVerwaisten Eltern\u201d, wie wir Tobias ersten Geburtstag feierten, welche B\u00fccher mir geholfen haben, um meinen Weg zu finden (hier gibt es auch einige Leseproben) und vieles mehr. Ferner erz\u00e4hle ich meine Erfahrungen \u00fcber meine Folgeschwangerschaft mit Pascal. Du kannst meine Gedichte lesen, die ich w\u00e4hrend meiner Trauer geschrieben habe und auch viele andere Gedichte und kleinere Geschichten, die ich so zusammengetragen habe.<\/p>\n<p>Auf unseren Themenseiten kannst Du zum \u201cTabuthema Tod\u201d, \u201cRituale &#8211; noch (wieder) zeitgem\u00e4\u00df\u201d und \u201cH\u00e4lt mein Glaube das aus?\u201d verschiedenen Meinungen lesen und Dich auch selber daran beteiligen. In dieser Richtung plane ich noch weiter Themen, wie z.B. \u201cWas passiert in meiner Partnerschaft\u201d, \u201cTrauer, was ist das?\u201d.<\/p>\n<p>Inzwischen habe ich auch so einiges \u00fcber ganz pers\u00f6nlichen Ritualen zusammengestellt. Rituale, die uns an unsere Sternenkinder erinnern, Rituale wie wir Abschied genommen haben oder wie wir die besonderen Tage begehen. Ich m\u00f6chte so andere Betroffene ermutigen, eigene Rituale zu entwickeln, die ihnen helfen, ihren Schmerz besser zu ertragen.<\/p>\n<p>Unter der Rubrik \u201cSpr\u00fcche\u201d habe ich ein \u201cDummes Spr\u00fcchebuch\u201d ver\u00f6ffentlicht, was wir bei uns in der Babygruppe angefangen hatten. Hierzu habe ich bis jetzt die meisten Zusendungen bekommen. Au\u00dferdem habe ich f\u00fcr diejenigen, die Eltern begleiten wollen, eine pers\u00f6nliche Wunschliste zusammengestellt, \u00fcber das, was mir und anderen Betroffenen geholfen h\u00e4tte.<\/p>\n<p>Viel Mut beim St\u00f6bern<\/p>\n<p>Pirko<\/p>\n","protected":false},"excerpt":{"rendered":"<p>Diese Seite haben ich gemacht, um unserem Sohn auch au\u00dferhalb unseres Herzens einen Platz zu geben, den er sonst kaum oder gar nicht bekommen h\u00e4tte um verwaisten Eltern zu zeigen, wie wir unseren Weg durch die Trauer gefunden haben, dass es tats\u00e4chlich ein Leben nach dem Tod eines Kind gibt, auch wenn sie das zun\u00e4chst &hellip; <a href=\"http:\/\/stillgeboren.de\/?page_id=13\" class=\"more-link\"><span class=\"screen-reader-text\">Einf\u00fchrung<\/span> weiterlesen <span class=\"meta-nav\">&rarr;<\/span><\/a><\/p>\n","protected":false},"author":2,"featured_media":0,"parent":0,"menu_order":2,"comment_status":"closed","ping_status":"closed","template":"","meta":[],"_links":{"self":[{"href":"http:\/\/stillgeboren.de\/index.php?rest_route=\/wp\/v2\/pages\/13"}],"collection":[{"href":"http:\/\/stillgeboren.de\/index.php?rest_route=\/wp\/v2\/pages"}],"about":[{"href":"http:\/\/stillgeboren.de\/index.php?rest_route=\/wp\/v2\/types\/page"}],"author":[{"embeddable":true,"href":"http:\/\/stillgeboren.de\/index.php?rest_route=\/wp\/v2\/users\/2"}],"replies":[{"embeddable":true,"href":"http:\/\/stillgeboren.de\/index.php?rest_route=%2Fwp%2Fv2%2Fcomments&post=13"}],"version-history":[{"count":3,"href":"http:\/\/stillgeboren.de\/index.php?rest_route=\/wp\/v2\/pages\/13\/revisions"}],"predecessor-version":[{"id":41,"href":"http:\/\/stillgeboren.de\/index.php?rest_route=\/wp\/v2\/pages\/13\/revisions\/41"}],"wp:attachment":[{"href":"http:\/\/stillgeboren.de\/index.php?rest_route=%2Fwp%2Fv2%2Fmedia&parent=13"}],"curies":[{"name":"wp","href":"https:\/\/api.w.org\/{rel}","templated":true}]}}