{"id":331,"date":"2015-04-28T21:09:52","date_gmt":"2015-04-28T19:09:52","guid":{"rendered":"http:\/\/stillgeboren.de\/?page_id=331"},"modified":"2015-04-28T21:10:36","modified_gmt":"2015-04-28T19:10:36","slug":"geschichten","status":"publish","type":"page","link":"http:\/\/stillgeboren.de\/?page_id=331","title":{"rendered":"Geschichten"},"content":{"rendered":"<h1><a title=\"Das M\u00e4rchen von der traurigen Traurigkeit\" href=\"http:\/\/stillgeboren.de\/?p=257\">Das M\u00e4rchen von der traurigen Traurigkeit<\/a><\/h1>\n<p>Es war eine kleine Frau, die den staubigen Feldweg entlang kam. Sie war wohl schon recht alt, doch ihr Gang war leicht und ihr L\u00e4cheln hatte den frischen Glanz eines unbek\u00fcmmerten M\u00e4dchens. Bei der zusammenkauerten Gestalt blieb sie stehen und sah hinunter&#8230;<\/p>\n<h1><a title=\"Das Tr\u00e4nenkr\u00fcglein\" href=\"http:\/\/stillgeboren.de\/?p=254\">Das Tr\u00e4nenkr\u00fcglein<\/a><\/h1>\n<p>In alter Zeit, lange, bevor es dich und mich gab, da lebte einmal eine Witwe, der ward ihr einziges Kind vom Tod geholt. Die vermochte sich vor Herzeleid nicht zu fassen und weinte sich am Tag und in der Nacht die Augen aus&#8230;.<\/p>\n<header class=\"entry-header\">\n<h1 class=\"entry-title\"><a title=\"Silberbirke\" href=\"http:\/\/stillgeboren.de\/?p=250\">Silberbirke<\/a><\/h1>\n<\/header>\n<div class=\"entry-content\">\n<p>Silberbirke, ein indianischer Weiser, hat Eltern, die ein Kind betrauern, einmal diese Botschaft \u00fcbermittelt:<\/p>\n<p>Weine nicht, weil Du meinst Du habest f\u00fcr immer die sch\u00f6nste Blume in Deinem Garten verloren. In Wahrheit ist die Blume in einen&#8230;<\/p>\n<header class=\"entry-header\">\n<h1 class=\"entry-title\"><a title=\"Mein kleiner Schmetterling\" href=\"http:\/\/stillgeboren.de\/?p=241\" rel=\"bookmark\">Mein kleiner Schmetterling<\/a><a href=\"http:\/\/stillgeboren.de\/wp-content\/uploads\/2015\/04\/Schmetterling.jpg\"><img loading=\"lazy\" class=\" wp-image-183 size-thumbnail alignright\" src=\"http:\/\/stillgeboren.de\/wp-content\/uploads\/2015\/04\/Schmetterling-150x150.jpg\" alt=\"Schmetterling\" width=\"150\" height=\"150\" \/><\/a><\/h1>\n<\/header>\n<div class=\"entry-content\">\n<p>Zur Geburt unseres zweiten Sohnes Pascal haben wir von einer Freundin einen Schmetterlingsflieder mit dem Hinweis geschenkt bekommen:\u201cEr wird, wenn er bl\u00fcht, viele Schmetterlinge anlocken.\u201c Inzwischen sind drei Jahre vergangen und seit gestern bl\u00fcht er wieder.<\/p>\n<\/div>\n<\/div>\n","protected":false},"excerpt":{"rendered":"<p>Das M\u00e4rchen von der traurigen Traurigkeit Es war eine kleine Frau, die den staubigen Feldweg entlang kam. Sie war wohl schon recht alt, doch ihr Gang war leicht und ihr L\u00e4cheln hatte den frischen Glanz eines unbek\u00fcmmerten M\u00e4dchens. Bei der zusammenkauerten Gestalt blieb sie stehen und sah hinunter&#8230; Das Tr\u00e4nenkr\u00fcglein In alter Zeit, lange, bevor &hellip; <a href=\"http:\/\/stillgeboren.de\/?page_id=331\" class=\"more-link\"><span class=\"screen-reader-text\">Geschichten<\/span> weiterlesen <span class=\"meta-nav\">&rarr;<\/span><\/a><\/p>\n","protected":false},"author":2,"featured_media":0,"parent":75,"menu_order":0,"comment_status":"closed","ping_status":"closed","template":"","meta":[],"_links":{"self":[{"href":"http:\/\/stillgeboren.de\/index.php?rest_route=\/wp\/v2\/pages\/331"}],"collection":[{"href":"http:\/\/stillgeboren.de\/index.php?rest_route=\/wp\/v2\/pages"}],"about":[{"href":"http:\/\/stillgeboren.de\/index.php?rest_route=\/wp\/v2\/types\/page"}],"author":[{"embeddable":true,"href":"http:\/\/stillgeboren.de\/index.php?rest_route=\/wp\/v2\/users\/2"}],"replies":[{"embeddable":true,"href":"http:\/\/stillgeboren.de\/index.php?rest_route=%2Fwp%2Fv2%2Fcomments&post=331"}],"version-history":[{"count":1,"href":"http:\/\/stillgeboren.de\/index.php?rest_route=\/wp\/v2\/pages\/331\/revisions"}],"predecessor-version":[{"id":332,"href":"http:\/\/stillgeboren.de\/index.php?rest_route=\/wp\/v2\/pages\/331\/revisions\/332"}],"up":[{"embeddable":true,"href":"http:\/\/stillgeboren.de\/index.php?rest_route=\/wp\/v2\/pages\/75"}],"wp:attachment":[{"href":"http:\/\/stillgeboren.de\/index.php?rest_route=%2Fwp%2Fv2%2Fmedia&parent=331"}],"curies":[{"name":"wp","href":"https:\/\/api.w.org\/{rel}","templated":true}]}}