{"id":335,"date":"2015-04-28T21:21:15","date_gmt":"2015-04-28T19:21:15","guid":{"rendered":"http:\/\/stillgeboren.de\/?page_id=335"},"modified":"2015-05-03T20:24:12","modified_gmt":"2015-05-03T18:24:12","slug":"friedhof","status":"publish","type":"page","link":"http:\/\/stillgeboren.de\/?page_id=335","title":{"rendered":"Friedhof"},"content":{"rendered":"<h1><a title=\"Friedhof\" href=\"http:\/\/stillgeboren.de\/?p=333\">Eure Zuschriften sind hier gew\u00fcnscht<\/a><\/h1>\n<p>Auf dieser Seite plane ich eine Rubrik \u201eFriedhof\u201c. Dort m\u00f6chte ich unter anderem Berichte von Euch ver\u00f6ffentlichen. Mehr Info hier<\/p>\n<h1><a title=\"Einf\u00fchrungstext Friedhof\" href=\"http:\/\/stillgeboren.de\/?p=165\">Einf\u00fchrungstext Vieles h\u00e4tte ich heute anders gemacht<\/a><\/h1>\n<p>Seit langen habe ich diese Rubrik Friedhof geplant und jetzt endlich bin ich dabei, sie umzusetzen. Erst beim Schreiben meines eigenen Berichts \u00fcber die Beerdigung von Tobias wurde mir bewu\u00dft, wie schlecht dies damals wirklich abgelaufen ist und was ich heute mit meinem Wissen anders gemacht h\u00e4tte. Eine ganze Menge. Aus diesem Grund liegt mir auch diese Rubrik so sehr am Herzen. Ich hoffe, Betroffene k\u00f6nnen noch bevor sie wesentliche Entscheidungen treffen, sich hier informieren und andere werden ermuntert Betroffene besser als ich es wurde zu beraten und zu begleiten.<\/p>\n<h1><a title=\"Friedhofskultur\" href=\"http:\/\/stillgeboren.de\/?p=171\">Friedhofskultur<\/a><\/h1>\n<p>Anl\u00e4\u00dflich des Totensonntages habe ich in unserem Gemeindebrief einen Artikel \u00fcber die Friedhofskultur und Kindergr\u00e4ber geschrieben: \u201cVor ein paar Wochen habe ich einen Spaziergang \u00fcber den Waldfriedhof in unserer Gemeinde (Buchholz in der Nordheide) gemacht. Ein wundersch\u00f6ner ruhiger Ort. Lange blieb ich vor den Kindergr\u00e4ber stehen. So viele liebevoll gestaltete und gepflegte Gr\u00e4ber.<\/p>\n<p>Bestattungsrecht<\/p>\n<p>Hier werde ich versuchen, etwas Licht in das Dunkel des Bestattungsrecht zu bringen: In welchem Bundesland welche Recht gilt, wer eine Obduktion erlauben kann bzw. mu\u00df, welche Richtilichen es f\u00fcr die Grabgestaltung gibt usw.<\/p>\n<h1><a title=\"N\u00e4heres \u00fcber die Bestattung\" href=\"http:\/\/stillgeboren.de\/?p=281\">Bestattung<\/a><\/h1>\n<p>Hier habe ich alles m\u00f6glich rund ums das Thema Bestattungen gesammelt, d.h. warum es z.B. so wichtig ist ein Grab zu haben. Au\u00dferdem gibt es Tips, wenn man kein Beerdigungsunternehmen beauftragen m\u00f6chte.<\/p>\n<header class=\"entry-header\">\n<h1 class=\"entry-title\"><a title=\"Abschied nehmen\" href=\"http:\/\/stillgeboren.de\/?p=284\" rel=\"bookmark\">Abschiednehmen \u2013 auch von Fr\u00fchgeborenen<\/a><\/h1>\n<\/header>\n<div class=\"entry-content\">\n<p>In dem Fernsehbericht \u201cDie Totenw\u00e4scherin\u201d wurde gezeigt, wie eine Bestatterin Eltern, Familien hilft, den Abschied von ihrem kleinen Kind w\u00fcrdig zu gestalten. Immer wieder stehen junge Eltern, deren Kind vorzeitig geboren und gestorben ist, vor der Frage, wie sie diesem kleinen Wesen, das sie mit Freude erwartet hatten, nun eine angemessene Bestattung geben k\u00f6nnen.<\/p>\n<header class=\"entry-header\">\n<h1 class=\"entry-title\"><a title=\"Trauerfeier, Dekoration und Traueressen\" href=\"http:\/\/stillgeboren.de\/?p=301\">Trauerfeier, Dekoration und Traueressen<\/a><\/h1>\n<\/header>\n<div class=\"entry-content\">\n<p align=\"LEFT\">Eine Trauerfeier kann zum Ventil f\u00fcr schmerzliche Gef\u00fchle werden und eine gewisse \u00d6ffentlichkeit schaffen, in der allen Beteiligten deutlich wird: Hier ist ein Menschenleben in seiner ganzen Einzigartigkeit zu Ende gegangen. Sie f\u00fchrt die Lebenden in seinem Namen..<\/p>\n<header class=\"entry-header\">\n<h1 class=\"entry-title\"><a title=\"Grab, Grabarten, Gestaltungs- und Bepflanzungsrichtlinien\" href=\"http:\/\/stillgeboren.de\/?p=299\" rel=\"bookmark\">Grab, Grabarten, Gestaltungs- und Bepflanzungsrichtlinien<\/a><\/h1>\n<\/header>\n<div class=\"entry-content\">\n<h5>Grabarten \u2013\u00a0 Reihengrab und Wahlgrab<\/h5>\n<p>Die Grabarten unterscheiden sich dadurch, da\u00df man das Nutzungsrecht an einem \u2013 billigeren \u2013 Reihengrab immer erst anl\u00e4\u00dflich eines Todesfalles erwerben und es au\u00dferdem nicht verl\u00e4ngern kann. Damit f\u00e4llt es auf jeden Fall nach Ablauf der Ruhezeit wieder an den Friedhofstr\u00e4ger zur\u00fcck.<\/p>\n<header class=\"entry-header\">\n<h1 class=\"entry-title\"><a title=\"Die Barke \u2013 Bestattung und Begleitung in Frauenh\u00e4nden\" href=\"http:\/\/stillgeboren.de\/?p=295\">Die Barke \u2013 Bestattung und Begleitung in Frauenh\u00e4nden<\/a><a href=\"http:\/\/stillgeboren.de\/wp-content\/uploads\/2015\/04\/die_barke.gif\"><img loading=\"lazy\" class=\" size-thumbnail wp-image-297 alignright\" src=\"http:\/\/stillgeboren.de\/wp-content\/uploads\/2015\/04\/die_barke-150x150.gif\" alt=\"die_barke\" width=\"150\" height=\"150\" \/><\/a><\/h1>\n<\/header>\n<div class=\"entry-content\">\n<p>Liebe M\u00fctter, liebe Eltern, wenn Ihr kleines, so hoffnungsvoll erwartetes Kind viel zu fr\u00fch geboren wurde, um leben zu k\u00f6nnen oder nach neun Monaten Schwangerschaft bei der Geburt stirbt, so ist das immer ein besonders schmerzvoller Schock und eine unfassbare Trauer\u2026<\/p>\n<header class=\"entry-header\">\n<h1 class=\"entry-title\"><a title=\"Bestattungskultur im Wandel\" href=\"http:\/\/stillgeboren.de\/?p=292\">Bestattungskultur im Wandel<\/a><\/h1>\n<\/header>\n<div class=\"entry-content\">\n<figure id=\"attachment_293\" class=\"wp-caption alignright\"><a href=\"http:\/\/stillgeboren.de\/wp-content\/uploads\/2015\/04\/InesBauschkekl.jpg\"><img loading=\"lazy\" class=\"wp-image-293 size-full\" src=\"http:\/\/stillgeboren.de\/wp-content\/uploads\/2015\/04\/InesBauschkekl.jpg\" alt=\"InesBauschkekl\" width=\"100\" height=\"116\" \/><\/a><figcaption class=\"wp-caption-text\">Ines Bauschke<\/figcaption><\/figure>\n<p>aus dem Gemeindebrief der St. Paulus Gemeinde Buchholz i.d.N.<br \/>\nOktober\/November 2004<\/p>\n<p>Die Erwartungen an eine Bestattung wandeln sich. Vor allem das in Nordrhein-Westfalen im Juni 2003 neu verabschiedete Bestattungsgesetz hat eine F\u00fclle von Diskussionen und Ver\u00f6ffentlichun<\/p>\n<header class=\"entry-header\">\n<h1 class=\"entry-title\"><a title=\"Sarg, Sargausstattung und Einkleidung des Verstorbenen\" href=\"http:\/\/stillgeboren.de\/?p=287\">Sarg, Sargausstattung und Einkleidung des Verstorbenen<\/a><\/h1>\n<\/header>\n<div class=\"entry-content\">\n<p align=\"LEFT\">Hat man sich f\u00fcr die Bestattungsart entschieden, so mu\u00df man einen Sarg ausw\u00e4hlen, in Auftrag geben oder selbst bauen. Jeder Verstorbene mu\u00df in einem Sarg bestattet werden.<\/p>\n<\/div>\n<\/div>\n<\/div>\n<\/div>\n<\/div>\n<\/div>\n<header class=\"entry-header\">\n<h1 class=\"entry-title\"><a title=\"N\u00e4heres \u00fcber die Bestattung\" href=\"http:\/\/stillgeboren.de\/?p=281\">N\u00e4heres \u00fcber die Bestattung<\/a><a href=\"http:\/\/stillgeboren.de\/wp-content\/uploads\/2015\/04\/GuteHoffnung.gif\"><img loading=\"lazy\" class=\" size-full wp-image-208 alignright\" src=\"http:\/\/stillgeboren.de\/wp-content\/uploads\/2015\/04\/GuteHoffnung.gif\" alt=\"GuteHoffnung\" width=\"93\" height=\"140\" \/><\/a><\/h1>\n<\/header>\n<div class=\"entry-content\">\n<p>Sobald wir eine Bindung zu unserem Kind empfinden, ist es ganz nat\u00fcrlich, dass wir es, auch wenn es nicht lebend zur Welt kam, im Todesfall mit Ehrfurcht und W\u00fcrde behandelt wissen wollen. F\u00fcr Eltern, die ihr Kind kennen lernen konnten, wird es oft selbstverst\u00e4ndlich, es bestatten zu lassen. Ein Vater, der anfangs gar nicht sicher war, ob er sich einlassen wollte, sagte danach:<\/p>\n<\/div>\n<h1><a title=\"Gr\u00e4ber\" href=\"http:\/\/stillgeboren.de\/?page_id=743\">Gr\u00e4berfelder<\/a><\/h1>\n<p>Eltern, deren Sternenkind wenige als 500 g gewogen hat und somit nicht bestattngspflichtig war, haben h\u00e4ufig kein Grab, <a href=\"http:\/\/stillgeboren.de\/wp-content\/uploads\/2015\/05\/Sternengarten1.jpg\"><img loading=\"lazy\" class=\"alignright size-thumbnail wp-image-757\" src=\"http:\/\/stillgeboren.de\/wp-content\/uploads\/2015\/05\/Sternengarten1-150x150.jpg\" alt=\"Sternengarten1\" width=\"150\" height=\"150\" \/><\/a>weil sie in der Situation \u00fcberfordert waren, weil ihnen abgeraten wurde oder weil sie erst sp\u00e4ter feststellten, da\u00df es ihnen doch wichtig war. Inzwischen werden fast in allen Krankenh\u00e4usern diese Kinder auf extra Kindergr\u00e4berfeldern bestattet. Abschiedsfeier, Berichte \u00fcber solche Kindergr\u00e4berfelder und mehr hier<\/p>\n<h1>Berichte<\/h1>\n<p>Hier kommen Betroffen Eltern zu Wort, die von der Beerdigung ihres Sternenkindes erz\u00e4hlen. Wer m\u00f6chte, da\u00df ich hier auch seinen Bericht ver\u00f6ffentliche, der mailt mir ihn zu. Mehr Infos hier..<\/p>\n<h1>Grabgestaltung<\/h1>\n<p>Hier m\u00f6chte ich nicht nur Bilder von Gr\u00e4bern von Sternenkindern ver\u00f6ffentlichen, sondern auch kurz Berichte dazu, wieso ihr es so gew\u00e4hlt habt, wie ihr es schm\u00fcckt usw. Wer kein Digitales Bild hat, kann mir auch ein Bild schicken. Mailt mir einfach.<\/p>\n<h1>Linksammlung<\/h1>\n<p>Hier habe ich eine weiterf\u00fchrende Linksammlung zu diesem Thema zusammengestellt nach Begriffen sortiert.<\/p>\n<h1>Beerdigung von Babys in der Presse<\/h1>\n<p>Abschied vom geliebten Baby<\/p>\n<p>Artikel aus der Berliner Morgenpost vom 12.7.2003 \u00fcber die Beerdiung eines Babys, die wie ein Kindergeburtstag gestaltet wurde.<\/p>\n<p>Thema: Totgeburten<\/p>\n<p>Aus der Sendung \u201cRecht Brisant\u201d Dezember 2003. Jede 4. Schwangerschaft endet bereits im ersten Schwangerschaftsdrittel, von den M\u00fcttern oft unbemerkt. Doch auch wenn die ersten drei \u201egef\u00e4hrlichen\u201c Monate einer Schwangerschaft \u00fcberstanden sind, ist nicht garantiert, dass die Babys die &#8230;<\/p>\n","protected":false},"excerpt":{"rendered":"<p>Eure Zuschriften sind hier gew\u00fcnscht Auf dieser Seite plane ich eine Rubrik \u201eFriedhof\u201c. Dort m\u00f6chte ich unter anderem Berichte von Euch ver\u00f6ffentlichen. Mehr Info hier Einf\u00fchrungstext Vieles h\u00e4tte ich heute anders gemacht Seit langen habe ich diese Rubrik Friedhof geplant und jetzt endlich bin ich dabei, sie umzusetzen. Erst beim Schreiben meines eigenen Berichts \u00fcber &hellip; <a href=\"http:\/\/stillgeboren.de\/?page_id=335\" class=\"more-link\"><span class=\"screen-reader-text\">Friedhof<\/span> weiterlesen <span class=\"meta-nav\">&rarr;<\/span><\/a><\/p>\n","protected":false},"author":2,"featured_media":0,"parent":70,"menu_order":0,"comment_status":"closed","ping_status":"closed","template":"","meta":[],"_links":{"self":[{"href":"http:\/\/stillgeboren.de\/index.php?rest_route=\/wp\/v2\/pages\/335"}],"collection":[{"href":"http:\/\/stillgeboren.de\/index.php?rest_route=\/wp\/v2\/pages"}],"about":[{"href":"http:\/\/stillgeboren.de\/index.php?rest_route=\/wp\/v2\/types\/page"}],"author":[{"embeddable":true,"href":"http:\/\/stillgeboren.de\/index.php?rest_route=\/wp\/v2\/users\/2"}],"replies":[{"embeddable":true,"href":"http:\/\/stillgeboren.de\/index.php?rest_route=%2Fwp%2Fv2%2Fcomments&post=335"}],"version-history":[{"count":5,"href":"http:\/\/stillgeboren.de\/index.php?rest_route=\/wp\/v2\/pages\/335\/revisions"}],"predecessor-version":[{"id":783,"href":"http:\/\/stillgeboren.de\/index.php?rest_route=\/wp\/v2\/pages\/335\/revisions\/783"}],"up":[{"embeddable":true,"href":"http:\/\/stillgeboren.de\/index.php?rest_route=\/wp\/v2\/pages\/70"}],"wp:attachment":[{"href":"http:\/\/stillgeboren.de\/index.php?rest_route=%2Fwp%2Fv2%2Fmedia&parent=335"}],"curies":[{"name":"wp","href":"https:\/\/api.w.org\/{rel}","templated":true}]}}