{"id":346,"date":"2015-04-28T21:47:31","date_gmt":"2015-04-28T19:47:31","guid":{"rendered":"http:\/\/stillgeboren.de\/?page_id=346"},"modified":"2015-05-08T21:50:34","modified_gmt":"2015-05-08T19:50:34","slug":"gefuehle-nach-geburt","status":"publish","type":"page","link":"http:\/\/stillgeboren.de\/?page_id=346","title":{"rendered":"Gef\u00fchle nach Geburt"},"content":{"rendered":"<p class=\"alignnone\">Im Forum der Schmetterlingskinder stellte eine Mutter die Frage: \u201cWas habt ihr nach der Geburt eures Sternchens gef\u00fchlt?\u201d. Diese Frage hat nicht nur mich so ber\u00fchrt, da\u00df ich hierzu mehr w<a href=\"http:\/\/stillgeboren.de\/wp-content\/uploads\/2015\/04\/Vogelblauemail2.gif\"><img loading=\"lazy\" class=\" size-full wp-image-104 alignright\" src=\"http:\/\/stillgeboren.de\/wp-content\/uploads\/2015\/04\/Vogelblauemail2.gif\" alt=\"Vogelblauemail2\" width=\"148\" height=\"147\" \/><\/a>issen m\u00f6chte:<\/p>\n<ul>\n<li>\u00a0\u00a0\u00a0 Habt Ihr Euer Baby gesehen<\/li>\n<li>\u00a0\u00a0\u00a0 Wer hat es sonst noch gesehen<\/li>\n<li>\u00a0\u00a0\u00a0 Konntet Ihr es waschen und anziehen<\/li>\n<li>\u00a0\u00a0\u00a0 Habt Ihr Fotos und zeigt Ihr diese auch<\/li>\n<\/ul>\n<h1 class=\"entry-header\"><a title=\"Tod am Anfang des Lebens\" href=\"http:\/\/stillgeboren.de\/?p=270\">Tod am Anfang des Lebens<\/a><\/h1>\n<div class=\"entry-content\">\n<h4 align=\"CENTER\">aus \u201cWenn M\u00fctter trauern\u201d S. 121,122<\/h4>\n<p align=\"JUSTIFY\">Einerseits wollte ich das Kind loswerden, zum anderen doch noch so ein bi\u00dfchen behalten. Noch so ein bi\u00dfchen schwanger sein.<a href=\"http:\/\/stillgeboren.de\/wp-content\/uploads\/2015\/04\/WennMutter.jpg\"><img loading=\"lazy\" class=\" size-full wp-image-214 alignright\" src=\"http:\/\/stillgeboren.de\/wp-content\/uploads\/2015\/04\/WennMutter.jpg\" alt=\"WennMutter\" width=\"87\" height=\"140\" \/><\/a> Jetzt bin ich noch schwanger, dachte ich, wer wei\u00df, ob ich jemals wieder schwanger werden kann. Und ich habe meine rechte Hand auf den Bauch gelegt und zu unserem Herrgott gesagt, er m\u00f6ge doch das Kind so annehmen, wie es ist. Das ist auch eine Form der Taufe, habe ich mir gedacht.<\/p>\n<\/div>\n<h1 class=\"entry-content\"><a title=\"Kennenlernen und Abschied\" href=\"http:\/\/stillgeboren.de\/?p=268\">Kennenlernen und Abschied<\/a><\/h1>\n<div class=\"entry-content\">aus der Brosch\u00fcre Gute Hoffnung, j\u00e4hes Ende von Hannah LothropEntgegen landl\u00e4ufiger Meinung ist das BestGutehoffbroschehen und die Entwicklung einer Bindung zum Baby die beste Voraussetzung f\u00fcr ein heilsames Abschiednehmen, ein Wieder-heil-werden-K\u00f6nnen und die F\u00e4higkeit, sp\u00e4ter neue Bindungen eingehen zu k\u00f6nnen. Deshalb&#8230;<\/div>\n<h1 class=\"entry-content\"><a title=\"Eine \u00bbrichtige\u00ab Geburt\" href=\"http:\/\/stillgeboren.de\/?p=265\">Eine \u00bbrichtige\u00ab Geburt<\/a><\/h1>\n<div class=\"entry-content\">aus der Brosch\u00fcre Gute Hoffnung, j\u00e4hes Ende von Hannah LothropNur beim Feststellen einer Fehlgeburt im Anfangsstadium der Schwangerschaft wird der Arzt diese durch Ausschaben beenden wollen und k\u00f6nnen. Wenn unser Baby w\u00e4hrend der Schwangerschaft nach dem dritten Monat stirbt, steht uns in der Regel eine richtige Geburt bevor.<\/div>\n<h1 class=\"entry-content\"><a title=\"Tobias Geburt\" href=\"http:\/\/stillgeboren.de\/?page_id=46\">Tobias Geburt<\/a><\/h1>\n<div class=\"entry-content\"><\/div>\n<div class=\"entry-content\">Am Morgen, des 22.08.1997 wollte Dein Vati eigentlich meine Mutter wieder ins Krankenhaus fahren, aber er brachte mich gleich zu Dr. Reinhold und blieb bei mir. Dort lag ich \u00fcber eine halbe Stunde am Wehenschreiber. Die ganze Nacht hatte ich bereits Wehen &#8211; sie wurden eher schlimmer als besser. Da\u00df dies Wehen waren, dazu brauchte ich keinen Wehenschreiber, denn Wehen kannte ich ja nun. Dr. Reinhold machte noch einen Abstrich und dann eine<\/div>\n<h1 class=\"entry-content\"><a title=\"Trauer nach einer Totgeburt\" href=\"http:\/\/stillgeboren.de\/?p=262\">Trauer nach einer Totgeburt<\/a><\/h1>\n<h5 class=\"entry-content\">Eine empirische Analyse zur Betreuung betroffener Frauen und Paare.<br \/>\nEine Handreichung f\u00fcr professionelle HelferInnen.<br \/>\nJessica Wolf<\/h5>\n<p class=\"entry-content\">Die Begegnung mit dem toten Kind \u2013 davor schrecken zun\u00e4chst viele Eltern zur\u00fcck. Sie haben Angst davor, dass das Kind missgebildet ist, oder werden evtl. zum ersten Mal in ihrem Leben mit dem Anblick eines toten Menschen konfrontiert. Die Gelegenheit, das eigene<\/p>\n<h1 class=\"entry-content\"><a title=\"Ein sehr wichtiges Bild: Aufnahmen totgeborenen Babys und verstorbener Kleinkinder\" href=\"http:\/\/stillgeboren.de\/?p=156\">Ein sehr wichtiges Bild: Aufnahmen totgeborenen Babys und verstorbener Kleinkinder<\/a><\/h1>\n<h5 class=\"entry-content\">aus einer Brosch\u00fcre der Initiative Regenbogen \u201cGl\u00fccklose Schwangerschaft\u201d e.V.<\/h5>\n<p class=\"entry-content\">Wir sind traditionell ein Volk von Fotografen. Viele Museen sind mit reizenden alten Fotos aus unserer Vergangenheit gef\u00fcllt. \u00dcberall gibt es Familienalben und der Fotoapparat ist seit Generationen schon ein traditionelles Geschenk&#8230;<\/p>\n<h1 class=\"entry-content\"><a title=\"Postings Schmetterlingskinderforum\" href=\"http:\/\/stillgeboren.de\/?p=153\">Posti<\/a><a title=\"Postings Schmetterlingskinderforum\" href=\"http:\/\/stillgeboren.de\/?p=153\">ngs Schmetterlingskinderforum<\/a><\/h1>\n<p class=\"entry-content\"><a href=\"http:\/\/stillgeboren.de\/wp-content\/uploads\/2015\/04\/index.jpg\"><img loading=\"lazy\" class=\"size-thumbnail wp-image-154 alignright\" src=\"http:\/\/stillgeboren.de\/wp-content\/uploads\/2015\/04\/index-150x141.jpg\" alt=\"Schmetterlingskinder\" width=\"150\" height=\"141\" \/><\/a>Die nachfolgenden Beitr\u00e4ge wurden im Forum der Schmetterlingskinder der Schmetterlingskinder gepostet. Ich fand sie so interesant, da\u00df ich sie hier wiedergeben m\u00f6chte.<\/p>\n<h1 class=\"entry-content\"><a title=\"Die Geburt \u2013 unser sch\u00f6nstes ErlebnisIch nahm ihn ihr aus den Armen, und legte ihn in meinen Arm, da, wo er hingeh\u00f6rte.\" href=\"http:\/\/stillgeboren.de\/?p=858\">Die Geburt &#8211; unser sch\u00f6nstes ErlebnisIch nahm ihn ihr aus den Armen, und legte ihn in meinen Arm, da, wo er hingeh\u00f6rte. <\/a><\/h1>\n<p class=\"entry-content\"><span style=\"font-family: Arial Baltic,sans-serif;\">Am Freitag, den 13. September 2001 (38.SSW) fiel <a href=\"http:\/\/stillgeboren.de\/wp-content\/uploads\/2015\/05\/Pascalmoni.jpg\"><img loading=\"lazy\" class=\"alignright size-thumbnail wp-image-859\" src=\"http:\/\/stillgeboren.de\/wp-content\/uploads\/2015\/05\/Pascalmoni-150x150.jpg\" alt=\"Pascalmoni\" width=\"150\" height=\"150\" \/><\/a>mir auf, dass ich die Purzelb\u00e4ume in meinem Bauch vermisste, machte mir jedoch keine Sorgen. Samstag mittag versuchte ich dann verzweifelt, mein Baby wachzur\u00fctteln &#8211; jedoch ohne Erfolg. Ich rief meine Hebamme an, die meinte, ich solle dann am Montag gleich zur Kontrolle zum Arzt gehen. &#8230;<br \/>\n<\/span><\/p>\n<h1 style=\"text-align: left;\"><a title=\"Die Sonne, die so warm und freundlich ins Zimmer schien, war f\u00fcr mich nicht zu ertragen\u2026\" href=\"http:\/\/stillgeboren.de\/?p=865\">Die Sonne, die so warm und freundlich ins Zimmer schien, war f\u00fcr mich nicht zu ertragen&#8230;<\/a><\/h1>\n<h5 style=\"text-align: left;\">Die Geburt von Patricia<\/h5>\n<p style=\"text-align: left;\">Am 10. M\u00e4rz 2003 ca. um Mitternacht l\u00f6ste sich der Schleimpfropf mit leichten Blutungen. Verunsichert riefen wir unsere Wahlhebamme Rotraud an. Sie beruhigte uns, meinte, dass das ein gutes Zeichen sei. Die Wehen werden bald einsetzen. Wir sollten noch einmal schlafen, denn am n\u00e4chsten Tag werde unser Baby wohl kommen, und da br\u00e4uchten wir die Kraft. Sie vereinbarte mit uns, dass sie um 8 Uhr fr\u00fch zu uns kommt. Dann w\u00fcrde sie sehen, wie weit die Geburt vorangeschritten w\u00e4re, ob wir schon gemeinsam ins Spital fahren sollten.<\/p>\n<h1 style=\"text-align: left;\"><a title=\"Ich empfinde sehr viel W\u00e4rme f\u00fcr Leonie, sie sah aus als w\u00fcrde sie nur schlafen.\" href=\"http:\/\/stillgeboren.de\/?p=868\">Ich empfinde sehr viel W\u00e4rme f\u00fcr Leonie, sie sah aus als w\u00fcrde sie nur schlafen.<\/a><\/h1>\n<p align=\"LEFT\">Leonie ist meine erste Tochter. Ich habe sie am 29.04.2002 still geboren.<\/p>\n<p align=\"LEFT\"><span style=\"font-family: Arial Baltic,sans-serif;\">Im siebten Monat haben Thomas und ich erfahren, das sie <a href=\"http:\/\/stillgeboren.de\/wp-content\/uploads\/2015\/04\/Leonie.jpg\"><img loading=\"lazy\" class=\"alignright size-thumbnail wp-image-871\" src=\"http:\/\/stillgeboren.de\/wp-content\/uploads\/2015\/04\/Leonie-150x150.jpg\" alt=\"Leonie\" width=\"150\" height=\"150\" \/><\/a>Trisomie 13 hat und keine \u00dcberlebenschance. Es gab 2 M\u00f6glichkeiten: entweder man bricht die Schw\u00e4gerschaft ab oder man tr\u00e4gt das Baby aus. Ich habe mich f\u00fcr das Austragen entschieden. Ich konnte mir nicht vorstellen, sie her geben zu m\u00fcssen.<br \/>\n<\/span><\/p>\n<h1 style=\"text-align: left;\"><a title=\"Am liebsten h\u00e4tte ich sie nie wieder losgelassen.\" href=\"http:\/\/stillgeboren.de\/?p=877\">Am liebsten h\u00e4tte ich sie nie wieder losgelassen.<\/a><\/h1>\n<h4>Geburt von <strong>Jolina Melissa<\/strong><\/h4>\n<p>So gegen 20.30 Uhr hat mir Birgit ( das ist meine Hebamme) die Fruchtblase aufgepieckst. Das Fruchtwasser lief dann nur so raus. Ab da ging dann auch alles ganz schnell. Ich musste mich dann mal zur Seite drehen, damit sich die kleine auf in Richtung Ausgang machen konnte.<\/p>\n<h1><a title=\"\u201cIch m\u00f6chte euch gerne meinen Sohn zeigen\u201d\" href=\"http:\/\/stillgeboren.de\/?p=880\">&#8222;Ich m\u00f6chte euch gerne meinen Sohn zeigen&#8220;<\/a><\/h1>\n<p>Ihr Lieben,<br \/>\nich m\u00f6chte euch gerne meinen Sohn Maximilian zei<a href=\"http:\/\/stillgeboren.de\/wp-content\/uploads\/2015\/05\/Maximilian.jpg\"><img loading=\"lazy\" class=\"alignright size-thumbnail wp-image-881\" src=\"http:\/\/stillgeboren.de\/wp-content\/uploads\/2015\/05\/Maximilian-150x150.jpg\" alt=\"Maximilian\" width=\"150\" height=\"150\" \/><\/a>gen, denn ich bin soooo stolz auf ihn. ich finde, er sieht einfach nur toll aus. Man k\u00f6nnte denken, er schl\u00e4ft nur.<br \/>\nIch hoffe, ihr seid nicht b\u00f6se, dass ich ihn hier zeige, aber ich m\u00f6chte meinen Sohn &#8222;der ganzen Welt&#8220; zeigen. Und ihr schaut die Sternenkinder auch mit dem herzen an und nicht nur mit den Augen.<\/p>\n<h1><a title=\"\u201e Was mache ich nur wenn sie gleich schreit?\u201c\" href=\"http:\/\/stillgeboren.de\/?p=259\">\u201e Was mache ich nur wenn sie gleich schreit?\u201c<\/a><\/h1>\n<h4 style=\"text-align: left;\" align=\"CENTER\">Die Geburt von Kim Nova (21 SSW)<\/h4>\n<p align=\"LEFT\">Morgens wurde noch einmal Blutabgenommen und noch ein CTG gemacht.<br \/>\nDas Kind lebt!<br \/>\nAber liegt es wohl jetzt im Trockenen, es ist ja kein Bauch mehr da?<\/p>\n<h1 align=\"LEFT\"><a title=\"Wenn ein Mensch gestorben ist \u2013 wie gehen wir mit dem Toten um?\" href=\"http:\/\/stillgeboren.de\/?p=889\">Wenn ein Mensch gestorben ist &#8211; wie gehen wir mit dem Toten um?<\/a><\/h1>\n<p>Untersuchungen haben dann jedoch folgendes ergeb<a href=\"http:\/\/stillgeboren.de\/wp-content\/uploads\/2015\/05\/TauschBickeln.jpg\"><img loading=\"lazy\" class=\"alignright wp-image-470 size-thumbnail\" src=\"http:\/\/stillgeboren.de\/wp-content\/uploads\/2015\/05\/TauschBickeln-150x150.jpg\" alt=\"TauschBickeln\" width=\"150\" height=\"150\" \/><\/a>en:<\/p>\n<p align=\"LEFT\">Frauen, die Gelegenheit hatten, das tote Kind noch einmal- zu sehen, vielleicht auch zu ber\u00fchren oder zu streicheln und ihre Gef\u00fchle von Schmerz, Trauer und Wut zuzulassen und auch hierbei Hilfe bekamen, f\u00fchlten sich weniger lange von Trauer belastet.<\/p>\n<h1 style=\"text-align: left;\" align=\"CENTER\"><a title=\"Abschiednehmen \u2013 auch von Fr\u00fchgeborenen\" href=\"http:\/\/stillgeboren.de\/?p=303\"><span style=\"font-family: Arial Baltic,sans-serif;\">In dem Fernsehbericht &#8222;Die Totenw\u00e4scherin&#8220; wurde gezeigt, wie eine Bestatterin Eltern, Familien hilft, den Abschied von ihrem kleinen Kind w\u00fcrdig zu gestalten.<\/span><\/a><\/h1>\n<p><span style=\"font-family: Arial Baltic,sans-serif;\">Immer wieder stehen junge Eltern, deren Kind vorzeitig geboren und gestorben ist, vor der Frage, wie sie diesem kleinen Wesen, das sie mit Freude erwartet hatten, nun eine angemessene Bestattung geben k\u00f6nnen.<\/span><\/p>\n<p><span style=\"font-family: Arial Baltic,sans-serif;\">Den \u00fcblichen Satz von Krankenhauspersonal und Bestattern: &#8222;Tun Sie sich das lieber nicht mehr an, das kleine W\u00fcrmchen anzusehen !&#8220; sollten junge, verwaiste Eltern weit von sich weisen !<\/span><\/p>\n<h1><a title=\"Ich habe Rebecca niemals gesehen. Sie war einfach aus meinem Leben verschwunden.\" href=\"http:\/\/stillgeboren.de\/?p=898\">Ich habe Rebecca niemals gesehen. Sie war einfach aus meinem Leben verschwunden.<\/a><\/h1>\n<p>Dann auf einmal passiere \u201ees\u201c, ohne dass ich so recht einverstanden war. Die ganze Zeit war ich noch in der Sorge, ob auch alles gut gehen w\u00fcrde. Die ersten Vorsorgeuntersuchungen waren aber v\u00f6llig unauff\u00e4llig. Erst gegen Mitte der Schwangerschaft trug der Arzt in meinen Mutterpass unter \u201eBesonderheiten\u201c eine Abk\u00fcrzung mit drei Buchstaben ein und umkreiste sie rot<\/p>\n","protected":false},"excerpt":{"rendered":"<p>Im Forum der Schmetterlingskinder stellte eine Mutter die Frage: \u201cWas habt ihr nach der Geburt eures Sternchens gef\u00fchlt?\u201d. Diese Frage hat nicht nur mich so ber\u00fchrt, da\u00df ich hierzu mehr wissen m\u00f6chte: \u00a0\u00a0\u00a0 Habt Ihr Euer Baby gesehen \u00a0\u00a0\u00a0 Wer hat es sonst noch gesehen \u00a0\u00a0\u00a0 Konntet Ihr es waschen und anziehen \u00a0\u00a0\u00a0 Habt Ihr &hellip; <a href=\"http:\/\/stillgeboren.de\/?page_id=346\" class=\"more-link\"><span class=\"screen-reader-text\">Gef\u00fchle nach Geburt<\/span> weiterlesen <span class=\"meta-nav\">&rarr;<\/span><\/a><\/p>\n","protected":false},"author":2,"featured_media":0,"parent":70,"menu_order":0,"comment_status":"closed","ping_status":"closed","template":"","meta":[],"_links":{"self":[{"href":"http:\/\/stillgeboren.de\/index.php?rest_route=\/wp\/v2\/pages\/346"}],"collection":[{"href":"http:\/\/stillgeboren.de\/index.php?rest_route=\/wp\/v2\/pages"}],"about":[{"href":"http:\/\/stillgeboren.de\/index.php?rest_route=\/wp\/v2\/types\/page"}],"author":[{"embeddable":true,"href":"http:\/\/stillgeboren.de\/index.php?rest_route=\/wp\/v2\/users\/2"}],"replies":[{"embeddable":true,"href":"http:\/\/stillgeboren.de\/index.php?rest_route=%2Fwp%2Fv2%2Fcomments&post=346"}],"version-history":[{"count":20,"href":"http:\/\/stillgeboren.de\/index.php?rest_route=\/wp\/v2\/pages\/346\/revisions"}],"predecessor-version":[{"id":900,"href":"http:\/\/stillgeboren.de\/index.php?rest_route=\/wp\/v2\/pages\/346\/revisions\/900"}],"up":[{"embeddable":true,"href":"http:\/\/stillgeboren.de\/index.php?rest_route=\/wp\/v2\/pages\/70"}],"wp:attachment":[{"href":"http:\/\/stillgeboren.de\/index.php?rest_route=%2Fwp%2Fv2%2Fmedia&parent=346"}],"curies":[{"name":"wp","href":"https:\/\/api.w.org\/{rel}","templated":true}]}}