{"id":404,"date":"2015-05-01T19:53:08","date_gmt":"2015-05-01T17:53:08","guid":{"rendered":"http:\/\/stillgeboren.de\/?page_id=404"},"modified":"2015-05-01T21:06:44","modified_gmt":"2015-05-01T19:06:44","slug":"rituale","status":"publish","type":"page","link":"http:\/\/stillgeboren.de\/?page_id=404","title":{"rendered":"Rituale"},"content":{"rendered":"<p><span style=\"font-family: Arial Baltic,sans-serif;\">Aber nach seinem Tod, habe ich sie entdeckt. Sie waren f\u00fcr mich die T\u00fcr, die mich wieder ins Leben f\u00fchrte, etwas an das ich mich halten konnte, wenigstens etwas, was wieder etwas Struktur in mein Leben brachte. Hier m\u00f6chte ich \u00fcber ganz pers\u00f6nlichen Ritualen berichten. Rituale, die uns an unsere Sternenkinder erinnern, Rituale wie wir Abschied genommen haben oder wie wir die besonderen Tage begehen. Ich m\u00f6chte so andere Betroffene ermutigen, eigene Rituale zu entwickeln, die ihnen helfen, ihren Schmerz besser zu ertragen. Inzwischen habe ich aber auch Texte gesammelt, die die Bedeutung von Ritualen erkl\u00e4ren.<\/span><\/p>\n<p><a href=\"http:\/\/stillgeboren.de\/wp-content\/uploads\/2015\/04\/Vogelblauemail2.gif\"><img loading=\"lazy\" class=\"alignright size-full wp-image-104\" src=\"http:\/\/stillgeboren.de\/wp-content\/uploads\/2015\/04\/Vogelblauemail2.gif\" alt=\"Vogelblauemail2\" width=\"148\" height=\"147\" \/><\/a>Gerne w\u00fcrde ich mehr von ganz pers\u00f6nlichen Ritualen berichten. Rituale, die uns an unsere Sternenkinder erinnern, Rituale wie wir Abschied genommen haben oder wie wir die besonderen Tage begehen. Ich m\u00f6chte so andere Betroffene ermutigen, eigene Rituale zu entwickeln, die ihnen helfen, ihren Schmerz besser zu ertragen.<\/p>\n<p>Schreibt mir. Ich werde dies dann, sofern Ihr einverstanden seid, auch hier ver\u00f6ffentlichen<\/p>\n<h2><a title=\"Trauern hat seine Zeit\" href=\"http:\/\/stillgeboren.de\/?p=274\">Abschiedsrituale beim fr\u00fchen Tod eines Kindes<\/a><\/h2>\n<h6>Von Michaela Nijs<a href=\"http:\/\/stillgeboren.de\/wp-content\/uploads\/2015\/04\/Nijs.jpg\"><img loading=\"lazy\" class=\"alignright size-thumbnail wp-image-209\" src=\"http:\/\/stillgeboren.de\/wp-content\/uploads\/2015\/04\/Nijs-150x150.jpg\" alt=\"Nijs\" width=\"150\" height=\"150\" \/><\/a><\/h6>\n<p>Die amerikanische Psychotherapeutin T. Rando definiert ein Ritual als ein spezifisches Verhalten oder eine spezifische Handlung , die bestimmten Gef\u00fchlen und Gedanken des\/der Vollziehenden als Einzelner oder als Gruppe symbolischen Ausdruck verleiht. Das Hinaus-Setzen von&#8230;<\/p>\n<h1><a title=\"Meine Rituale\" href=\"http:\/\/stillgeboren.de\/?p=26\">\u00a0Meine Rituale<\/a><\/h1>\n<p>Vor dem Tod von Tobias,\u00a0 habe ich sie bel\u00e4chelt, die RitualeTobistern34, als \u00dcberbleibsel, altmodisch und nicht mehr zeitgem\u00e4\u00df.<a href=\"http:\/\/stillgeboren.de\/wp-content\/uploads\/2015\/04\/Tobistern34.jpg\"><img loading=\"lazy\" class=\"alignright wp-image-35 size-thumbnail\" src=\"http:\/\/stillgeboren.de\/wp-content\/uploads\/2015\/04\/Tobistern34-150x150.jpg\" alt=\"Tobistern34\" width=\"150\" height=\"150\" \/><\/a><\/p>\n<p>Aber nach seinem Tod, habe ich sie entdeckt. Sie waren f\u00fcr mich die T\u00fcr, die mich wieder ins Leben f\u00fchrte, etwas an das ich mich halten konnte, wenigstens etwas, was wieder etwas Struktur in mein Leben brachte.<\/p>\n<h1><a title=\"F\u00fcr Tobias habe ich eine Kerze im Taufgottesdienst angez\u00fcndet\" href=\"http:\/\/stillgeboren.de\/?p=410\">F\u00fcr Tobias habe ich eine Kerze im Taufgottesdienst angez\u00fcndet<\/a><a href=\"http:\/\/stillgeboren.de\/wp-content\/uploads\/2015\/05\/Tobiaskerzealtar.jpg\"><img loading=\"lazy\" class=\"alignright size-thumbnail wp-image-411\" src=\"http:\/\/stillgeboren.de\/wp-content\/uploads\/2015\/05\/Tobiaskerzealtar-150x150.jpg\" alt=\"Tobiaskerzealtar\" width=\"150\" height=\"150\" \/><\/a><\/h1>\n<p>Heute hatte ich mal wieder die Gelegenheit, in unserer Gemeinde im Gottesdienst anl\u00e4\u00dflich einer Kollekte f\u00fcr die Verwaisten Eltern etwas zu erz\u00e4hlen. Ich habe das bereits zwei mal gemacht und nutze es immer, um auf die besondere Problematik aufmerksam zu machen. Da heute auch zwei Kinder getauft wurden, habe ich mir einen Wunsch erf\u00fcllt, den ich schon lange hatte: Ich habe heute im Gottesdienst an der Osterkerze eine Kerze f\u00fcr Tobias angez\u00fcndet und dazu das folgenden erz\u00e4hlt:<\/p>\n<h1><a title=\"Rituale als Lebenshilfe\" href=\"http:\/\/stillgeboren.de\/?p=414\">Rituale als Lebenshilfe<\/a><\/h1>\n<p>Aus \u201cGute Hoffnung \u2013 j\u00e4hes Ende\u201d von Hannah Lothrop, (6. Auflage 1998,S. 102)<\/p>\n<p>Rituale scheinen zu unserem Menschsein zutiefst dazuzugeh\u00f6ren. Rituale bauen Gemeinschaft auf und werden andererseits auch von ihr getragen. Wenn die Bedeutung von Ritualen in einer Kultur abnimmt, steigt oft die Orientierungslosigkeit.<\/p>\n<h1 class=\"entry-content\"><a title=\"Gezeiten Rituale\" href=\"http:\/\/stillgeboren.de\/?p=417\">Gezeiten der Trauer<\/a><\/h1>\n<p class=\"entry-content\">Artikel aus Ratgeber Frau und Familie<\/p>\n<p>Fast alle Kulturen haben spezielle Trauerriten, die helfen, den Verstorbenen zu ehren und gleichzeitig die Trauer in allgemein akzeptierte Bahnen zu lenken, ihr einen Rahmen zu geben. Rituale, gleich welcher Art, bieten auch die M\u00f6glichkeit, sich\u00a0 \u2013 eventuell in der Gemeinschaft mit anderen \u2013 neu auf den Toten zu besinnen und ihm die geb\u00fchrende Ehre zu erweisen. Das hilft den Trauernden, \u00fcber ihren direkten Schmerz hinwegzukommen.<\/p>\n<h1><a title=\"Therapeutische Aspekte der Trauer\" href=\"http:\/\/stillgeboren.de\/?p=419\">Therapeutische Aspekte der Trauer<\/a><\/h1>\n<p>aus Eltern trauern \u00fcber den Tod ihres Kindes<br \/>\nChristine Fleck-Bohaumilitzky<\/p>\n<p>Therapeutische Hilfen f\u00fcr Trauernde sind vor dem Hintergrund der neuzeitlichen Entwicklung zu sehen, dass Trauernde heute von Seiten der Gesellschaft kaum noch angemessene Hilfen erhalten. Der Trauernde ist weitgehend auf sich gestellt, ohne durch Trauerrituale bei der Bew\u00e4ltigung von Verlusterlebnissen unterst\u00fctzt zu werden.<\/p>\n<h1>\u00a0<a title=\"Einsendungen Rituale\" href=\"http:\/\/stillgeboren.de\/?p=428\">Einsendungen<\/a><\/h1>\n<p><span style=\"font-family: Arial Baltic,sans-serif;\">Ich m\u00f6chte dir von meinem \/unserem Ritual erz\u00e4hlen:<\/span><\/p>\n<p>Immer wenn wir zusammen (mein Mann, meine Tochter und ich) wegfahren, in Urlaub, oder einen Erlebnispark, wenn meine Tochter Spa\u00df hat und Eis-essen kann und so, dann ist auch immer etwas f\u00fcr Simon &#8222;drin&#8220;.<br \/>\nWir bringen aus jedem Urlaub oder besonderem Wochenende etwas f\u00fcr Simon mit, was wir ihm dann irgendwann auf&#8217;s Grab stellen.<\/p>\n<h1><a title=\",,Ich sehe deine Tr\u00e4nen\u201d\" href=\"http:\/\/stillgeboren.de\/?p=436\">,Ich sehe deine Tr\u00e4nen\u201d<\/a><\/h1>\n<p>Den Anfang dieses Tages bildete, wie bereits im letzten Jahr, ein \u00f6ffentlicher \u00f6kumenischer Gedenkgottesdienst in der T\u00fcbinger Stiftskirche. Dieser stand unter dem Thema ,,Ich sehe deine Tr\u00e4nen\u201d.<\/p>\n<h1><a title=\"Meine Mementos\" href=\"http:\/\/stillgeboren.de\/?p=446\"><strong>Meine Mementos<\/strong><\/a><\/h1>\n<p><a href=\"http:\/\/stillgeboren.de\/wp-content\/uploads\/2015\/05\/Erinnerungsstucke.jpg\"><img loading=\"lazy\" class=\"alignright size-thumbnail wp-image-459\" src=\"http:\/\/stillgeboren.de\/wp-content\/uploads\/2015\/05\/Erinnerungsstucke-150x150.jpg\" alt=\"Erinnerungsstucke\" width=\"150\" height=\"150\" \/><\/a>Als ich vor ein paar Tagen so bei uns durch\u2019s Haus ging fiel mir auf, da\u00df wir fast in jedem Zimmer bis auf Badezimmer und K\u00fcche etwas haben, was uns an Tobias erinnert. \u201eRichtige\u201c Ertobiastopfinnerungsst\u00fcck haben wir ja leider nicht, da ich Tobias still geboren habe und nichts vorher kaufen wollte. Aber ich habe alles gesammelt, was mich so in den letzten 5 Jahren auf meinen Weg durch die Trauer begleitet hat und mich an Tobias erinnert.<\/p>\n<h1><a title=\"Mementos aus dem Forum\" href=\"http:\/\/stillgeboren.de\/?p=438\">\u00a0Mementos aus dem Forum<\/a><a href=\"http:\/\/stillgeboren.de\/wp-content\/uploads\/2015\/04\/index.jpg\"><img loading=\"lazy\" class=\"alignright size-thumbnail wp-image-154\" src=\"http:\/\/stillgeboren.de\/wp-content\/uploads\/2015\/04\/index-150x141.jpg\" alt=\"Schmetterlingskinder\" width=\"150\" height=\"141\" \/><\/a><\/h1>\n<p>Auf meine Frage im Forum der Schmetterlingskinder, ob Ihr auch so viele ErinnerunSchmetterlingskindergsstr\u00fc cke an Eure Kinder habt, wurde die nachfolgenden Beitr\u00e4ge gepostet.<\/p>\n<h1><a title=\"Der Baum\" href=\"http:\/\/stillgeboren.de\/?p=463\">Der Baum<\/a><\/h1>\n<p>Ein Kapitel f\u00fcr Pirko \ud83d\ude09<\/p>\n<p>Einige Zeit nachdem Lara beerdigt war, fand ich f\u00fcr mich heraus, dass ich gerne einen Platz haben wollte, an dem ich Lara nahe sein konnte und der f\u00fcr mich aussagen <a href=\"http:\/\/stillgeboren.de\/wp-content\/uploads\/2015\/05\/LarasBaum1kl.jpg\"><img loading=\"lazy\" class=\"alignright size-thumbnail wp-image-464\" src=\"http:\/\/stillgeboren.de\/wp-content\/uploads\/2015\/05\/LarasBaum1kl-150x150.jpg\" alt=\"LarasBaum1kl\" width=\"150\" height=\"150\" \/><\/a>konnte, dass f\u00fcr mich das Leben noch nicht zu Ende war. Der Friedhof kam nicht in Frage, da ich Lara 800 km entfernt bei meiner Mutter beigesetzt hatte. Und auch heute noch, wo ich wieder in der N\u00e4he des Friedhofs lebe, bin ich kaum dort.<\/p>\n<h1><a title=\"Wenn ein Mensch gestorben ist \u2013 wie gehen wir mit dem Toten um?\" href=\"http:\/\/stillgeboren.de\/?p=469\">Wenn ein Mensch gestorben ist \u2013 wie gehen wir mit dem Toten um?<\/a><\/h1>\n<p>TauschBickelnDaniela Tausch-Flammer, Lis Bickel S. 181 ff.<\/p>\n<p>In der gegenw\u00e4rtigen Zeit haben aber viele Menschen den Zugang und das Verst\u00e4ndnis f\u00fcr die traditionell g<a href=\"http:\/\/stillgeboren.de\/wp-content\/uploads\/2015\/05\/TauschBickeln.jpg\"><img loading=\"lazy\" class=\"alignright size-thumbnail wp-image-470\" src=\"http:\/\/stillgeboren.de\/wp-content\/uploads\/2015\/05\/TauschBickeln-150x150.jpg\" alt=\"TauschBickeln\" width=\"150\" height=\"150\" \/><\/a>epflegten Rituale und kultischen Handlungen im Rahmen der Kirche verloren. Die Traditionen und die mit ihnen verbundene Geborgenheit haben sich vielerorts besonders in gro\u00dfst\u00e4dtisch Bev\u00f6lkerungskreisen immer mehr aufgel\u00f6st. Damit ist Entfremdung zwischen uns und den kultischen Handlungen eingetreten und das damit verbundene Gef\u00fchl des Befremdlichen ihnen gegen\u00fcber.<\/p>\n<h1><a title=\"Bis wir uns im Himmel wiedersehen\" href=\"http:\/\/stillgeboren.de\/?p=473\">Bis wir uns im Himmel wiedersehen<\/a><\/h1>\n<p><a href=\"http:\/\/stillgeboren.de\/wp-content\/uploads\/2015\/04\/AmselnGrun.jpg\"><img loading=\"lazy\" class=\"alignright wp-image-221 size-full\" src=\"http:\/\/stillgeboren.de\/wp-content\/uploads\/2015\/04\/AmselnGrun.jpg\" alt=\"AmselnGrun\" width=\"108\" height=\"140\" \/><\/a>Amseln Gr\u00fcn<\/p>\n<p>Fr\u00fchere Generationen haben f\u00fcr die Trauerzeit Rituale entwickelt, die ihnen helfen sollten, ihre Trauer auszudr\u00fccken und durch die Trauer zu neuer Lebensfreude zu finden. Heute tun wir uns schwer mit solchen Ritualen. Aber vielleicht kannst du dir selbst Rituale ausdenken, die dir in deiner Trauer gut tun. Es k\u00f6nnte ein Abschiedsritual sein, ein Vers\u00f6hnungsritual oder ein Vergebungsritual. Du k\u00f6nntest auf verschiedene Bl\u00e4tter schreiben, an welche Be<\/p>\n","protected":false},"excerpt":{"rendered":"<p>Aber nach seinem Tod, habe ich sie entdeckt. Sie waren f\u00fcr mich die T\u00fcr, die mich wieder ins Leben f\u00fchrte, etwas an das ich mich halten konnte, wenigstens etwas, was wieder etwas Struktur in mein Leben brachte. Hier m\u00f6chte ich \u00fcber ganz pers\u00f6nlichen Ritualen berichten. Rituale, die uns an unsere Sternenkinder erinnern, Rituale wie wir &hellip; <a href=\"http:\/\/stillgeboren.de\/?page_id=404\" class=\"more-link\"><span class=\"screen-reader-text\">Rituale<\/span> weiterlesen <span class=\"meta-nav\">&rarr;<\/span><\/a><\/p>\n","protected":false},"author":2,"featured_media":0,"parent":70,"menu_order":0,"comment_status":"closed","ping_status":"closed","template":"","meta":[],"_links":{"self":[{"href":"http:\/\/stillgeboren.de\/index.php?rest_route=\/wp\/v2\/pages\/404"}],"collection":[{"href":"http:\/\/stillgeboren.de\/index.php?rest_route=\/wp\/v2\/pages"}],"about":[{"href":"http:\/\/stillgeboren.de\/index.php?rest_route=\/wp\/v2\/types\/page"}],"author":[{"embeddable":true,"href":"http:\/\/stillgeboren.de\/index.php?rest_route=\/wp\/v2\/users\/2"}],"replies":[{"embeddable":true,"href":"http:\/\/stillgeboren.de\/index.php?rest_route=%2Fwp%2Fv2%2Fcomments&post=404"}],"version-history":[{"count":16,"href":"http:\/\/stillgeboren.de\/index.php?rest_route=\/wp\/v2\/pages\/404\/revisions"}],"predecessor-version":[{"id":477,"href":"http:\/\/stillgeboren.de\/index.php?rest_route=\/wp\/v2\/pages\/404\/revisions\/477"}],"up":[{"embeddable":true,"href":"http:\/\/stillgeboren.de\/index.php?rest_route=\/wp\/v2\/pages\/70"}],"wp:attachment":[{"href":"http:\/\/stillgeboren.de\/index.php?rest_route=%2Fwp%2Fv2%2Fmedia&parent=404"}],"curies":[{"name":"wp","href":"https:\/\/api.w.org\/{rel}","templated":true}]}}