{"id":480,"date":"2015-05-01T21:08:42","date_gmt":"2015-05-01T19:08:42","guid":{"rendered":"http:\/\/stillgeboren.de\/?page_id=480"},"modified":"2015-05-02T14:59:43","modified_gmt":"2015-05-02T12:59:43","slug":"glaube","status":"publish","type":"page","link":"http:\/\/stillgeboren.de\/?page_id=480","title":{"rendered":"Glaube"},"content":{"rendered":"<h1><a title=\"Mein Glaube\" href=\"http:\/\/stillgeboren.de\/?p=29\">Mein Glaube<\/a><\/h1>\n<p>G\u00a0 eborgenheit in Deiner Hand mein Gott<br \/>\nL\u00a0 iebe gist du bedingungslos<br \/>\nA\u00a0 nnehmen tust du mich so wie ich bin<br \/>\nU\u00a0 rvertrauen ist ganz tief in mir<br \/>\nB\u00a0 und an den mich der Regenbogen erinnert<br \/>\nE\u00a0 nergie die niemals versigt<\/p>\n<p>Gleich nachdem ich aus dem Krankenhaus kam, bin ich in mein Zimmer gegangen, habe mir das Vornamensbuch genommen und erst einmal nachgeguckt, was der Name Tobias bedeutet.<\/p>\n<h1><a title=\"\u201cIn einem Krug hebst du meine Tr\u00e4nen bei dir auf; und zeichnest sie auf in deinem Buch des Lebens.\u201d\" href=\"http:\/\/stillgeboren.de\/?p=402\">\u201cIn einem Krug hebst du meine Tr\u00e4nen bei dir auf; und zeichnest sie auf in deinem Buch des Lebens.\u201d<\/a><\/h1>\n<p>GedenkGottesdienst f\u00fcr verstorbene Kinder:T\u00f6chter und S\u00f6hne, Geschwister und Enkel<\/p>\n<p>Wir sind hier zusammen gekommen mit ganz unterschiedlichen Vorstellungen, als Hadernde und Zuversichtliche, als Zweifelnde und Glaubende, als Menschen, die im Glauben leben, und als<\/p>\n<h1><a title=\"\u201cMein Engel!\u201d\" href=\"http:\/\/stillgeboren.de\/?p=400\">\u201cMein Engel!\u201d<\/a><\/h1>\n<p>Wie oft habe ich zu meinen Kindern gesagt:<br \/>\n\u201cMein Engel!\u201d<br \/>\nWas bewegte mich eigentlich dazu, \u201cmein Engel\u201d zu sagen?<br \/>\nHier sitze ich und stelle mir diese Frage und lausche auf eine Antwort. LEERE!<br \/>\nIch merke, dass ich es nicht d e n k e n kann. Ich kann es nur f\u00fchlend ertasten. \u201cMein Engel!\u201d<\/p>\n<h1><a title=\"Sterne in der Nacht\" href=\"http:\/\/stillgeboren.de\/?p=398\">Sterne in der Nacht<\/a><\/h1>\n<p>Botschaften von Kindern an der Grenze des Lebens von Rainer Krockauer<br \/>\nVon der Gewissheit, aufgefangen zu werden<\/p>\n<p>Selmas Wunsch war, wie sich die Mitsch\u00fclerin erinnert, nach dem Leben \u00bbbei Gott zu sein, bei dem, der ihr half, den Weg ihres Lebens zu gehen\u00ab. Ihre Kraft sei zwar zu Ende gegangen, aber ihr Glaube sei geblieben. Es war der Glaube, der sich anschaulich in jenem Satz ihres Sterbebildes ausdr\u00fcckt. \u00bbDu NAHMST mich, Herr, BEI DER HAND und f\u00fchrtest mich nach deinem Willen.\u00ab<\/p>\n<h1><a title=\"\u201eWorauf sie sich verlassen k\u00f6nnen\u201c\" href=\"http:\/\/stillgeboren.de\/?p=396\">\u00a0\u201eWorauf sie sich verlassen k\u00f6nnen\u201c<\/a><\/h1>\n<p>Teil III Hindernisse auf dem Weg, Seminar zu Grundfragen des christlichen Glaubens von Eckard H. Krause.<br \/>\nZusammengefa\u00dft aus einem Tonmitschnitt von Pirko Silke Lehmitz Februar 2003 Gemeinde Bugenhagen Gesamtmitschrift (9 Dina 4 Seiten)<br \/>\nGottesbilder<br \/>\nJeder, der \u00fcber diese Erde geht hat ein Bild von Gott, was es einem schwer macht zu glauben, weil man nicht offen ist, etwas neues zu erfahren oder Gott wirklich, wie er ist, kennen zulernen. Es gibt zwei extreme Gottesbilder:<\/p>\n<h1><a title=\"Posting Schmetterlingsforum Strafe Gottes?\" href=\"http:\/\/stillgeboren.de\/?p=389\">\u00a0Posting Schmetterlingsforum Strafe Gottes?<\/a><\/h1>\n<p>SchmetterlingskinderDie nachfolgenden Beitr\u00e4ge wurden im Forum der Schmetterlingskind er gepostet. Ich fand sie so interessant, da\u00df ich sie hier wiedergeben m\u00f6chte.<br \/>\n\u201cStrafe Gottes?\u201d<br \/>\ngeschrieben von Katrin21 am 17-01-2003 um 12:52 Uhr<br \/>\nHallo ihr alle!<br \/>\nObwohl ich eigentlich kein besonders religi\u00f6ser Mensch bin muss ich jetzt doch mal einen Gedanken loswerden, der mir einfach immer wieder kommt: War es eine Strafe&#8230;<\/p>\n<h1><a title=\"Warum hat Gott das zugelassen?\" href=\"http:\/\/stillgeboren.de\/?p=385\">\u00a0Warum hat Gott das zugelassen?<\/a><\/h1>\n<p>Aus dem Weihnachtsheft des Bundesverbandes der Verwaisten Eltern in Deutschland<\/p>\n<p>Ich bin Mutter von vier Kindern. Sabrina, geb. im Februar 1988, Corinna, geb. im September 1990. Am 18.12.1993 wurde mein Sohn Dominik geboren. Er war ein lebenslustiges gesundes Kind und hat mir viel Freude bereitet. Er war mein Sonnenschein, den ich \u00fcber alles geliebt habe und f\u00fcr den ich im Nachhinein gesehen viel zu wenig Zeit gehabt habe. Dominik war 1,5 Jahre alt, als ich wieder&#8230;<\/p>\n<h1><a title=\"Auf Alt\u00e4re wollte ich schlagen\" href=\"http:\/\/stillgeboren.de\/?p=383\">Auf Alt\u00e4re wollte ich schlagen<\/a><\/h1>\n<p>aus dem Weihnachtsheft des Bundesverbandes Verwaiste Eltern in Deutschland<\/p>\n<p style=\"text-align: left;\" align=\"CENTER\">\u201eMikael ist tot\u201c. Dieser Satz steht mitten im Raum. Ich bin nirgends. Der Raum wird endlos, hat keine Grenzen, ist luftleer, ist farblos. \u201eIhm geht es gut!\u201c Niemand sagt dies, doch ich h\u00f6re es, laut und deutlich. \u201eMikael ist tot\u201c, dieser Satz im Raum wird gr\u00f6\u00dfer, wird schwarz und schw\u00e4rzer, dehnt sich, f\u00fcllt den Raum, ballt sich&#8230;<\/p>\n<h1 style=\"text-align: left;\" align=\"CENTER\"><a title=\"Hiob, warum l\u00e4\u00dft Gott zu, da\u00df es mir so schlecht geht?\" href=\"http:\/\/stillgeboren.de\/?p=500\">Hiob, warum l\u00e4\u00dft Gott zu, da\u00df es mir so schlecht geht?<\/a><\/h1>\n<p align=\"JUSTIFY\"><span style=\"font-family: Arial Baltic,sans-serif;\"><b>Aus \u201eMit Menschen der Bibel Lebenskrisen \u00fcberwinden<br \/>\n\u2013 zum Beispiel Hiob\u201c, Wolfgang Hohensee<\/b><\/span><\/p>\n<p align=\"JUSTIFY\"><span style=\"font-family: Arial Baltic,sans-serif;\">D<a title=\"B\u00fcchertipps\" href=\"http:\/\/stillgeboren.de\/?p=200\"><img loading=\"lazy\" class=\"alignright wp-image-162 size-thumbnail\" src=\"http:\/\/stillgeboren.de\/wp-content\/uploads\/2015\/04\/Hiob-150x150.jpg\" alt=\"Hiob\" width=\"150\" height=\"150\" \/><\/a>er Mensch ist versucht oder besser gesagt, er ist geradezu gezwungen, eine Antwort auf die Frage nach dem Sinn von Leid zu finden. Dabei bedient er sich einer Vielzahl m\u00f6glicher Antworten, die ihm gleichsam als rettender Strohhalm dienen sollen.<\/span><\/p>\n<h1><a title=\"Das Licht auf meinem Weg\" href=\"http:\/\/stillgeboren.de\/?p=378\">Das Licht auf meinem Weg<\/a><\/h1>\n<p>aus dem Weihnachtsheft des Bundesverbandes Verwaiste Eltern in Deutschland<\/p>\n<p>Mein Weg ist ein Weg durch ein dunkles Tal. Ein Weg durch viele Fragen, \u00c4ngste, Unsicherheiten, viel Wut und Traurigkeit. Ich gehe diesen Weg seit dem 16.11.2001. An diesem Tag habe ich erfahren, dass mein kleiner Sohn Marlon nicht mehr lebt. Ich war in der 39. Schwangerschaftswoche. Bis dahin war die Schwangerschaft v\u00f6llig problemlos. Am 17.11.2001 wurde unser Marlon still geboren.<\/p>\n<h1><a title=\"Der Trost des christlichen Glaubens\" href=\"http:\/\/stillgeboren.de\/?p=359\">Der Trost des christlichen Glaubens<\/a><\/h1>\n<p>von Peter Godzik<\/p>\n<p>Religi\u00f6se Menschen werden in ihrer Trauer Zuflucht bei Gott suchen und ihr Kind aufgehoben wissen bei Gott. Er ist es, der es gegeben und wieder zu sich genommen hat. Durch allen Schmerz und alle Traurigkeit hindurch kann das unbedingte Vertrauen auf seine G\u00fcte und Hilfe einen tragenden Grund bilden. Denn: \u00bbUnsere Kinder sind nicht unsere Kinder\u00ab (Kahlil Gibran). Sie geh\u00f6ren<\/p>\n<h1><a title=\"Posting Schmetterlingskinder: Glaube\" href=\"http:\/\/stillgeboren.de\/?p=372\">Posting Schmetterlingskinder: Glaube<\/a><\/h1>\n<p>SchmetterlingskinderDie nachfolgenden Beitr\u00e4ge wurden im Forum der Schmetterlingskinder gepostet. Ich fand sie so interesant, da\u00df ich sie hier wiedergeben m\u00f6chte.<br \/>\nKann es einen gerechten Gott geben ?\u201d<\/p>\n<p>geschrieben von birgit69 am 04-11-2001 um 00:22 Uhr<\/p>\n<p>Vielleicht ist das eine ungew\u00f6hnliche Frage, aber sie besch\u00e4ftigt mich momentan wirklich sehr.<\/p>\n<h1><a title=\"Gedanken zur Adventszeit\" href=\"http:\/\/stillgeboren.de\/?p=367\">Gedanken zur Adventszeit<\/a><\/h1>\n<p><strong>Ellen Ringhausen, Pastorin<\/strong><br \/>\n<strong>Seelsorgerin in der Kinderklinik L\u00fcneburg<\/strong><br \/>\nIn einer Reihe von Kirchen finden in diesen Wochen vor Weihnachten Gedenkgottesdienste f\u00fcr verwaiste Eltern und ihre Angeh\u00f6rige statt. Da wird in besonderer Weise der verstorbenen Kinder gedacht, die in diesem Jahr und in den vergangenen Jahren verstorben sind. Alle, die sich versammelt haben, sind von der Trauer gezeichnet, da\u00df sie nicht mehr sagen k\u00f6nnen: \u201cMein Kind lebt und es geht ihm gut\u201d, sondern: \u201cEs ist tot und es fehlt mir immer wieder so sehr.\u201d<\/p>\n<h1><a title=\"Wo ist Gott, wenn ein Kind stirbt?\" href=\"http:\/\/stillgeboren.de\/?p=365\">Wo ist Gott, wenn ein Kind stirbt?<\/a><\/h1>\n<p>von Reinhard Behnke<\/p>\n<p>Ich bin bescheidener geworden. Der Gott, an den ich glaubte, hat im Kinderkrankenhaus Federn gelassen: die Allmachtsfeder, die Wunderfeder, die Es-wird-immer-alles-gut-Feder. Allmacht und Wunder \u2014 das waren f\u00fcr mich so etwas wie Markenzeichen im guten Sinn. Ich hatte sie \u2014 so war das nun mal aus den biblischen<\/p>\n<h1 style=\"text-align: left;\" align=\"CENTER\"><a title=\"Ansprache zum \u201cGedenkgottesdienst f\u00fcr verstorbene Kinder\u201d Frankfurter Kirchentag, 15. Juni 2001\" href=\"http:\/\/stillgeboren.de\/?p=356\">Ansprache zum \u201cGedenkgottesdienst f\u00fcr verstorbene Kinder\u201d Frankfurter Kirchentag<\/a><\/h1>\n<p><strong><span style=\"font-family: Arial Baltic,sans-serif;\">von Kristiane Voll<br \/>\n<\/span><\/strong><span style=\"font-family: Arial Baltic,sans-serif;\">Liebe Mitmenschen! Und ganz besonders: Liebe M\u00fctter, V\u00e4ter, Geschwister und Familienangeh\u00f6rige, die Sie und<a href=\"http:\/\/stillgeboren.de\/wp-content\/uploads\/2015\/04\/Kirchentag.jpg\"><img loading=\"lazy\" class=\"alignright wp-image-357 size-thumbnail\" src=\"http:\/\/stillgeboren.de\/wp-content\/uploads\/2015\/04\/Kirchentag-150x150.jpg\" alt=\"Kirchentag\" width=\"150\" height=\"150\" \/><\/a> Ihr um ein verstorbenes Kind in Ihren Familien trauern!<br \/>\nZu Beginn dieses Gottesdienstes haben wir Klagen geh\u00f6rt. Klagen zu k\u00f6nnen und zu d\u00fcrfen ist auf den ganz unterschiedlichen Wegen durch die Trauer <\/span><\/p>\n<h1><a title=\"Einsendungen Glaube\" href=\"http:\/\/stillgeboren.de\/?p=363\">Einsendungen Glaube<\/a><\/h1>\n<p>Mein kleines B\u00e4rchen,<br \/>\nehe es Dich gab, da machte mir der Tod Angst,<br \/>\nheute bin ich mir sicher, dann zu Dir zu gehen.<br \/>\nEhe es Dich gab, da glaubte ich nicht daran, da\u00df es zwischen Himmel und Erde etwas gibt,<br \/>\ndoch Du hast mich davon \u00fcberzeugt, da ist mehr, als wir jemals erahnen k\u00f6nnen.<\/p>\n<h2><a title=\"Predigt aus dem Gottesdienst Zwischenhalt \u201eAbschiednehmen\u201c\" href=\"http:\/\/stillgeboren.de\/?p=530\">Predigt aus dem Gottesdienst Zwischenhalt \u201eAbschiednehmen\u201c<\/a><\/h2>\n<figure id=\"attachment_531\" aria-describedby=\"caption-attachment-531\" style=\"width: 194px\" class=\"wp-caption alignright\"><a href=\"http:\/\/stillgeboren.de\/wp-content\/uploads\/2015\/05\/Abschiednehmen06.jpg\"><img loading=\"lazy\" class=\"wp-image-531 size-full\" src=\"http:\/\/stillgeboren.de\/wp-content\/uploads\/2015\/05\/Abschiednehmen06.jpg\" alt=\"Abschiednehmen06\" width=\"194\" height=\"226\" \/><\/a><figcaption id=\"caption-attachment-531\" class=\"wp-caption-text\">Pastorin B\u00fcrig<\/figcaption><\/figure>\n<p><strong>von Pastorin Christiane B\u00fcrig<\/strong><\/p>\n<p>Liebe Gemeinde,<\/p>\n<p>das Leben besteht aus Abschieden. Ich denke zun\u00e4chst an die vielen kleinen Abschiede im Alltag. Wie oft sagen wir Tsch\u00fc\u00df! Oder: bis Morgen!<\/p>\n<p>Und es geh\u00f6rt auch mancher&#8230;.<\/p>\n","protected":false},"excerpt":{"rendered":"<p>Mein Glaube G\u00a0 eborgenheit in Deiner Hand mein Gott L\u00a0 iebe gist du bedingungslos A\u00a0 nnehmen tust du mich so wie ich bin U\u00a0 rvertrauen ist ganz tief in mir B\u00a0 und an den mich der Regenbogen erinnert E\u00a0 nergie die niemals versigt Gleich nachdem ich aus dem Krankenhaus kam, bin ich in mein Zimmer &hellip; <a href=\"http:\/\/stillgeboren.de\/?page_id=480\" class=\"more-link\"><span class=\"screen-reader-text\">Glaube<\/span> weiterlesen <span class=\"meta-nav\">&rarr;<\/span><\/a><\/p>\n","protected":false},"author":2,"featured_media":0,"parent":70,"menu_order":0,"comment_status":"closed","ping_status":"closed","template":"","meta":[],"_links":{"self":[{"href":"http:\/\/stillgeboren.de\/index.php?rest_route=\/wp\/v2\/pages\/480"}],"collection":[{"href":"http:\/\/stillgeboren.de\/index.php?rest_route=\/wp\/v2\/pages"}],"about":[{"href":"http:\/\/stillgeboren.de\/index.php?rest_route=\/wp\/v2\/types\/page"}],"author":[{"embeddable":true,"href":"http:\/\/stillgeboren.de\/index.php?rest_route=\/wp\/v2\/users\/2"}],"replies":[{"embeddable":true,"href":"http:\/\/stillgeboren.de\/index.php?rest_route=%2Fwp%2Fv2%2Fcomments&post=480"}],"version-history":[{"count":17,"href":"http:\/\/stillgeboren.de\/index.php?rest_route=\/wp\/v2\/pages\/480\/revisions"}],"predecessor-version":[{"id":533,"href":"http:\/\/stillgeboren.de\/index.php?rest_route=\/wp\/v2\/pages\/480\/revisions\/533"}],"up":[{"embeddable":true,"href":"http:\/\/stillgeboren.de\/index.php?rest_route=\/wp\/v2\/pages\/70"}],"wp:attachment":[{"href":"http:\/\/stillgeboren.de\/index.php?rest_route=%2Fwp%2Fv2%2Fmedia&parent=480"}],"curies":[{"name":"wp","href":"https:\/\/api.w.org\/{rel}","templated":true}]}}