{"id":495,"date":"2015-05-01T21:20:43","date_gmt":"2015-05-01T19:20:43","guid":{"rendered":"http:\/\/stillgeboren.de\/?page_id=495"},"modified":"2015-05-03T19:07:49","modified_gmt":"2015-05-03T17:07:49","slug":"symbole-2","status":"publish","type":"page","link":"http:\/\/stillgeboren.de\/?page_id=495","title":{"rendered":"Symbole"},"content":{"rendered":"<h2>Weg<\/h2>\n<p>Der wohl bekannteste Weg ist der Trauerweg. Es ist interessant, da\u00df<\/p>\n<h2><a href=\"http:\/\/stillgeboren.de\/wp-content\/uploads\/2015\/04\/weg1.jpg\"><img loading=\"lazy\" class=\" size-medium wp-image-184 alignright\" src=\"http:\/\/stillgeboren.de\/wp-content\/uploads\/2015\/04\/weg1-203x300.jpg\" alt=\"weg1\" width=\"203\" height=\"300\" srcset=\"http:\/\/stillgeboren.de\/wp-content\/uploads\/2015\/04\/weg1-203x300.jpg 203w, http:\/\/stillgeboren.de\/wp-content\/uploads\/2015\/04\/weg1.jpg 270w\" sizes=\"(max-width: 203px) 100vw, 203px\" \/><\/a><\/h2>\n<p>so viele Trauernde, wenn sie von ihrer Trauer sprechen, daf\u00fcr das Bild des Weges w\u00e4hlen. So f\u00e4ngt auch Birgit ihren Bericht damit an:<\/p>\n<p>\u201cMein Weg ist ein Weg durch ein dunkles Tal. Ein Weg durch viele Fragen, \u00c4ngste, Unsicherheiten, viel Wut und Traurigkeit. Ich gehe diesen Weg seit dem 16.11.2001. An diesem Tag habe ich erfahren, dass mein kleiner Sohn Marlon nicht mehr lebt&#8230;\u201d<\/p>\n<ul>\n<li>\n<h3><a title=\"Weg\" href=\"http:\/\/stillgeboren.de\/?p=715\">Sammlung zum Thema Weg<\/a><\/h3>\n<\/li>\n<li>\n<h3><a title=\"Weg\" href=\"http:\/\/stillgeboren.de\/?p=715\">Gedichte zum Thema Weg<\/a><\/h3>\n<\/li>\n<li>\n<h3><a title=\"Das Licht auf meinem Weg\" href=\"http:\/\/stillgeboren.de\/?p=378\">Das Licht auf meinem Weg<\/a><\/h3>\n<\/li>\n<li>\n<h3><a title=\"DurchKREUTZEWege\" href=\"http:\/\/stillgeboren.de\/?p=642\">Durchkreuzte Wege<\/a><\/h3>\n<\/li>\n<\/ul>\n<p>&nbsp;<\/p>\n<h2>Schmetterling<\/h2>\n<h2><a href=\"http:\/\/stillgeboren.de\/wp-content\/uploads\/2015\/04\/Schmetterling.jpg\"><img loading=\"lazy\" class=\" size-medium wp-image-183 alignright\" src=\"http:\/\/stillgeboren.de\/wp-content\/uploads\/2015\/04\/Schmetterling-300x264.jpg\" alt=\"Schmetterling\" width=\"300\" height=\"264\" srcset=\"http:\/\/stillgeboren.de\/wp-content\/uploads\/2015\/04\/Schmetterling-300x264.jpg 300w, http:\/\/stillgeboren.de\/wp-content\/uploads\/2015\/04\/Schmetterling.jpg 425w\" sizes=\"(max-width: 300px) 100vw, 300px\" \/><\/a><\/h2>\n<p>Zur Geburt unseres zweiten Sohnes Pascal haben wir von einer Freundin einen Schmetterlingsflieder mit dem Hinweis geschenkt bekommen:\u201cEr wird, wenn er bl\u00fcht, viele Schmetterlinge anlocken.\u201c Inzwischen sind drei Jahre vergangen und seit gestern bl\u00fcht er wieder&#8230;.<\/p>\n<p>Das Sterbeerlebnis ist fast identisch mit der Geburt. Es ist eine Geburt in eine andere Existenz. Im Moment des Todes gibt es drei Stufen. Der k\u00f6rperliche Tod ist mit dem Geschehen identisch, wie wir es bei dem Heraustreten des Schmetterlings aus dem Kokon sehen k\u00f6nnen&#8230;<\/p>\n<ul>\n<li>\n<h2><a title=\"SCHMETTERLINGE\" href=\"http:\/\/stillgeboren.de\/?p=591\">Sammlung zum Thema Schmetterling<\/a><\/h2>\n<\/li>\n<li>\n<h2><a title=\"Mein kleiner Schmetterling\" href=\"http:\/\/stillgeboren.de\/?p=241\">Mein kleiner Schmetterling<\/a><\/h2>\n<\/li>\n<li>\n<h2><a title=\"\u201cDie Werkstatt der Schmetterlinge\u201d\" href=\"http:\/\/stillgeboren.de\/?p=587\">Werkstatt der Schmetterlinge<\/a><\/h2>\n<\/li>\n<li>\n<h2><a title=\"Gedenkgottesdienst der Selbsthilfegruppen Verwaiste Eltern  Schmalkalden zum  Thema Schmetterlinge\" href=\"http:\/\/stillgeboren.de\/?p=581\">Gedenkgottesdienst mit dem\u00a0 Thema Schmetterling<\/a><\/h2>\n<\/li>\n<\/ul>\n<h2>W\u00fcste<\/h2>\n<h2><a href=\"http:\/\/www.pixelio.de\/\"><img loading=\"lazy\" class=\" wp-image-193 size-medium alignright\" src=\"http:\/\/stillgeboren.de\/wp-content\/uploads\/2015\/04\/W\u00fcste3-300x225.jpg\" alt=\"W\u00fcste3\" width=\"300\" height=\"225\" srcset=\"http:\/\/stillgeboren.de\/wp-content\/uploads\/2015\/04\/W\u00fcste3-300x225.jpg 300w, http:\/\/stillgeboren.de\/wp-content\/uploads\/2015\/04\/W\u00fcste3.jpg 400w\" sizes=\"(max-width: 300px) 100vw, 300px\" \/><\/a><\/h2>\n<p>Sinnbild f\u00fcr die Gef\u00fchle der Leere, Trostlosigkeit, scheinbare Leblosigkeit und f\u00fcr das unertr\u00e4gliche in der Trauer<\/p>\n<p>Viele Texte und Gedichte rund ums Thema W\u00fcste<\/p>\n<p>Trauernde, Traurige, Verzweifelte erleben sich oft wie auf W\u00fcstenwegen. Der Verlust \u2013 der Tod des vertrauten, geliebten Menschen \u2013 der Tod eines Kindes \u2013 hat aus einer bewachsenen, bl\u00fchenden Landschaft eine W\u00fcste werden lassen. Und dort nun \u2013 in dieser unbekannten, unwirtlichen Gegend \u2013 in der W\u00fcste \u2013 m\u00fcssen sie einen Weg finden&#8230;<\/p>\n<h2>Taube<\/h2>\n<p><a href=\"http:\/\/www.pixelio.de\"><img loading=\"lazy\" class=\" size-medium wp-image-197 alignright\" src=\"http:\/\/stillgeboren.de\/wp-content\/uploads\/2015\/04\/Taube-287x300.jpg\" alt=\"Taube\" width=\"287\" height=\"300\" srcset=\"http:\/\/stillgeboren.de\/wp-content\/uploads\/2015\/04\/Taube-287x300.jpg 287w, http:\/\/stillgeboren.de\/wp-content\/uploads\/2015\/04\/Taube.jpg 383w\" sizes=\"(max-width: 287px) 100vw, 287px\" \/><\/a>Symbol der Treue, des Friedens und der Trauer<\/p>\n<p>Viele Texte, Gedichte und Geschichte rund um den Begriff Taube.<\/p>\n<p>\u201cDoch als Jonathan es an jenem Abend h\u00f6rte, lachte er und sagte: \u00bbDu, Kr\u00fcmel, vielleicht kommst auch du eines Abends zu mir geflogen. Aus Nangijala. Und sitzt als schneewei\u00dfe Taube auf dem Fensterblech, tu das doch bitte!\u00ab\u201d mehr<\/p>\n<h2>Licht<\/h2>\n<h2><a href=\"http:\/\/stillgeboren.de\/wp-content\/uploads\/2015\/04\/kerzeengel.jpg\"><img loading=\"lazy\" class=\" size-medium wp-image-181 alignright\" src=\"http:\/\/stillgeboren.de\/wp-content\/uploads\/2015\/04\/kerzeengel.jpg\" alt=\"DCF 1.0\" width=\"200\" height=\"267\" \/><\/a><\/h2>\n<p>In der Trauerbegleitung spielt das Licht eine bedeutende Rolle, sich zurechtzufinden, das Dunkel zu erhellen, W\u00e4rme zu schenken.<\/p>\n<p>Viele Texte, Gedichte und Geschichten rund ums Thema Licht<\/p>\n<p>Ein Licht anz\u00fcnden<br \/>\nnur f\u00fcr Dich<br \/>\nder Schein strahlt durch die Herzen<br \/>\nder Raum leuchtet warm &#8230;Mehr<\/p>\n<h2>Regenbogen<\/h2>\n<h2><a href=\"http:\/\/stillgeboren.de\/wp-content\/uploads\/2015\/04\/Regenbogen2kl.gif\"><img loading=\"lazy\" class=\" size-medium wp-image-180 alignright\" src=\"http:\/\/stillgeboren.de\/wp-content\/uploads\/2015\/04\/Regenbogen2kl-300x81.gif\" alt=\"Regenbogen2kl\" width=\"300\" height=\"81\" \/><\/a><\/h2>\n<p>Der Regenbogen ist ein altes Symbol f\u00fcr die Verbindung des G\u00f6ttlichen mit dem Menschen.<\/p>\n<p>Wir k\u00f6nnen in ihnen die traurigen und hoffnungsspendenden Elemente wiederentdecken.Wolken, Luft und Winde, die w\u00e4rmende Kraft der Sonne, oft unscheinbar im Hintergrund, kommen im Regenbogen zusammen.Fasziniert betrachten wir Regenb\u00f6gen, weil wir ihr Kommen und Gehen nicht in unserer Hand haben. Mehr<\/p>\n<h2>Engel<\/h2>\n<p>Viele Texte, Gedichte und Geschichte rund um den Begriff<\/p>\n<h2><a href=\"http:\/\/stillgeboren.de\/wp-content\/uploads\/2015\/04\/Schopfungsengel2kl.jpg\"><img loading=\"lazy\" class=\" size-medium wp-image-179 alignright\" src=\"http:\/\/stillgeboren.de\/wp-content\/uploads\/2015\/04\/Schopfungsengel2kl-208x300.jpg\" alt=\"Schopfungsengel2kl\" width=\"208\" height=\"300\" srcset=\"http:\/\/stillgeboren.de\/wp-content\/uploads\/2015\/04\/Schopfungsengel2kl-208x300.jpg 208w, http:\/\/stillgeboren.de\/wp-content\/uploads\/2015\/04\/Schopfungsengel2kl.jpg 315w\" sizes=\"(max-width: 208px) 100vw, 208px\" \/><\/a><\/h2>\n<p>Es ist nicht immer klar, ob Engel selbst\u00e4ndige Wesen sind oder nur Bilder f\u00fcr Gottes liebende und tr\u00f6stende Gegenwart. Sicher ist dies: Engel sind Botschafter einer anderen, tieferen Wirklichkeit f\u00fcr die Menschen. Die Vorstellungen, die wir mit ihnen verbinden, sind kostbare Bilder, Imaginationen einer Sehnsucht nach einer anderen Welt der Geborgenheit und Gleichg\u00fcltigkeit, der Sch\u00f6nheit und Hoffnung.<\/p>\n<ul>\n<li><a title=\"\u201cMein Engel!\u201d\" href=\"http:\/\/stillgeboren.de\/?p=400\">\u201cMein Engel!\u201d<\/a><\/li>\n<\/ul>\n<p>&nbsp;<\/p>\n<h2>Fr\u00fchling<\/h2>\n<h2><a href=\"http:\/\/stillgeboren.de\/wp-content\/uploads\/2015\/04\/Erdmutefruhlingkl.gif\"><img loading=\"lazy\" class=\" size-medium wp-image-178 alignright\" src=\"http:\/\/stillgeboren.de\/wp-content\/uploads\/2015\/04\/Erdmutefruhlingkl.gif\" alt=\"Erdmutefruhlingkl\" width=\"216\" height=\"295\" \/><\/a><\/h2>\n<p>F\u00fcr Trauernde ist der Fr\u00fchling oft nur schwer zu ertragen &#8211; Wachsen, Erbl\u00fchen, Hoffnung &#8211; auf der einen Seite, Trauer, Schmerz, Verzweiflung &#8211; auf der anderen Seite.<\/p>\n<p>&#8230;All das nehmen Menschen in Trauer oft nicht wahr. Die Welt zeigt sich grau und schwer, farb- und klanglos, der Fr\u00fchling l\u00e4\u00dft sich nicht entdecken. Die Farben der Trauer umh\u00fcllen die Farben des Fr\u00fchlings &#8211; sie legen sich auf die Seele und verh\u00fcllen jenen Ort in uns, der ein wenig ahnen l\u00e4sst, wie sich Fr\u00fchling in der Trauer anf\u00fchlt.\u00a0 Mehr<\/p>\n<h2>Br\u00fccken<\/h2>\n<h2><a href=\"http:\/\/stillgeboren.de\/wp-content\/uploads\/2015\/04\/BruckeZink.jpg\"><img loading=\"lazy\" class=\" size-medium wp-image-177 alignright\" src=\"http:\/\/stillgeboren.de\/wp-content\/uploads\/2015\/04\/BruckeZink-291x300.jpg\" alt=\"BruckeZink\" width=\"291\" height=\"300\" srcset=\"http:\/\/stillgeboren.de\/wp-content\/uploads\/2015\/04\/BruckeZink-291x300.jpg 291w, http:\/\/stillgeboren.de\/wp-content\/uploads\/2015\/04\/BruckeZink.jpg 473w\" sizes=\"(max-width: 291px) 100vw, 291px\" \/><\/a><\/h2>\n<p>Das ist das Land der Lebenden<br \/>\nUnd da ist ein Land der Toten.<br \/>\nDie Br\u00fccke zwischen ihnen ist<br \/>\nDie Liebe &#8211; das einzig Bleibende &#8211;<br \/>\nDer einzige Sinn.<\/p>\n<p>Manche von uns sind vielleicht schon sehr weit in ihrer Trauerverarbeitung \u2014 die Br\u00fccken werden langsam begehbar und sogar schon belastbar. Andere von uns f\u00fchlen die Trauer und den Schmerz noch so frisch und entsetzlich leidvoll &#8211; der Abgrund tut sich auf. Alle Br\u00fccken scheinen abgebrochen zu sein \u2014auch die, von denen wir immer annahmen, sie w\u00e4ren auf ewige Zeit belastbar. Mehr<\/p>\n<h2>Strand und Meer<\/h2>\n<p>Was gibt es sch\u00f6neres als am Strand spazieren zu gehen, egal ob die<\/p>\n<h2><a href=\"http:\/\/stillgeboren.de\/wp-content\/uploads\/2015\/04\/Strandbild.jpg\"><img loading=\"lazy\" class=\" size-medium wp-image-176 alignright\" src=\"http:\/\/stillgeboren.de\/wp-content\/uploads\/2015\/04\/Strandbild-300x225.jpg\" alt=\"Strandbild\" width=\"300\" height=\"225\" srcset=\"http:\/\/stillgeboren.de\/wp-content\/uploads\/2015\/04\/Strandbild-300x225.jpg 300w, http:\/\/stillgeboren.de\/wp-content\/uploads\/2015\/04\/Strandbild.jpg 340w\" sizes=\"(max-width: 300px) 100vw, 300px\" \/><\/a><\/h2>\n<p>Sonne scheint oder es regnet, Hauptsache es ist warm genug, da\u00df ich barfu\u00df gehen kann. Ich will den Sand und das Wasser sp\u00fcren.<\/p>\n<p>Der Horizont begrenzt den Blick nicht, er kann frei auf dem Wasser schweifen, so wie auch die Gedanke frei kommen und gehen, ohne Begrenzung, Regeln und Zwang..Mehr.<\/p>\n","protected":false},"excerpt":{"rendered":"<p>Weg Der wohl bekannteste Weg ist der Trauerweg. Es ist interessant, da\u00df so viele Trauernde, wenn sie von ihrer Trauer sprechen, daf\u00fcr das Bild des Weges w\u00e4hlen. So f\u00e4ngt auch Birgit ihren Bericht damit an: \u201cMein Weg ist ein Weg durch ein dunkles Tal. Ein Weg durch viele Fragen, \u00c4ngste, Unsicherheiten, viel Wut und Traurigkeit. &hellip; <a href=\"http:\/\/stillgeboren.de\/?page_id=495\" class=\"more-link\"><span class=\"screen-reader-text\">Symbole<\/span> weiterlesen <span class=\"meta-nav\">&rarr;<\/span><\/a><\/p>\n","protected":false},"author":2,"featured_media":0,"parent":70,"menu_order":0,"comment_status":"closed","ping_status":"closed","template":"","meta":[],"_links":{"self":[{"href":"http:\/\/stillgeboren.de\/index.php?rest_route=\/wp\/v2\/pages\/495"}],"collection":[{"href":"http:\/\/stillgeboren.de\/index.php?rest_route=\/wp\/v2\/pages"}],"about":[{"href":"http:\/\/stillgeboren.de\/index.php?rest_route=\/wp\/v2\/types\/page"}],"author":[{"embeddable":true,"href":"http:\/\/stillgeboren.de\/index.php?rest_route=\/wp\/v2\/users\/2"}],"replies":[{"embeddable":true,"href":"http:\/\/stillgeboren.de\/index.php?rest_route=%2Fwp%2Fv2%2Fcomments&post=495"}],"version-history":[{"count":5,"href":"http:\/\/stillgeboren.de\/index.php?rest_route=\/wp\/v2\/pages\/495\/revisions"}],"predecessor-version":[{"id":738,"href":"http:\/\/stillgeboren.de\/index.php?rest_route=\/wp\/v2\/pages\/495\/revisions\/738"}],"up":[{"embeddable":true,"href":"http:\/\/stillgeboren.de\/index.php?rest_route=\/wp\/v2\/pages\/70"}],"wp:attachment":[{"href":"http:\/\/stillgeboren.de\/index.php?rest_route=%2Fwp%2Fv2%2Fmedia&parent=495"}],"curies":[{"name":"wp","href":"https:\/\/api.w.org\/{rel}","templated":true}]}}