{"id":507,"date":"2015-05-01T21:42:30","date_gmt":"2015-05-01T19:42:30","guid":{"rendered":"http:\/\/stillgeboren.de\/?page_id=507"},"modified":"2015-05-03T20:55:26","modified_gmt":"2015-05-03T18:55:26","slug":"tabuthema-tod","status":"publish","type":"page","link":"http:\/\/stillgeboren.de\/?page_id=507","title":{"rendered":"Tabuthema Tod"},"content":{"rendered":"<p style=\"text-align: left;\">Mich w\u00fcrde sehr interessieren,Post wie Ihr \u00fcber das Thema denkt und wel<a href=\"http:\/\/stillgeboren.de\/wp-content\/uploads\/2015\/04\/Vogelblauemail2.gif\"><img loading=\"lazy\" class=\"alignright size-full wp-image-104\" src=\"http:\/\/stillgeboren.de\/wp-content\/uploads\/2015\/04\/Vogelblauemail2.gif\" alt=\"Vogelblauemail2\" width=\"148\" height=\"147\" \/><\/a>che Erfahrungen Ihr gemacht habt. Schreibt mir. Ich werde dies dann, sofern Ihr einverstanden seid, auch hier ver\u00f6ffentlichen.<\/p>\n<h1><b><\/b><a title=\"Starksein\" href=\"http:\/\/stillgeboren.de\/?p=19\">Starksein<\/a><\/h1>\n<p>E s wird Euch bestimmt auch schon passiert sein: Wenn Ihr erz\u00e4hlt, da\u00df Ihr ein Kind \u2013 in der Schwangerschaft, w\u00e4hrend oder kurz nach der Geburt \u2013 verloren habt, pl\u00f6tzlich andere Frauen Tr\u00e4nen in die Augen schie\u00dfen, sie weinen und sagen, ja ich habe auch ein Kind verloren. Frauen, die es sonst nie sagen w\u00fcrden, die aus einer Generation kommen, wo man niemals dar\u00fcber spricht. Ich mu\u00dfte<\/p>\n<h1><a title=\"Versteht denn keiner unsere Trauer?\" href=\"http:\/\/stillgeboren.de\/?p=22\">Versteht denn keiner unsere Trauer?<\/a><\/h1>\n<p>Doch!<br \/>\nArtikel aus der Eltern August 2000<br \/>\nvon Anke Willers<br \/>\nJedes Jahr verlieren in Deutschland mehr als 85000 Frauen in der Schwangerschaft ihr Kind. Dennoch spricht kaum jemand dar\u00fcber \u2013 h\u00f6chste Zeit, dies zu \u00e4ndern!<\/p>\n<h1><a title=\"Der Tod am Anfang des Lebens f\u00fchrt ein Schattendasein\" href=\"http:\/\/stillgeboren.de\/?p=509\">Der Tod am Anfang des Lebens f\u00fchrt ein Schattendasein<\/a><\/h1>\n<p><span style=\"color: #000000;\"><b><span style=\"font-family: Arial Baltic,sans-serif;\">Ursula Goldmann-Posch aus \u201cWenn M\u00fctter trauern\u201d, S. 62 ff.<\/span><\/b><\/span><\/p>\n<p><span style=\"font-family: Arial Baltic,sans-serif;\">Der Tod am Anfang des Lebens f\u00fchrt ein Schattendasein im Ansehen unserer Gesellschaft.<\/span><\/p>\n<p><span style=\"font-family: Arial Baltic,sans-serif;\">Wenn vom Tod eines Kindes die Rede ist, gilt die Aufmerksamkeit und das Mitgef\u00fchl meist jenen Eltern, die ihr Kind durch Krankheit <a title=\"B\u00fcchertipps\" href=\"http:\/\/stillgeboren.de\/?p=200\"><img loading=\"lazy\" class=\"alignright wp-image-214 size-full\" src=\"http:\/\/stillgeboren.de\/wp-content\/uploads\/2015\/04\/WennMutter.jpg\" alt=\"WennMutter\" width=\"87\" height=\"140\" \/><\/a>oder durch einen Unfall verloren haben.<\/span><\/p>\n<p><span style=\"font-family: Arial Baltic,sans-serif;\">Von den rund 4.5000 Kinder, die jedes Jahr in der Bundesrepublik w\u00e4hrend er erste Wochen oder in den erste Stunden nach der Geburt sterben, von <\/span><\/p>\n<p>&nbsp;<\/p>\n<h1><span style=\"color: #339966;\"><a style=\"color: #339966;\" title=\"Die Trauer zulassen\" href=\"http:\/\/stillgeboren.de\/?p=513\"><span style=\"font-family: Arial Baltic,sans-serif;\"><b>Die Trauer zulassen<\/b><\/span><\/a><\/span><\/h1>\n<p><span style=\"color: #990066; font-family: Arial Baltic,sans-serif;\"><b>Aus \u201cJa\u201d zur Trauer, hei\u00dft \u201cja\u201d zum Leben, Hrg. S\u00f6nke Kriebel<\/b><\/span><b><\/b><\/p>\n<p><span style=\"font-family: Arial Baltic,sans-serif;\">Die Trauer zulassen<\/span><\/p>\n<p><span style=\"font-family: Arial Baltic,sans-serif;\">Traurig zu sein, geh\u00f6rt zu unserem menschlichen Leben genauso wie gl\u00fccklich zu sein. Trauer &#8211; das ist eine normale, ja, im besten Sinne des Wortes sogar eine \u201callt\u00e4gliche\u201d Lebenserfahrung.<\/span><\/p>\n<p><span style=\"font-family: Arial Baltic,sans-serif;\">Allerdings: F\u00fcr jeden einzelnen, von Trauer bewegten Menschen ist diese tiefe seelischen Ersch\u00fctterung alles andere als allt\u00e4glich.<\/span><\/p>\n<p><b><i><span style=\"font-family: Arial Baltic,sans-serif;\">von Diether Wolf von Goddenthrow \u201cMit dem Tod Leben\u201d, S. 77 f.<\/span><\/i><\/b><\/p>\n<p><span style=\"font-family: Arial Baltic,sans-serif;\">Noch zu Beginn des 20. Jahrhunderts ver\u00e4nderte der Tod eines Menschen die Lebenswelt der ihn umgebenden Gemeinschaft Sterben und Trauer verband Menschen miteinander Bewu\u00dftes gemeinsames Erleben des Sterbens eines Menschen bot Gelegenheit bereits im Vorfeld des Trauerfalls miteinander ins Gespr\u00e4ch zu kommen und Anteilnahme zu nehmen Anteilnahme ins Angesicht des Todes, das verband.<\/span><\/p>\n<h1><a title=\"Verlust der Trauerkultur\" href=\"http:\/\/stillgeboren.de\/?p=515\">Verlust der Trauerkultur<\/a><\/h1>\n<p><b><i><span style=\"font-family: Arial Baltic,sans-serif;\">von Diether Wolf von Goddenthrow \u201cMit dem Tod Leben\u201d, S. 77 f.<\/span><\/i><\/b><\/p>\n<p><span style=\"font-family: Arial Baltic,sans-serif;\">Noch zu Beginn des 20. Jahrhunderts ver\u00e4nderte der Tod eines Menschen die Lebenswelt der ihn umgebenden Gemeinschaft Sterben und Trauer verband Menschen miteinander Bewu\u00dftes gemeinsames Erleben des Sterbens eines Menschen bot Gelegenheit bereits im Vorfeld des Trauerfalls miteinander ins Gespr\u00e4ch zu kommen und Anteilnahme zu nehmen Anteilnahme <\/span><\/p>\n<h1><a title=\"Gezeiten der Trauer \u2013 Lernen zu trauern\" href=\"http:\/\/stillgeboren.de\/?p=519\"><span style=\"color: #339966;\"><b>Gezeiten der Trauer &#8211; Lernen zu trauern<\/b><\/span><\/a><\/h1>\n<p><span style=\"color: #990066;\"><b>A<\/b><\/span><span style=\"color: #990066; font-family: Arial Baltic,sans-serif;\"><b>rtikel aus Ratgeber Frau und Familie vom 27.10 S. 1570, <\/b><\/span><\/p>\n<p><span style=\"font-family: Arial Baltic,sans-serif;\">Wir lernen nicht, zu trauern, die Trauer zu akzeptieren und sie zu durchleben. Angesichts des Todes eines geliebten Menschen f\u00fchlen wir uns oft allein und unverstanden. Denn unsere Gesellschaft lehrt auch nicht mehr, mit Trauernden umzugehen. Trauer zu zeigen, ist uns zu Beginn, am Grab und noch eine unbestimmte Zeit danach erlaubt, aber dann sollen wir m\u00f6glichst bald zur Tagesordnung \u00fcbergehen. Der Tod eines Menschen, der <\/span><\/p>\n<h1><a title=\"\u201cFr\u00fchtod\u201d \u2013 Schattendasein\" href=\"http:\/\/stillgeboren.de\/?p=521\">\u201cFr\u00fchtod\u201d &#8211; Schattendasein<\/a><\/h1>\n<p><span style=\"font-family: Arial Baltic,sans-serif;\"><b>von Mag. Christine Fleck-Bohaumilitzky <\/b><\/span><b><\/b><\/p>\n<p><span style=\"font-family: Arial Baltic,sans-serif;\">Der Tod am Beginn des Lebens f\u00fchrt im Ansehen unserer Gesellschaft ein Schattendasein.<\/span><\/p>\n<p><span style=\"font-family: Arial Baltic,sans-serif;\">Wenn vom Tod eines Kindes die Rede ist, gelten die Aufmerksamkeit und das Mitgef\u00fchl meist jenen Eltern, die ihre Kinder durch eine Krankheit oder einen Unfall verloren haben.<\/span><\/p>\n<p><span style=\"font-family: Arial Baltic,sans-serif;\">Jedes Jahr sterben in Deutschland 4500 Kinder w\u00e4hrend der ersten Wochen oder gar in den ersten Stunden nach der Geburt. Ungef\u00e4hr 2500 Kinder kommen tot zur Welt. Jedes Jahr erleiden <\/span><\/p>\n<h1><a title=\"M\u00f6gliche Reaktionen des Umfeldes\" href=\"http:\/\/stillgeboren.de\/?p=524\">M\u00f6gliche Reaktionen des Umfeldes<\/a><\/h1>\n<p><span style=\"font-family: Arial Baltic,sans-serif;\"><b><i>von Barbara B\u00fcrgi<br \/>\nRegenbogen Schweiz &#8211; \u201cWir haben unser Kind verloren&#8230;.\u201d S.6,<\/i>8<\/b><\/span><b><\/b><\/p>\n<p><span style=\"font-family: Arial Baltic,sans-serif;\">Der Tod ist in unserer Gesellschaft auch heute noch ein Tabuthema. Wir sind zwar betroffen \u00fcber eine Todesnachricht, wissen jedoch nicht, wie wir reagieren sollen.<\/span><\/p>\n<p><span style=\"font-family: Arial Baltic,sans-serif;\">Die Reaktionen auf den Tod ihres Kindes sind bestimmt breit gef\u00e4chert von tr\u00f6stend bis verletzend. Eine Todesnachricht ist immer auch die Konfrontation mit dem eigenen Sterben und viele Menschen laufen vor dieser Auseinandersetzung davon. <\/span><\/p>\n<h1>\u00a0<a title=\"Predigt aus dem Gottesdienst Zwischenhalt \u201eAbschiednehmen\u201c\" href=\"http:\/\/stillgeboren.de\/?p=530\">Predigt aus dem Gottesdienst Zwischenhalt \u201eAbschiednehmen\u201c<\/a><\/h1>\n<figure id=\"attachment_531\" aria-describedby=\"caption-attachment-531\" style=\"width: 150px\" class=\"wp-caption alignright\"><a href=\"http:\/\/stillgeboren.de\/wp-content\/uploads\/2015\/05\/Abschiednehmen06.jpg\"><img loading=\"lazy\" class=\"wp-image-531 size-thumbnail\" src=\"http:\/\/stillgeboren.de\/wp-content\/uploads\/2015\/05\/Abschiednehmen06-150x150.jpg\" alt=\"Abschiednehmen06\" width=\"150\" height=\"150\" \/><\/a><figcaption id=\"caption-attachment-531\" class=\"wp-caption-text\">Pastorin B\u00fcrig<\/figcaption><\/figure>\n<p><strong>von Pastorin Christiane B\u00fcrig<\/strong><\/p>\n<p>Liebe Gemeinde,<\/p>\n<p>das Leben besteht aus Abschieden. Ich denke zun\u00e4chst an die vielen kleinen Abschiede im Alltag. Wie oft sagen wir Tsch\u00fc\u00df! Oder: bis Morgen!<\/p>\n<p>Und es geh\u00f6rt auch mancher&#8230;.<\/p>\n<p>&nbsp;<\/p>\n<h1><a title=\"Versteht denn keiner unsere Trauer?\" href=\"http:\/\/stillgeboren.de\/?p=22\">Versteht denn keiner unsere Trauer? <\/a><\/h1>\n<p><span style=\"color: #990066; font-family: Arial Baltic,sans-serif;\"><b><span style=\"font-family: Arial Baltic,sans-serif;\">Doch!<\/span> Artikel aus der Eltern August 2000<\/b><\/span><\/p>\n<p><span style=\"font-family: Arial Baltic,sans-serif;\">von Anke Willers<\/span><\/p>\n<p><span style=\"font-family: Arial Baltic,sans-serif;\">Jedes Jahr verlieren in Deutschland mehr als 85000 Frauen in der Schwangerschaft ihr Kind. Dennoch spricht kaum jemand dar\u00fcber \u2013 h\u00f6chste Zeit, dies zu \u00e4ndern!<\/span><span style=\"font-family: Arial Baltic,sans-serif;\"><a href=\"http:\/\/stillgeboren.de\/wp-content\/uploads\/2015\/04\/eltern.jpg.gif\"><img loading=\"lazy\" class=\"alignright wp-image-23 size-thumbnail\" src=\"http:\/\/stillgeboren.de\/wp-content\/uploads\/2015\/04\/eltern.jpg-150x150.gif\" alt=\"eltern.jpg\" width=\"150\" height=\"150\" \/><\/a><\/span><\/p>\n<p style=\"text-align: left;\"><span style=\"font-family: Arial Baltic,sans-serif;\">Angefangen hat alles mit einem Leserbrief in der M\u00e4rz-Aus<\/span><span style=\"font-family: Arial Baltic,sans-serif;\">gabe von Eltern. Eine junge Frau schrieb, es hab in der 21. Schwangerschaftswoche eine <\/span><\/p>\n","protected":false},"excerpt":{"rendered":"<p>Mich w\u00fcrde sehr interessieren,Post wie Ihr \u00fcber das Thema denkt und welche Erfahrungen Ihr gemacht habt. Schreibt mir. Ich werde dies dann, sofern Ihr einverstanden seid, auch hier ver\u00f6ffentlichen. Starksein E s wird Euch bestimmt auch schon passiert sein: Wenn Ihr erz\u00e4hlt, da\u00df Ihr ein Kind \u2013 in der Schwangerschaft, w\u00e4hrend oder kurz nach der &hellip; <a href=\"http:\/\/stillgeboren.de\/?page_id=507\" class=\"more-link\"><span class=\"screen-reader-text\">Tabuthema Tod<\/span> weiterlesen <span class=\"meta-nav\">&rarr;<\/span><\/a><\/p>\n","protected":false},"author":2,"featured_media":0,"parent":70,"menu_order":0,"comment_status":"closed","ping_status":"closed","template":"","meta":[],"_links":{"self":[{"href":"http:\/\/stillgeboren.de\/index.php?rest_route=\/wp\/v2\/pages\/507"}],"collection":[{"href":"http:\/\/stillgeboren.de\/index.php?rest_route=\/wp\/v2\/pages"}],"about":[{"href":"http:\/\/stillgeboren.de\/index.php?rest_route=\/wp\/v2\/types\/page"}],"author":[{"embeddable":true,"href":"http:\/\/stillgeboren.de\/index.php?rest_route=\/wp\/v2\/users\/2"}],"replies":[{"embeddable":true,"href":"http:\/\/stillgeboren.de\/index.php?rest_route=%2Fwp%2Fv2%2Fcomments&post=507"}],"version-history":[{"count":10,"href":"http:\/\/stillgeboren.de\/index.php?rest_route=\/wp\/v2\/pages\/507\/revisions"}],"predecessor-version":[{"id":823,"href":"http:\/\/stillgeboren.de\/index.php?rest_route=\/wp\/v2\/pages\/507\/revisions\/823"}],"up":[{"embeddable":true,"href":"http:\/\/stillgeboren.de\/index.php?rest_route=\/wp\/v2\/pages\/70"}],"wp:attachment":[{"href":"http:\/\/stillgeboren.de\/index.php?rest_route=%2Fwp%2Fv2%2Fmedia&parent=507"}],"curies":[{"name":"wp","href":"https:\/\/api.w.org\/{rel}","templated":true}]}}