{"id":535,"date":"2015-05-02T15:01:07","date_gmt":"2015-05-02T13:01:07","guid":{"rendered":"http:\/\/stillgeboren.de\/?page_id=535"},"modified":"2015-05-02T20:49:59","modified_gmt":"2015-05-02T18:49:59","slug":"gottesdienste","status":"publish","type":"page","link":"http:\/\/stillgeboren.de\/?page_id=535","title":{"rendered":"Gottesdienste"},"content":{"rendered":"<h2><a title=\"Predigt aus dem Gottesdienst Zwischenhalt \u201eAbschiednehmen\u201c\" href=\"http:\/\/stillgeboren.de\/?p=530\">Predigt aus dem Gottesdienst Zwischenhalt \u201eAbschiednehmen\u201c<\/a><\/h2>\n<figure id=\"attachment_531\" aria-describedby=\"caption-attachment-531\" style=\"width: 150px\" class=\"wp-caption alignright\"><a href=\"http:\/\/stillgeboren.de\/wp-content\/uploads\/2015\/05\/Abschiednehmen06.jpg\"><img loading=\"lazy\" class=\"wp-image-531 size-thumbnail\" src=\"http:\/\/stillgeboren.de\/wp-content\/uploads\/2015\/05\/Abschiednehmen06-150x150.jpg\" alt=\"Abschiednehmen06\" width=\"150\" height=\"150\" \/><\/a><figcaption id=\"caption-attachment-531\" class=\"wp-caption-text\">Pastorin B\u00fcrig<\/figcaption><\/figure>\n<p><strong>von Pastorin Christiane B\u00fcrig<\/strong><\/p>\n<p>Liebe Gemeinde,<\/p>\n<p>das Leben besteht aus Abschieden. Ich denke zun\u00e4chst an die vielen kleinen Abschiede im Alltag. Wie oft sagen wir Tsch\u00fc\u00df! Oder: bis Morgen!<\/p>\n<p>Und es geh\u00f6rt auch mancher&#8230;.<\/p>\n<h2 style=\"text-align: left;\"><a title=\"Hinter dem Vorhang\" href=\"http:\/\/stillgeboren.de\/?p=647\">Hinter dem Vorhang<\/a><\/h2>\n<h4 style=\"text-align: left;\">Zwischenhaltgottesdienst<\/h4>\n<p><a href=\"http:\/\/stillgeboren.de\/wp-content\/uploads\/2015\/05\/Zwischenhalt0811.jpg\"><img loading=\"lazy\" class=\"alignright wp-image-648 size-thumbnail\" src=\"http:\/\/stillgeboren.de\/wp-content\/uploads\/2015\/05\/Zwischenhalt0811-150x150.jpg\" alt=\"Zwischenhalt0811\" width=\"150\" height=\"150\" \/><\/a>Gestern war der besondere Gottesdienst zum Thema \u201eHinter dem Vorhang\u201c, in dem ich interviewt werden sollte. Am Nachmittag war ich dann doch schon recht aufgeregt, auch wenn die Fragen vorher in einem sehr netten Gespr\u00e4ch mit dem Pastor abgesprochen waren. Aber es ist<\/p>\n<h2><a title=\"Sternstunden\" href=\"http:\/\/stillgeboren.de\/?p=645\">Sternstunden<\/a><\/h2>\n<h4>Zwischenhaltgottesdienst<\/h4>\n<p><strong>Meine pers\u00f6nliche Sternstunde<\/strong><\/p>\n<p>Heute Abend war ich mal wieder zu einem der besonderen Abendgottesdienste in unserer Gemeinde \u2013 ich hatte glaube ich schon mal hier davon berichtet. Es spielt dort immer eine Band, es gibt Interviews und eine besondere Aktion. Eigentlich hatte ich ja gar keine Zeit&#8230;Elias wird morgen 4 Jahre alt: Geschenke muss ich<\/p>\n<h1 style=\"text-align: left;\"><a title=\"DurchKREUTZEWege\" href=\"http:\/\/stillgeboren.de\/?p=642\">DurchKREUTZEWege<\/a><\/h1>\n<h4 style=\"text-align: left;\">Zwischenhaltgottesdienst<\/h4>\n<p><a href=\"http:\/\/stillgeboren.de\/wp-content\/uploads\/2015\/05\/Zwischenhaltdwege.jpg\"><img loading=\"lazy\" class=\"alignright wp-image-643 size-thumbnail\" src=\"http:\/\/stillgeboren.de\/wp-content\/uploads\/2015\/05\/Zwischenhaltdwege-150x150.jpg\" alt=\"Zwischenhaltdwege\" width=\"150\" height=\"150\" \/><\/a>Am Sonntag war ich mal wieder in einer unsere Abendgottesdienste. Von einigen habe ich schon einmal berichtet. Sie sind immer etwas ganz besonderes. Er steht immer unter einem Thema,dieses Mal \u201eDurchKREUTZEWege\u201c. Es spielt eine Band, es werden Interviews gef\u00fchrt, man muss etwas machen und es gibt neben der Predigt auch immer eine Geschichte zum Nachdenken. Dieser<\/p>\n<h1 style=\"text-align: left;\" align=\"CENTER\"><a title=\"\u201cIn einem Krug hebst du meine Tr\u00e4nen bei dir auf; und zeichnest sie auf in deinem Buch des Lebens.\u201d\" href=\"http:\/\/stillgeboren.de\/?p=402\">\u201cIn einem Krug hebst du meine Tr\u00e4nen bei dir auf; und zeichnest sie auf in deinem Buch des Lebens.\u201d<\/a><\/h1>\n<h4 style=\"text-align: left;\" align=\"CENTER\"><span style=\"font-family: Arial Baltic,sans-serif;\">GedenkGottesdienst f\u00fcr verstorbene Kinder:T\u00f6chter und S\u00f6hne, Geschwister und Enkel<\/span><\/h4>\n<p align=\"CENTER\"><strong><span style=\"font-family: Arial Baltic,sans-serif;\">8. Dezember 2001, 16 Uhr<br \/>\n<\/span><span style=\"font-family: Arial Baltic,sans-serif;\">Ev. Gemeindezentrum Kradepohl, Bergisch Gladbach-Gronau<\/span><\/strong><\/p>\n<p><span style=\"font-family: Arial Baltic,sans-serif;\">Wir sind hier zusammen gekommen mit ganz unterschiedlichen Vorstellungen, als Hadernde und Zuversichtliche, als Zweifelnde und Glaubende, als Menschen, die im Glauben leben, und als solche, denen der Glaube schwindet oder gar verloren gegangen ist.<\/span><\/p>\n<h1 style=\"text-align: left;\" align=\"CENTER\"><a title=\"Ansprache zum \u201cGedenkgottesdienst f\u00fcr verstorbene Kinder\u201d Frankfurter Kirchentag, 15. Juni 2001\" href=\"http:\/\/stillgeboren.de\/?p=356\">Ansprache zum \u201cGedenkgottesdienst f\u00fcr verstorbene Kinder\u201d Frankfurter Kirchentag, 15. Juni 2001<\/a><\/h1>\n<h4 style=\"text-align: left;\" align=\"CENTER\"><span style=\"font-family: Arial Baltic,sans-serif;\">von Kristiane Voll<\/span><\/h4>\n<p><span style=\"font-family: Arial Baltic,sans-serif;\">Liebe Mitmenschen! Und ganz besonders: Liebe M\u00fctter, V\u00e4ter, Geschwister und Familienangeh\u00f6rige, die Sie und<a href=\"http:\/\/stillgeboren.de\/wp-content\/uploads\/2015\/04\/Kirchentag.jpg\"><img loading=\"lazy\" class=\"alignright wp-image-357 size-thumbnail\" src=\"http:\/\/stillgeboren.de\/wp-content\/uploads\/2015\/04\/Kirchentag-150x150.jpg\" alt=\"Kirchentag\" width=\"150\" height=\"150\" \/><\/a> Ihr um ein verstorbenes Kind in Ihren Familien trauern!<\/span><\/p>\n<p><span style=\"font-family: Arial Baltic,sans-serif;\">Zu Beginn dieses Gottesdienstes haben wir Klagen geh\u00f6rt. Klagen zu k\u00f6nnen und zu d\u00fcrfen ist auf den ganz unterschiedlichen Wegen durch die Trauer lebenswichtig. Denn Klagen gibt dem Schmerz Raum und Ausdruck. Das zu haben, ist all\u00b4 zumal f\u00fcr trauernde Eltern, Geschwister und Menschen aus <\/span><\/p>\n<h1><a title=\"Gedenkgottesdienst der Selbsthilfegruppen Verwaiste Eltern  Schmalkalden zum  Thema Schmetterlinge\" href=\"http:\/\/stillgeboren.de\/?p=581\">Gedenkgottesdienst der Selbsthilfegruppen Verwaiste Eltern\u00a0 Schmalkalden zum\u00a0 Thema Schmetterlinge<\/a><\/h1>\n<p>Martina Freitag aus Schmalkalden hat mir den Bericht f\u00fcr ihren Gedenkgottedienst 2001 zur Verf\u00fcgung gestellt:<\/p>\n<p>Unsere Gedenkgottesdienst am 09.12.2001 haben wi<a href=\"http:\/\/stillgeboren.de\/wp-content\/uploads\/2015\/05\/Gottesschmaldkalschmetter.jpg\"><img loading=\"lazy\" class=\"alignright size-thumbnail wp-image-582\" src=\"http:\/\/stillgeboren.de\/wp-content\/uploads\/2015\/05\/Gottesschmaldkalschmetter-150x150.jpg\" alt=\"Gottesschmaldkalschmetter\" width=\"150\" height=\"150\" \/><\/a>r unter das Thema Schmetterlinge gestellt. Wir haben uns bem\u00fcht, f\u00fcr alle etwas dabei zu haben, da viele aus der Gruppe und auch aus der Region keiner Kirche angeh\u00f6ren.<\/p>\n<p>Die Schmetterlinge mit den Namen der verstorbenen Kinder wurden gut sichtbar an ein gro\u00dfes blaues Samttuch geh\u00e4ngt..<\/p>\n<h1 align=\"LEFT\"><a title=\"Gedenkgottesdienst f\u00fcr verstorbene Kinder in Bad T\u00f6lz\" href=\"http:\/\/stillgeboren.de\/?p=611\"><span style=\"font-family: Arial Baltic,sans-serif;\"><b>Gedenkgottesdienst in Bad T\u00f6lz<\/b><\/span><\/a><b><\/b><\/h1>\n<p align=\"LEFT\"><span style=\"font-family: Arial Baltic,sans-serif;\">Susanne Brandl aus T\u00f6lz hat mir einen Bericht, Ablaufplan und s\u00e4mtliche dazugeh\u00f6rige Texte ihres Gedenkgottesdienst 2004 zur Verf\u00fcgung gestellt.<\/span><\/p>\n<h1 align=\"LEFT\"><a title=\"Abschied von Baby Mose Welt online\" href=\"http:\/\/stillgeboren.de\/?p=658\">Abschied von Baby Mose<\/a><\/h1>\n<p align=\"LEFT\">Sichtlich ber\u00fchrt blicken die Trauerg\u00e4ste auf den gerade 60 Zentimeter langen Kindersarg in der Kapelle des Friederikenstifts in<\/p>\n<figure id=\"attachment_659\" aria-describedby=\"caption-attachment-659\" style=\"width: 150px\" class=\"wp-caption alignright\"><a href=\"http:\/\/stillgeboren.de\/wp-content\/uploads\/2015\/05\/Kassmann.jpg\"><img loading=\"lazy\" class=\"wp-image-659 size-thumbnail\" src=\"http:\/\/stillgeboren.de\/wp-content\/uploads\/2015\/05\/Kassmann-150x150.jpg\" alt=\"Ein Bestatter tr\u00e4gt den kleinen Sarg. Neben ihm Margot K\u00e4\u00dfmann. Sie hielt die Trauerfeier in Hannover Foto: AP\" width=\"150\" height=\"150\" \/><\/a><figcaption id=\"caption-attachment-659\" class=\"wp-caption-text\">Ein Bestatter tr\u00e4gt den kleinen Sarg. Neben ihm Margot K\u00e4\u00dfmann. Sie hielt die Trauerfeier in Hannover<br \/> Foto: AP<\/figcaption><\/figure>\n<p align=\"LEFT\">Hannover. Als dann die evangelische Landesbisch\u00f6fin Margot K\u00e4\u00dfmann die bewegende Trauerrede f\u00fcr Mose h\u00e4lt, der Anfang Januar tot vor einer Babyklappe gefunden wurde, kommen einigen die Tr\u00e4nen<\/p>\n","protected":false},"excerpt":{"rendered":"<p>Predigt aus dem Gottesdienst Zwischenhalt \u201eAbschiednehmen\u201c von Pastorin Christiane B\u00fcrig Liebe Gemeinde, das Leben besteht aus Abschieden. Ich denke zun\u00e4chst an die vielen kleinen Abschiede im Alltag. Wie oft sagen wir Tsch\u00fc\u00df! Oder: bis Morgen! Und es geh\u00f6rt auch mancher&#8230;. Hinter dem Vorhang Zwischenhaltgottesdienst Gestern war der besondere Gottesdienst zum Thema \u201eHinter dem Vorhang\u201c, in &hellip; <a href=\"http:\/\/stillgeboren.de\/?page_id=535\" class=\"more-link\"><span class=\"screen-reader-text\">Gottesdienste<\/span> weiterlesen <span class=\"meta-nav\">&rarr;<\/span><\/a><\/p>\n","protected":false},"author":2,"featured_media":0,"parent":75,"menu_order":0,"comment_status":"closed","ping_status":"closed","template":"","meta":[],"_links":{"self":[{"href":"http:\/\/stillgeboren.de\/index.php?rest_route=\/wp\/v2\/pages\/535"}],"collection":[{"href":"http:\/\/stillgeboren.de\/index.php?rest_route=\/wp\/v2\/pages"}],"about":[{"href":"http:\/\/stillgeboren.de\/index.php?rest_route=\/wp\/v2\/types\/page"}],"author":[{"embeddable":true,"href":"http:\/\/stillgeboren.de\/index.php?rest_route=\/wp\/v2\/users\/2"}],"replies":[{"embeddable":true,"href":"http:\/\/stillgeboren.de\/index.php?rest_route=%2Fwp%2Fv2%2Fcomments&post=535"}],"version-history":[{"count":5,"href":"http:\/\/stillgeboren.de\/index.php?rest_route=\/wp\/v2\/pages\/535\/revisions"}],"predecessor-version":[{"id":662,"href":"http:\/\/stillgeboren.de\/index.php?rest_route=\/wp\/v2\/pages\/535\/revisions\/662"}],"up":[{"embeddable":true,"href":"http:\/\/stillgeboren.de\/index.php?rest_route=\/wp\/v2\/pages\/75"}],"wp:attachment":[{"href":"http:\/\/stillgeboren.de\/index.php?rest_route=%2Fwp%2Fv2%2Fmedia&parent=535"}],"curies":[{"name":"wp","href":"https:\/\/api.w.org\/{rel}","templated":true}]}}