{"id":549,"date":"2015-05-02T15:16:28","date_gmt":"2015-05-02T13:16:28","guid":{"rendered":"http:\/\/stillgeboren.de\/?page_id=549"},"modified":"2015-05-02T18:03:12","modified_gmt":"2015-05-02T16:03:12","slug":"fruehtodgruppe","status":"publish","type":"page","link":"http:\/\/stillgeboren.de\/?page_id=549","title":{"rendered":"Fr\u00fchtodgruppe"},"content":{"rendered":"<h1><a title=\"Fr\u00fchtodgruppe\" href=\"http:\/\/stillgeboren.de\/?p=562\">Fr\u00fchtodgruppe<\/a><\/h1>\n<p>Auch wenn ich v\u00f6llig skeptisch dort hinging, so wu\u00dfte ich doch gleich nach dem ersten Abend, das es genau das war, <a href=\"http:\/\/stillgeboren.de\/wp-content\/uploads\/2015\/05\/namensherz.gif\"><img loading=\"lazy\" class=\"alignright wp-image-563 size-thumbnail\" src=\"http:\/\/stillgeboren.de\/wp-content\/uploads\/2015\/05\/namensherz-150x150.gif\" alt=\"namensherz\" width=\"150\" height=\"150\" \/><\/a>wonach ich gesucht hatte: Andere Betroffene mit denen ich mich austauschen konnte. Andere, die auf einmal die gleichen Worte benutzten, um ihrem Schmerz Ausdruck zu geben. Das erste Mal, da\u00df ich das Gef\u00fchl hatte, nein &#8211; Du bist doch nicht verr\u00fcckt, all deine Gedanken und Gef\u00fchle haben auch andere, die einen \u00e4hnlichen Verlust erlitten hatten. Das tat so unendlich gut.<\/p>\n<h1><a title=\"Verweiste Eltern\" href=\"http:\/\/stillgeboren.de\/?p=558\">Verwaisten Eltern<\/a><\/h1>\n<p>Die Verwaisten Eltern sind ein Netzwerk von inzwischen fast 300 Gruppen in ganz Deutschland zusammengeschlossen im Bundesverband Verwaiste Eltern in Deutschland e.V. ( <a href=\"http:\/\/www.veid.de\"><span style=\"color: #000066;\"><span style=\"text-decoration: underline;\">www.veid.de<\/span><\/span><\/a> ). In diesen Gruppen finden Eltern nach dem Tod ihres Kindes den sch\u00fctzenden Raum, in dem Trauer zugelass<a href=\"http:\/\/stillgeboren.de\/wp-content\/uploads\/2015\/05\/veidbogenhell.gif\"><img loading=\"lazy\" class=\"alignright size-full wp-image-559\" src=\"http:\/\/stillgeboren.de\/wp-content\/uploads\/2015\/05\/veidbogenhell.gif\" alt=\"veidbogenhell\" width=\"84\" height=\"78\" \/><\/a>en und gezeigt werden darf. Hier finden sie Hilfe auf dem langen und leidvollen Weg durch die Trauer, hier ist Trost m\u00f6glich jenseits von vordergr\u00fcndiger und schneller \u201dVertr\u00f6stung\u201d, die unsere Umwelt gew\u00f6hnlich f\u00fcr Trauernde bereith\u00e4lt.<\/p>\n<h1><a title=\"Abschiedsritual\" href=\"http:\/\/stillgeboren.de\/?p=539\">Abschiedsritual<\/a><\/h1>\n<p>Nach fast zwei Jahren hie\u00df es nun Abschied nehmen. Aber zwischenzeitlich waren wir ja Profis geworden im Abschied nehmen. Unsere Babygruppe, wir alle hatten ein Kind in der<a href=\"http:\/\/stillgeboren.de\/wp-content\/uploads\/2015\/05\/abschiff.jpg\"><img loading=\"lazy\" class=\"alignright size-thumbnail wp-image-543\" src=\"http:\/\/stillgeboren.de\/wp-content\/uploads\/2015\/05\/abschiff-150x150.jpg\" alt=\"abschiff\" width=\"150\" height=\"150\" \/><\/a> Schwangerschaft oder kurz nach der Geburt verloren, bestand fast zwei Jahre. Zusammen sind wir gemeinsam durch die tiefsten T\u00e4ler und die gr\u00f6\u00dfte Dunkelheit gegangen, aber auch gemeinsam im hellen Sonnenschein. Wir haben gemeinsam geweint, aber auch gemeinsam viel gelacht. Jeder wurde von der Gruppe aufgefangen.<\/p>\n<h1><a title=\"Trauerseminars der Verwaisten Eltern\" href=\"http:\/\/stillgeboren.de\/?p=551\">Trauerseminars der Verwaisten Eltern<\/a><\/h1>\n<p>in Bad Segeberg vom 19.12. bis 21.12.1997<\/p>\n<p>An die drei Tage des Trauerseminars der Verwaisten Eltern in Bad Segeberg denke ich gerne zur\u00fcck. Ich bin immer noch ganz erf\u00fcllt von dem Geist, den unsere Gruppe umgeben hat. Ich wei\u00df nicht, wann ich das letzte Mal so ein wunderbares Wochenende gehabt habe. Noch nie habe ich es erlebt, da\u00df sich in so kurzer Zeit an sich v\u00f6llig fremde Menschen so vertraut wurden, als h\u00e4tten sie sich schon lange gekannt. Von diesem Seminar strahlt auf mich immer<\/p>\n","protected":false},"excerpt":{"rendered":"<p>Fr\u00fchtodgruppe Auch wenn ich v\u00f6llig skeptisch dort hinging, so wu\u00dfte ich doch gleich nach dem ersten Abend, das es genau das war, wonach ich gesucht hatte: Andere Betroffene mit denen ich mich austauschen konnte. Andere, die auf einmal die gleichen Worte benutzten, um ihrem Schmerz Ausdruck zu geben. Das erste Mal, da\u00df ich das Gef\u00fchl &hellip; <a href=\"http:\/\/stillgeboren.de\/?page_id=549\" class=\"more-link\"><span class=\"screen-reader-text\">Fr\u00fchtodgruppe<\/span> weiterlesen <span class=\"meta-nav\">&rarr;<\/span><\/a><\/p>\n","protected":false},"author":2,"featured_media":0,"parent":95,"menu_order":0,"comment_status":"closed","ping_status":"closed","template":"","meta":[],"_links":{"self":[{"href":"http:\/\/stillgeboren.de\/index.php?rest_route=\/wp\/v2\/pages\/549"}],"collection":[{"href":"http:\/\/stillgeboren.de\/index.php?rest_route=\/wp\/v2\/pages"}],"about":[{"href":"http:\/\/stillgeboren.de\/index.php?rest_route=\/wp\/v2\/types\/page"}],"author":[{"embeddable":true,"href":"http:\/\/stillgeboren.de\/index.php?rest_route=\/wp\/v2\/users\/2"}],"replies":[{"embeddable":true,"href":"http:\/\/stillgeboren.de\/index.php?rest_route=%2Fwp%2Fv2%2Fcomments&post=549"}],"version-history":[{"count":4,"href":"http:\/\/stillgeboren.de\/index.php?rest_route=\/wp\/v2\/pages\/549\/revisions"}],"predecessor-version":[{"id":565,"href":"http:\/\/stillgeboren.de\/index.php?rest_route=\/wp\/v2\/pages\/549\/revisions\/565"}],"up":[{"embeddable":true,"href":"http:\/\/stillgeboren.de\/index.php?rest_route=\/wp\/v2\/pages\/95"}],"wp:attachment":[{"href":"http:\/\/stillgeboren.de\/index.php?rest_route=%2Fwp%2Fv2%2Fmedia&parent=549"}],"curies":[{"name":"wp","href":"https:\/\/api.w.org\/{rel}","templated":true}]}}