{"id":574,"date":"2015-05-02T18:05:11","date_gmt":"2015-05-02T16:05:11","guid":{"rendered":"http:\/\/stillgeboren.de\/?page_id=574"},"modified":"2015-05-02T20:14:12","modified_gmt":"2015-05-02T18:14:12","slug":"weltgedenktag","status":"publish","type":"page","link":"http:\/\/stillgeboren.de\/?page_id=574","title":{"rendered":"Weltgedenktag"},"content":{"rendered":"<h1><a title=\"Weltgedenktag f\u00fcr alle verstorbenen Kinder\" href=\"http:\/\/stillgeboren.de\/?p=141\"><strong>Weltgedenktag f\u00fcr alle verstorbenen Kinder<\/strong><\/a><\/h1>\n<p><strong>Ein Licht geht um die Welt<\/strong><\/p>\n<p>Jedes Jahr sterben allein in Deutschland 20.000 Kinder und junge Erwachsene, weltweit sind es um ein Vielfaches mehr. Und \u00fcberall bleiben trauernde Eltern, Geschwister, Gro\u00dfelter<a href=\"http:\/\/stillgeboren.de\/wp-content\/uploads\/2015\/04\/candlelighting.gif\"><img loading=\"lazy\" class=\"alignright wp-image-137 size-full\" src=\"http:\/\/stillgeboren.de\/wp-content\/uploads\/2015\/04\/candlelighting.gif\" alt=\"candlelighting\" width=\"71\" height=\"74\" \/><\/a>n und Freunde zur\u00fcck. T\u00e4glich wird in den einzelnen Familien dieser Kinder gedacht. Doch einmal im Jahr wollen weltweit Betroffene nicht nur ihrer eigenen T\u00f6chter, S\u00f6hne, Schwestern, Br\u00fcder, Enkel und Enkelinnen gedenken.<\/p>\n<h1><a title=\"Weltgedenktag \u2013 dieser Tag im Jahr geh\u00f6rt Tobias, ganz offiziell\" href=\"http:\/\/stillgeboren.de\/?p=569\">Weltgedenktag &#8211; dieser Tag im Jahr geh\u00f6rt Tobias, ganz offiziell<\/a><\/h1>\n<p>Ein Tag im Jahr geh\u00f6rt Tobias, ganz offiziell. Sonst bleibt oft wenig Raum f\u00fcr unseren ersten Sohn, der bei der Geburt starb. Wir haben inzwischen noch zwei weitere Jungen, Pascal (4 Jahre) und Gideon (2Jahre), die nat\u00fcrlich unsere volle Aufmerksam<a href=\"http:\/\/stillgeboren.de\/wp-content\/uploads\/2015\/04\/Cidi01.jpg\"><img loading=\"lazy\" class=\"alignright wp-image-142 size-full\" src=\"http:\/\/stillgeboren.de\/wp-content\/uploads\/2015\/04\/Cidi01.jpg\" alt=\"Cidi01\" width=\"283\" height=\"212\" \/><\/a>keit fordern und das ist auch gut so. Aber an jedem zweiten Dezember im Jahr, am Weltgedenktag f\u00fcr alle verstorbenen Kinder, da nehme ich mir den Raum f\u00fcr Tobias und meine Erinnerungen an ihn. Alle anderen Termine an diesem<\/p>\n<h1><a title=\"Hinweis im Gottesdienst auf Weltgedenktag\" href=\"http:\/\/stillgeboren.de\/?p=602\">Hinweis im Gottesdienst auf Weltgedenktag<\/a><\/h1>\n<p>Inzwischen versuche ich fast jede M\u00f6glichkeit zu nutzten, auf den <a href=\"http:\/\/stillgeboren.de\/wp-content\/uploads\/2015\/05\/Gemeindebrief03.gif\"><img loading=\"lazy\" class=\"alignright wp-image-603 size-thumbnail\" src=\"http:\/\/stillgeboren.de\/wp-content\/uploads\/2015\/05\/Gemeindebrief03-150x150.gif\" alt=\"Gemeindebrief03\" width=\"150\" height=\"150\" \/><\/a>Weltgedenktag hinzuweisen. Wie Ihr sehen k\u00f6nnt, habe ich schon zweimal Interviews anl\u00e4\u00dflich des Gedenktages f\u00fcr Zeitungen gegeben. Aber auch in meiner Gemeinde habe ich letztes Jahr (2002) erfolgreich auf den Weltgedenktag im Gottesdienst hinweisen d\u00fcrfen. Ich schrieb einfach an unseren \u201ediensthabenden\u201c Pastor mit der entsprechenden Brief.<\/p>\n<h1><a title=\"Hat dort dr\u00fcben im Nachbarhaus auch gerade jemand eine Kerze ins Fenster gestellt?\" href=\"http:\/\/stillgeboren.de\/?p=578\">Hat dort dr\u00fcben im Nachbarhaus auch gerade jemand eine Kerze ins Fenster gestellt?<\/a><\/h1>\n<p>In einer gro\u00dfen Stadt wie unserer geht man seinen Weg. Stress und Hektik an jeder Ecke. Keine Zeit, sich um die N\u00e4chsten zu k\u00fcmmern. Was interessiert es schon, was der Nachbar macht, wie es ihm geht oder wie er hei\u00dft. Man kommt nach der Arbeit nach Hause und will nur eins: seine Ruhe. Man schlie\u00dft die T\u00fcr und alle anderen sind vergessen.<\/p>\n<h1><a title=\"Gedenkgottesdienst der Selbsthilfegruppen Verwaiste Eltern  Schmalkalden zum  Thema Schmetterlinge\" href=\"http:\/\/stillgeboren.de\/?p=581\">Gedenkgottesdienst der Selbsthilfegruppen Verwaiste Eltern\u00a0 Schmalkalden zum\u00a0 Thema Schmetterlinge<\/a><\/h1>\n<p>Martina Freitag aus Schmalkalden hat mir den Bericht f\u00fcr ihren Gedenkgottedienst 2001 zur Verf\u00fcgung gestellt:<\/p>\n<p>Unsere Gedenkgottesdienst am 09.12.2001 haben wi<a href=\"http:\/\/stillgeboren.de\/wp-content\/uploads\/2015\/05\/Gottesschmaldkalschmetter.jpg\"><img loading=\"lazy\" class=\"alignright size-thumbnail wp-image-582\" src=\"http:\/\/stillgeboren.de\/wp-content\/uploads\/2015\/05\/Gottesschmaldkalschmetter-150x150.jpg\" alt=\"Gottesschmaldkalschmetter\" width=\"150\" height=\"150\" \/><\/a>r unter das Thema Schmetterlinge gestellt. Wir haben uns bem\u00fcht, f\u00fcr alle etwas dabei zu haben, da viele aus der Gruppe und auch aus der Region keiner Kirche angeh\u00f6ren.<\/p>\n<p>Die Schmetterlinge mit den Namen der verstorbenen Kinder wurden gut sichtbar an ein gro\u00dfes blaues Samttuch geh\u00e4ngt..<\/p>\n<h1 align=\"LEFT\"><a title=\"Gedenkgottesdienst f\u00fcr verstorbene Kinder in Bad T\u00f6lz\" href=\"http:\/\/stillgeboren.de\/?p=611\"><span style=\"font-family: Arial Baltic,sans-serif;\"><b>Gedenkgottesdienst in Bad T\u00f6lz<\/b><\/span><\/a><b><\/b><\/h1>\n<p align=\"LEFT\"><span style=\"font-family: Arial Baltic,sans-serif;\">Susanne Brandl aus T\u00f6lz hat mir einen Bericht, Ablaufplan und s\u00e4mtliche dazugeh\u00f6rige Texte ihres Gedenkgottesdienst 2004 zur Verf\u00fcgung gestellt.<\/span><\/p>\n<h1>Predigt im Gedenkgottesdienst<\/h1>\n<p><a title=\"\u201cIn einem Krug hebst du meine Tr\u00e4nen bei dir auf; und zeichnest sie auf in deinem Buch des Lebens.\u201d\" href=\"http:\/\/stillgeboren.de\/?p=402\">Predigt aus einem Gedenkgottesdienst <\/a>von Christiane Voll und eine <a title=\"Ansprache zum \u201cGedenkgottesdienst f\u00fcr verstorbene Kinder\u201d Frankfurter Kirchentag, 15. Juni 2001\" href=\"http:\/\/stillgeboren.de\/?p=356\">Ansprache zum Krichentag<\/a>, als Beispiel f\u00fcr eine Predigt.<\/p>\n<p>us meinen Erfahrungen als Teilnehmer von vier Gedenkgottesdiensten in den letzen 5 Jahren, habe ich ganz pers\u00f6nliche W\u00fcnsche oder auch Tips zur Gestaltung von Gedenkgottesdiensten:<\/p>\n<h1><a title=\"Tipps zur Gestaltung von Gedenkgottesdiensten\" href=\"http:\/\/stillgeboren.de\/?p=607\">Tipps zur Gestaltung von Gedenkgottesdiensten<\/a><\/h1>\n<p><strong>1. Sch\u00f6n ist immer ein \u201eMotto\u201c unter dem der Gedenkgottesdienst steht<a href=\"http:\/\/stillgeboren.de\/wp-content\/uploads\/2015\/05\/Trauerseminasternentuch.jpg\"><img loading=\"lazy\" class=\"alignright size-thumbnail wp-image-553\" src=\"http:\/\/stillgeboren.de\/wp-content\/uploads\/2015\/05\/Trauerseminasternentuch-150x150.jpg\" alt=\"Trauerseminasternentuch\" width=\"150\" height=\"150\" \/><\/a><\/strong><\/p>\n<p>Besonders sch\u00f6n empfinde ich es immer, wenn der Gottesdienst unter einem Motte oder einem Thema steht wie z.B. der von Martina aus Schmalkalden das Thema \u201eSchmetterlinge\u201c hatte oder der in der T\u00fcbinger Stiftskirche das Thema \u201cIch sehe deine Tr\u00e4nen\u201d.<\/p>\n<h1>Presse zum Weltgedenktag<\/h1>\n<h2><a title=\"Jede Kerze leuchtet f\u00fcr ein totes Kind\" href=\"http:\/\/stillgeboren.de\/?p=616\">Jede Kerze leuchtet f\u00fcr ein totes Kind<\/a><\/h2>\n<h5>Heute trauern 20000 Eltern<br \/>\n<a href=\"http:\/\/stillgeboren.de\/wp-content\/uploads\/2015\/05\/Bams.png\"><img loading=\"lazy\" class=\"alignright size-full wp-image-629\" src=\"http:\/\/stillgeboren.de\/wp-content\/uploads\/2015\/05\/Bams.png\" alt=\"Bams\" width=\"112\" height=\"127\" \/><\/a><br \/>\nvon Kathrin Thamm<\/h5>\n<p>Tausende von Kerzen leuchten heute in Deutschlands Fenstern, um an alle Kinder zu erinnern, die der Tod aus ihren Familien riss. In Deutschland sterben j\u00e4hrlich 20 000 Kinder: &#8222;Die Eltern und Verwandten werden mit ihrer Trauer total allein gelassen. Deshalb entz\u00fcnden deutschland- und europaweit sowie in Amerika Angeh\u00f6rige Kerzen, um \u00f6ffentlich zu trauern&#8220;, erkl\u00e4rt Gabriele Kn\u00f6ll (53), Vorsitzende des Vereins Verwaiste Eltern.<\/p>\n<h2><a title=\"Narben bleiben ein Leben lang\" href=\"http:\/\/stillgeboren.de\/?p=626\">Narben bleiben ein Leben lang\u00a0<\/a><\/h2>\n<p>SCHWABACHER TAGBLATT 12\/2001<\/p>\n<p><strong>Gedenken an viel zu fr\u00fch verstorbene Kinder bei Gottesdienst im Eichwasen<\/strong><\/p>\n<p>Cornelia H\u00fcbschmann und Katja B\u00f6ttner haben de<a href=\"http:\/\/stillgeboren.de\/wp-content\/uploads\/2015\/05\/schwabacher-tagblatt_logo.gif\"><img loading=\"lazy\" class=\"alignright wp-image-630 size-full\" src=\"http:\/\/stillgeboren.de\/wp-content\/uploads\/2015\/05\/schwabacher-tagblatt_logo.gif\" alt=\"schwabacher-tagblatt_logo\" width=\"195\" height=\"60\" \/><\/a>n Gottesdienst am zweiten Adventssonntag mit vorbereitet.<br \/>\nSCHWABACH (ukb) \u2013 Es ist wohl das Schlimmste, was einer Frau widerfahren kann, wenn sie ihr Kind verliert. Die Narben bleiben bei ihr ein Leben lang. Deshalb haben sich Frauen rund um den Globus<\/p>\n","protected":false},"excerpt":{"rendered":"<p>Weltgedenktag f\u00fcr alle verstorbenen Kinder Ein Licht geht um die Welt Jedes Jahr sterben allein in Deutschland 20.000 Kinder und junge Erwachsene, weltweit sind es um ein Vielfaches mehr. Und \u00fcberall bleiben trauernde Eltern, Geschwister, Gro\u00dfeltern und Freunde zur\u00fcck. T\u00e4glich wird in den einzelnen Familien dieser Kinder gedacht. Doch einmal im Jahr wollen weltweit Betroffene &hellip; <a href=\"http:\/\/stillgeboren.de\/?page_id=574\" class=\"more-link\"><span class=\"screen-reader-text\">Weltgedenktag<\/span> weiterlesen <span class=\"meta-nav\">&rarr;<\/span><\/a><\/p>\n","protected":false},"author":2,"featured_media":0,"parent":95,"menu_order":0,"comment_status":"closed","ping_status":"closed","template":"","meta":[],"_links":{"self":[{"href":"http:\/\/stillgeboren.de\/index.php?rest_route=\/wp\/v2\/pages\/574"}],"collection":[{"href":"http:\/\/stillgeboren.de\/index.php?rest_route=\/wp\/v2\/pages"}],"about":[{"href":"http:\/\/stillgeboren.de\/index.php?rest_route=\/wp\/v2\/types\/page"}],"author":[{"embeddable":true,"href":"http:\/\/stillgeboren.de\/index.php?rest_route=\/wp\/v2\/users\/2"}],"replies":[{"embeddable":true,"href":"http:\/\/stillgeboren.de\/index.php?rest_route=%2Fwp%2Fv2%2Fcomments&post=574"}],"version-history":[{"count":5,"href":"http:\/\/stillgeboren.de\/index.php?rest_route=\/wp\/v2\/pages\/574\/revisions"}],"predecessor-version":[{"id":631,"href":"http:\/\/stillgeboren.de\/index.php?rest_route=\/wp\/v2\/pages\/574\/revisions\/631"}],"up":[{"embeddable":true,"href":"http:\/\/stillgeboren.de\/index.php?rest_route=\/wp\/v2\/pages\/95"}],"wp:attachment":[{"href":"http:\/\/stillgeboren.de\/index.php?rest_route=%2Fwp%2Fv2%2Fmedia&parent=574"}],"curies":[{"name":"wp","href":"https:\/\/api.w.org\/{rel}","templated":true}]}}