{"id":669,"date":"2015-05-02T21:07:12","date_gmt":"2015-05-02T19:07:12","guid":{"rendered":"http:\/\/stillgeboren.de\/?page_id=669"},"modified":"2015-05-02T21:07:22","modified_gmt":"2015-05-02T19:07:22","slug":"rechtliche-informationen","status":"publish","type":"page","link":"http:\/\/stillgeboren.de\/?page_id=669","title":{"rendered":"Rechtliche Informationen"},"content":{"rendered":"<h1><a title=\"Mutterschutz\" href=\"http:\/\/stillgeboren.de\/?p=663\">Mutterschutz<\/a><\/h1>\n<p>Immer wieder m\u00fcssen M\u00fctter, die ein Baby stillgeboren haben oder deren Baby kurz nach der Geburt gestorben ist, um ihren Mutterschutz k\u00e4mpfen. Um hier etwas Hilfestellung zu <a href=\"http:\/\/stillgeboren.de\/wp-content\/uploads\/2015\/05\/Mutterschutzgraphneu.gif\"><img loading=\"lazy\" class=\"alignright size-thumbnail wp-image-666\" src=\"http:\/\/stillgeboren.de\/wp-content\/uploads\/2015\/05\/Mutterschutzgraphneu-150x150.gif\" alt=\"Mutterschutzgraphneu\" width=\"150\" height=\"150\" \/><\/a>geben, habe ich mal die Rechtslage versucht so gut es geht darzustellen, was gar nicht so einfach ist, da man ganz genau unterscheiden mu\u00df, ob es sich um Fr\u00fchgeburten und\/oder eine Totgeburt, eine Fehlgeburt, einen Schwangerschaftsabbruch handelt. Hierzu habe ich auch eine graphische Darstellung entworfen.<\/p>\n<p>Auch die neue Gesetzeslage seit Juni 2002 ist ber\u00fccksichitgt<\/p>\n","protected":false},"excerpt":{"rendered":"<p>Mutterschutz Immer wieder m\u00fcssen M\u00fctter, die ein Baby stillgeboren haben oder deren Baby kurz nach der Geburt gestorben ist, um ihren Mutterschutz k\u00e4mpfen. Um hier etwas Hilfestellung zu geben, habe ich mal die Rechtslage versucht so gut es geht darzustellen, was gar nicht so einfach ist, da man ganz genau unterscheiden mu\u00df, ob es sich &hellip; <a href=\"http:\/\/stillgeboren.de\/?page_id=669\" class=\"more-link\"><span class=\"screen-reader-text\">Rechtliche Informationen<\/span> weiterlesen <span class=\"meta-nav\">&rarr;<\/span><\/a><\/p>\n","protected":false},"author":2,"featured_media":0,"parent":95,"menu_order":0,"comment_status":"closed","ping_status":"closed","template":"","meta":[],"_links":{"self":[{"href":"http:\/\/stillgeboren.de\/index.php?rest_route=\/wp\/v2\/pages\/669"}],"collection":[{"href":"http:\/\/stillgeboren.de\/index.php?rest_route=\/wp\/v2\/pages"}],"about":[{"href":"http:\/\/stillgeboren.de\/index.php?rest_route=\/wp\/v2\/types\/page"}],"author":[{"embeddable":true,"href":"http:\/\/stillgeboren.de\/index.php?rest_route=\/wp\/v2\/users\/2"}],"replies":[{"embeddable":true,"href":"http:\/\/stillgeboren.de\/index.php?rest_route=%2Fwp%2Fv2%2Fcomments&post=669"}],"version-history":[{"count":1,"href":"http:\/\/stillgeboren.de\/index.php?rest_route=\/wp\/v2\/pages\/669\/revisions"}],"predecessor-version":[{"id":670,"href":"http:\/\/stillgeboren.de\/index.php?rest_route=\/wp\/v2\/pages\/669\/revisions\/670"}],"up":[{"embeddable":true,"href":"http:\/\/stillgeboren.de\/index.php?rest_route=\/wp\/v2\/pages\/95"}],"wp:attachment":[{"href":"http:\/\/stillgeboren.de\/index.php?rest_route=%2Fwp%2Fv2%2Fmedia&parent=669"}],"curies":[{"name":"wp","href":"https:\/\/api.w.org\/{rel}","templated":true}]}}