{"id":672,"date":"2015-05-03T17:13:37","date_gmt":"2015-05-03T15:13:37","guid":{"rendered":"http:\/\/stillgeboren.de\/?page_id=672"},"modified":"2015-05-03T17:35:51","modified_gmt":"2015-05-03T15:35:51","slug":"folgeschwangerschaft","status":"publish","type":"page","link":"http:\/\/stillgeboren.de\/?page_id=672","title":{"rendered":"Folgeschwangerschaft"},"content":{"rendered":"<p style=\"text-align: left;\">Dieses Gedicht habe ich kurz nachdem ich wu\u00dfte, da\u00df ich mit meinem zweiten Sohn, Pascal, schwanger war, geschrieben.<\/p>\n<p><span style=\"color: #0000ff;\"><em>Glauben kann ich es kaum<\/em><\/span><br \/>\n<span style=\"color: #0000ff;\"><em>ist da schon wieder Raum<\/em><\/span><br \/>\n<span style=\"color: #0000ff;\"><em>f\u00fcr ein kleines Wesen<\/em><\/span><br \/>\n<span style=\"color: #0000ff;\"><em>das schreit nach Leben<\/em><\/span><br \/>\n<span style=\"color: #0000ff;\"><em>\u00a0<\/em><\/span><br \/>\n<span style=\"color: #0000ff;\"><em>Zwei Herzen wieder in mir schlagen<\/em><\/span><br \/>\n<span style=\"color: #0000ff;\"><em>zu hoffen kann ich es kaum wagen<\/em><\/span><br \/>\n<span style=\"color: #0000ff;\"><em>Soll ich vor Gl\u00fcck<\/em><\/span><br \/>\n<span style=\"color: #0000ff;\"><em>nun lachen oder weinen<\/em><\/span><br \/>\n<span style=\"color: #0000ff;\"><em>die Angst bleibt doch ein St\u00fcck<\/em><\/span><br \/>\n<span style=\"color: #0000ff;\"><em>noch einmal so zu leiden<\/em><\/span><br \/>\n<span style=\"color: #0000ff;\"><em>\u00a0<\/em><\/span><br \/>\n<span style=\"color: #0000ff;\"><em>Es scheint so gar nicht wahr<\/em><\/span><br \/>\n<span style=\"color: #0000ff;\"><em>will ich mich sch\u00fctzen vor Gefahr<\/em><\/span><br \/>\n<span style=\"color: #0000ff;\"><em>ich la\u00df\u2019 es nicht an mich heran<\/em><\/span><br \/>\n<span style=\"color: #0000ff;\"><em>zu durchbrechen versuch\u2019 ich so den Bann<\/em><\/span><br \/>\n<span style=\"color: #0000ff;\"><em>\u00a0<\/em><\/span><br \/>\n<span style=\"color: #0000ff;\"><em>Ja Freude sollte ich wohl empfinden<\/em><\/span><br \/>\n<span style=\"color: #0000ff;\"><em>gr\u00f6\u00dfer scheint die Angst in Tr\u00e4nen zu ertrinken<\/em><\/span><br \/>\n<span style=\"color: #0000ff;\"><em>mein Gl\u00fcck mit Dir wollte ich sogleich mit allen teilen<\/em><\/span><br \/>\n<span style=\"color: #0000ff;\"><em>heute bringe ich\u2019s nur zu diesen Zeilen<\/em><\/span><br \/>\n<span style=\"color: #0000ff;\"><em>\u00a0<\/em><\/span><br \/>\n<span style=\"color: #0000ff;\"><em>Allen die Dich nicht kennen<\/em><\/span><br \/>\n<span style=\"color: #0000ff;\"><em>niemals Deinen Namen nennen<\/em><\/span><br \/>\n<span style=\"color: #0000ff;\"><em>warum sollte ich es ihnen sagen<\/em><\/span><br \/>\n<span style=\"color: #0000ff;\"><em>bei den n\u00e4chsten Tr\u00e4nen w\u00fcrden sie nur fragen<\/em><\/span><br \/>\n<span style=\"color: #0000ff;\"><em>warum es ist doch wieder alles ganz okay<\/em><\/span><br \/>\n<span style=\"color: #0000ff;\"><em>sie wissen nicht das tut so weh<\/em><\/span><br \/>\n<span style=\"color: #0000ff;\"><em>\u00a0<\/em><\/span><br \/>\n<span style=\"color: #0000ff;\"><em>Denn keiner bringt mir<\/em><\/span><br \/>\n<span style=\"color: #0000ff;\"><em>Dich zur\u00fcck<\/em><\/span><br \/>\n<span style=\"color: #0000ff;\"><em>drum bleibt in mir<\/em><\/span><br \/>\n<span style=\"color: #0000ff;\"><em>stets Trauer neben neuem Gl\u00fcck<\/em><\/span><\/p>\n<p><span style=\"color: #0000ff;\"><em>\u00a016.08.1998<\/em><\/span><\/p>\n<p>Leider herrscht immernoch das Vorurteil, eine Mutter, die ein<br \/>\nKind in der Schwangerschaft verloren hat, m\u00fcsse nur wieder schwanger werden und dann w\u00e4re wieder alles in Ordnung.<\/p>\n<p>Dies ist nat\u00fcrlich dummes Zeug. Keiner, der nicht selbst ein Baby verloren hat, kann erahnen, was man noch einmal in dieser Zeit durchmacht: \u00c4ngste, Trauer, Zerissenzeit zwischen den Kindern, Schuldgef\u00fchle beiden Kindern gegen\u00fcber u.s.w. . Aus diesem Grund m\u00f6chte ich meine ganz pers\u00f6nlichen Erfahrungen \u00fcber <a title=\"Meine Folgeschwangerschaft\" href=\"http:\/\/stillgeboren.de\/?p=31\">meine Folgeschwangerschaft<\/a> berichten.<a href=\"http:\/\/stillgeboren.de\/wp-content\/uploads\/2015\/04\/Vogelblauemail2.gif\"><img loading=\"lazy\" class=\"alignright size-full wp-image-104\" src=\"http:\/\/stillgeboren.de\/wp-content\/uploads\/2015\/04\/Vogelblauemail2.gif\" alt=\"Vogelblauemail2\" width=\"148\" height=\"147\" \/><\/a><\/p>\n<p>Sehr w\u00fcrde mich Eure ErfahrungenPost interessieren. Bitte Schreibt mir. Ich werde dies dann, sofern Ihr einverstanden seid, auch hier Eure Einsendungen ver\u00f6ffentlichen<\/p>\n<h1><a title=\"Geburtsanzeigen\" href=\"http:\/\/stillgeboren.de\/?p=683\">Geburtsanzeigen<\/a><\/h1>\n<p>In<a title=\"Geburtsanzeigen\" href=\"http:\/\/stillgeboren.de\/?p=683\"> unsereren Geburtsanzeigen<\/a> f\u00fcr Pascal, Gideon, Elias und Ruben haben wir auch noch einmal Tobias gedacht, f\u00fcr den wir leider keine Geburtsanzeige gemacht hatten.<\/p>\n<h4>Ein kleiner bunter Schmetterling<\/h4>\n<p>aus Tr\u00e4nen, Liebe und Vertrauen<br \/>\nmit Namen<\/p>\n<h1><a title=\"Eine neue Schwangerschaft\" href=\"http:\/\/stillgeboren.de\/?p=679\"><strong>Eine neue Schwangerschaft<\/strong><\/a><\/h1>\n<p><b>von Barbara B\u00fcrgi<br \/>\nRegenbogen Schweiz &#8211; \u201cWir haben unser Kind verloren&#8230;.\u201d S.12<\/b><\/p>\n<p>Aus medizinischer Sicht wird oft empfohlen, mit einer weiteren Schwangerschaft 3-6 Monate zu warten. Jede Schwangerschaft ist eine Belastung f\u00fcr den Organismus, deshalb sollten Sie Ihrem K\u00f6rper etwas Ruhe g\u00f6nnen. Gerade nach so einem Erlebnis verz\u00f6gert sich die Erholungsphase.<\/p>\n<h1 align=\"LEFT\"><a title=\"Folgeschwangerschaft \u2013 Lena\" href=\"http:\/\/stillgeboren.de\/?p=674\">Folgeschwangerschaft &#8211; Lena<\/a><\/h1>\n<p align=\"LEFT\"><b>von Monika G\u00fcnther<\/b><b><\/b><\/p>\n<p>F\u00fcr die, die mich nicht kennen: ich habe 1\/98 meine Tochter Lara tot zur Welt gebracht. 14 Monate sp\u00e4ter entschied ich mich f\u00fcr ein neues Kind.<\/p>\n<p>Wie Du wei\u00dft, habe ich mich sehr bewu\u00dft f\u00fcr Lena entschieden; trotzdem habe ich mir w\u00e4hrend der Schwangerschaft oft die Frage gestellt, ob ich schon bereit bin f\u00fcr dieses neue Leben. Wie oft habe ich mir nachts die Frage gestellt, was wohl w\u00e4re, wenn dieses Kind in meinem Bauch auch wieder st\u00fcrbe.<\/p>\n<h1><a title=\"Folgeschwangerschaft \u2013 Florian\" href=\"http:\/\/stillgeboren.de\/?p=677\">Folgeschwangerschaft &#8211; Florian<\/a><\/h1>\n<p align=\"LEFT\"><b>von Kathrin Demleitner<\/b><b><\/b><\/p>\n<p align=\"CENTER\"><span style=\"font-family: Arial Baltic,sans-serif;\"><b>Er geh\u00f6rt zu uns<\/b><\/span><span style=\"font-family: Arial Baltic,sans-serif;\"><br \/>\n<\/span><\/p>\n<p align=\"JUSTIFY\"><span style=\"font-family: Arial Baltic,sans-serif;\">Allerheiligen. Die katholische Kirche gedenkt ihrer Verstorbenen. Gleichzeitig beginnt mit dem ersten November jene graue, tr\u00fcbe, nasskalte Zeit, die so auf das Gem\u00fct schl\u00e4gt &#8211; Totenmonat eben.<\/span><\/p>\n<p align=\"JUSTIFY\"><span style=\"font-family: Arial Baltic,sans-serif;\">Ich stehe am Grab meines Sohnes. Ich bin schwanger, an meiner Hand unser gut einj\u00e4hriges \u201eNachfolgebaby\u201c. Der Herr gibt, der <\/span><\/p>\n","protected":false},"excerpt":{"rendered":"<p>Dieses Gedicht habe ich kurz nachdem ich wu\u00dfte, da\u00df ich mit meinem zweiten Sohn, Pascal, schwanger war, geschrieben. Glauben kann ich es kaum ist da schon wieder Raum f\u00fcr ein kleines Wesen das schreit nach Leben \u00a0 Zwei Herzen wieder in mir schlagen zu hoffen kann ich es kaum wagen Soll ich vor Gl\u00fcck nun &hellip; <a href=\"http:\/\/stillgeboren.de\/?page_id=672\" class=\"more-link\"><span class=\"screen-reader-text\">Folgeschwangerschaft<\/span> weiterlesen <span class=\"meta-nav\">&rarr;<\/span><\/a><\/p>\n","protected":false},"author":2,"featured_media":0,"parent":70,"menu_order":0,"comment_status":"closed","ping_status":"closed","template":"","meta":[],"_links":{"self":[{"href":"http:\/\/stillgeboren.de\/index.php?rest_route=\/wp\/v2\/pages\/672"}],"collection":[{"href":"http:\/\/stillgeboren.de\/index.php?rest_route=\/wp\/v2\/pages"}],"about":[{"href":"http:\/\/stillgeboren.de\/index.php?rest_route=\/wp\/v2\/types\/page"}],"author":[{"embeddable":true,"href":"http:\/\/stillgeboren.de\/index.php?rest_route=\/wp\/v2\/users\/2"}],"replies":[{"embeddable":true,"href":"http:\/\/stillgeboren.de\/index.php?rest_route=%2Fwp%2Fv2%2Fcomments&post=672"}],"version-history":[{"count":3,"href":"http:\/\/stillgeboren.de\/index.php?rest_route=\/wp\/v2\/pages\/672\/revisions"}],"predecessor-version":[{"id":685,"href":"http:\/\/stillgeboren.de\/index.php?rest_route=\/wp\/v2\/pages\/672\/revisions\/685"}],"up":[{"embeddable":true,"href":"http:\/\/stillgeboren.de\/index.php?rest_route=\/wp\/v2\/pages\/70"}],"wp:attachment":[{"href":"http:\/\/stillgeboren.de\/index.php?rest_route=%2Fwp%2Fv2%2Fmedia&parent=672"}],"curies":[{"name":"wp","href":"https:\/\/api.w.org\/{rel}","templated":true}]}}