{"id":70,"date":"2015-04-23T21:25:38","date_gmt":"2015-04-23T19:25:38","guid":{"rendered":"http:\/\/stillgeboren.de\/?page_id=70"},"modified":"2015-05-05T20:29:41","modified_gmt":"2015-05-05T18:29:41","slug":"themenseiten","status":"publish","type":"page","link":"http:\/\/stillgeboren.de\/?page_id=70","title":{"rendered":"Themenseiten"},"content":{"rendered":"<h3><a title=\"Namensgebung\" href=\"http:\/\/stillgeboren.de\/?page_id=344\"><strong>Namensgebung<\/strong><\/a><\/h3>\n<p><a href=\"http:\/\/stillgeboren.de\/wp-content\/uploads\/2015\/04\/AnzeigePaulkl.jpg\"><img loading=\"lazy\" class=\" size-medium wp-image-56 alignright\" src=\"http:\/\/stillgeboren.de\/wp-content\/uploads\/2015\/04\/AnzeigePaulkl-300x181.jpg\" alt=\"AnzeigePaulkl\" width=\"300\" height=\"181\" srcset=\"http:\/\/stillgeboren.de\/wp-content\/uploads\/2015\/04\/AnzeigePaulkl-300x181.jpg 300w, http:\/\/stillgeboren.de\/wp-content\/uploads\/2015\/04\/AnzeigePaulkl.jpg 354w\" sizes=\"(max-width: 300px) 100vw, 300px\" \/><\/a>Nach der Geburt von Tobias hatte ich mir gew\u00fcnscht, da\u00df uns jemand fragte, welchen Namen wir f\u00fcr unser Baby ausgesucht haben.Aber warum h\u00e4tte ich es mir erw\u00fcnscht? Warum ist der Name auch heute noch so wichtig f\u00fcr mich? Ich wollte einfach, da\u00df mein Kind auch als solches anerkannt wird.<\/p>\n<p>Zu diesem Thema habe ich verschiedene Berichte von betroffenen M\u00fcttern gesammelt und weitere fachliche Texte.<\/p>\n<h3><a href=\"http:\/\/stillgeboren.de\/?cat=10\"><strong>Krisen<\/strong><\/a><\/h3>\n<p>Es gibt kein Leben ohne Krisen. Krisen markieren oft einen \u00dcbergang in einen neuen Lebensabschnitt. Sie sind Z\u00e4sur, Grenze und bieten trotz allem die M\u00f6glichkeit des Wachstums. Krisen bewirken Bewegung im Leben eines Menschen. Innere Wandlung und Ver\u00e4nderung sind oftmals Resultat einer \u00fcberwundenen Krise. Eines ist aber allen gemein: In der Regel sind es genau diese Tiefpunkte unseres Lebens, die uns helfen, in unserer Pers\u00f6nlichkeit zu reifen. Sie sind Teil unseres Daseins. Sie sind Einschnitte, Unterbrechungen im Leben, die mir die M\u00f6glichkeit schenken, mein Leben reflexiv zu betrachten, um so in neuer Weise und eigener Selbstbestimmung meine Lebensreise fortzusetzen.<\/p>\n<p>Es gibt kein Leben ohne Krisen. Krisen markieren oft einen \u00dcbergang in einen neuen Lebensabschnitt. Sie sind Z\u00e4sur, Grenze und bieten\u00a0 trotz allem die M\u00f6glichkeit des Wachstums. Krisen bewirken Bewegung im Leben\u00a0 eines Menschen.<\/p>\n<ul>\n<li>Was ist mit Euch in dieser Lebenskrise geschehen? Wie seid Ihr aus dieser Krise herausgekommen und was hat sich bei Euch ver\u00e4ndert bzw. wie habt Ihr Euch ver\u00e4ndert?<\/li>\n<li>Wenn Ihr die Wahl h\u00e4ttet, h\u00e4ttet Ihr gew\u00e4hlt, da\u00df Ihr Euer Baby niemals gehabt und dann nat\u00fcrlich auch niemals h\u00e4ttet verlieren k\u00f6nnen?<\/li>\n<\/ul>\n<h3><a title=\"Gef\u00fchle nach Geburt\" href=\"http:\/\/stillgeboren.de\/?page_id=346\"><strong>Gef\u00fchle nach der Geburt<\/strong><\/a><\/h3>\n<p>Im Forum der Schmetterlingskinder stellte eine Mutter die Frage: \u201cWas habt ihr nach der Geburt eures Sternchens gef\u00fchlt?\u201d. Diese Frage hat nicht nur mich so ber\u00fchrt, da\u00df ich hierzu mehr wissen m\u00f6chte und einiges gesammelt habe.<\/p>\n<ul>\n<li>Habt Ihr Euer Baby gesehen<\/li>\n<li>Wer hat es sonst noch gesehen<\/li>\n<li>Konntet Ihr es waschen und anziehen<\/li>\n<li>Habt Ihr Fotos und zeigt Ihr diese auch<\/li>\n<\/ul>\n<p>Schreibt mir, ich werde dies dann, sofern Ihr einverstanden seid, auch hier ver\u00f6ffentlichen.<\/p>\n<h3><a title=\"Tabuthema Tod\" href=\"http:\/\/stillgeboren.de\/?page_id=507\"><strong>Tabuthema<\/strong><\/a><\/h3>\n<p><a href=\"http:\/\/stillgeboren.de\/wp-content\/uploads\/2015\/04\/tabu.gif\"><img loading=\"lazy\" class=\" size-medium wp-image-88 alignright\" src=\"http:\/\/stillgeboren.de\/wp-content\/uploads\/2015\/04\/tabu-233x300.gif\" alt=\"tabu\" width=\"233\" height=\"300\" \/><\/a>Der Tod ist in unserer Gesellschaft ein Tabu. Der Tod eines Kindes erst Recht. Allen Eltern, die ein Kind verloren haben, ereilt das gleiche Schicksal, niemand erlaubt ihnen, \u00fcber ihr Kind zu sprechen. Doch bei dem Tod \u00e4lterer Kinder wird immerhin akzeptiert, da\u00df die Eltern trauern. Aber Eltern, die ein Kind w\u00e4hrend der Schwangerschaft oder kurz nach der Geburt verloren haben,\u00a0 wird noch nicht einmal dies gew\u00e4hrt. Sie d\u00fcrfen entt\u00e4uscht sein, aber trauern, wie \u00fcber den Verlust eines \u201crichtigen\u201d Menschen wird ihnen nicht gestattet. Zu diesem Thema habe ich daher ein paar Texte gesammelt.<\/p>\n<h3><a title=\"Glaube\" href=\"http:\/\/stillgeboren.de\/?page_id=480\"><strong>Glaube<\/strong><\/a><\/h3>\n<p><a href=\"http:\/\/stillgeboren.de\/wp-content\/uploads\/2015\/04\/logo_schiff.gif\"><img loading=\"lazy\" class=\" size-medium wp-image-86 alignright\" src=\"http:\/\/stillgeboren.de\/wp-content\/uploads\/2015\/04\/logo_schiff.gif\" alt=\"logo_schiff\" width=\"119\" height=\"94\" \/><\/a><br \/>\nKaum etwas bringt unseren Glauben auf so eine harte Probe, wie der Tod des eignen Kindes. Im Forum der Schmetterlingskinder stellte eine Mutter die Frage:\u201dKann es einen gerechten Gott geben?\u201d. Die Beitr\u00e4ge dazu, einige Aufs\u00e4tze und Texte zu Gedenkgottesdiensten sowie nat\u00fcrlich auch meine Gedanken, die ich etwa ein Jahr nach dem Tod von Tobias aufschrieb, habe ich hier f\u00fcr Euch zusammengestellt.<\/p>\n<h3><strong><a title=\"Rituale\" href=\"http:\/\/stillgeboren.de\/?page_id=404\">Rituale<\/a><\/strong><\/h3>\n<p><a href=\"http:\/\/stillgeboren.de\/wp-content\/uploads\/2015\/04\/Tobiaskerzealtar.jpg\"><img loading=\"lazy\" class=\" size-medium wp-image-89 alignright\" src=\"http:\/\/stillgeboren.de\/wp-content\/uploads\/2015\/04\/Tobiaskerzealtar-300x255.jpg\" alt=\"Tobiaskerzealtar\" width=\"300\" height=\"255\" srcset=\"http:\/\/stillgeboren.de\/wp-content\/uploads\/2015\/04\/Tobiaskerzealtar-300x255.jpg 300w, http:\/\/stillgeboren.de\/wp-content\/uploads\/2015\/04\/Tobiaskerzealtar.jpg 340w\" sizes=\"(max-width: 300px) 100vw, 300px\" \/><\/a><br \/>\nAber nach seinem Tod, habe ich sie entdeckt. Sie waren f\u00fcr mich die T\u00fcr, die mich wieder ins Leben f\u00fchrte, etwas an das ich mich halten konnte, wenigstens etwas, was wieder etwas Struktur in mein Leben brachte. Hier m\u00f6chte ich \u00fcber ganz pers\u00f6nlichen Ritualen berichten. Rituale, die uns an unsere Sternenkinder erinnern, Rituale wie wir Abschied genommen haben oder wie wir die besonderen Tage begehen. Ich m\u00f6chte so andere Betroffene ermutigen, eigene Rituale zu entwickeln, die ihnen helfen, ihren Schmerz besser zu ertragen. Inzwischen habe ich aber auch Texte gesammelt, die die Bedeutung von Ritualen erkl\u00e4ren.<\/p>\n<h3><a href=\"http:\/\/stillgeboren.de\/?cat=8\"><strong>Folgeschwangerschaft<\/strong><\/a><\/h3>\n<p>Leider herrscht immernoch das Vorurteil, eine Mutter, die ein Kind in der Schwangerschaft verloren hat, m\u00fcsse nur wieder schwanger werden\u00a0 und dann w\u00e4re wieder alles in Ordnung.<\/p>\n<p>Dies ist nat\u00fcrlich dummes Zeug. Keiner, der nicht selbst ein Baby verloren hat, kann erahnen, was man noch einmal in dieser Zeit durchmacht: \u00c4ngste, Trauer, Zerissenzeit zwischen den Kindern, Schuldgef\u00fchle beiden Kindern gegen\u00fcber u.s.w. . Aus diesem Grund habe ich meine ganz pers\u00f6nlichen Erfahrungen \u00fcber meine Folgeschwangerschaften, Texte und Eure Einsendungen gesammelt.<\/p>\n<h4>Besondere Tage<\/h4>\n<p>Es gibt immer wieder besondere Tage, an denen wir die Trauer besonders stark empfinden und wir unser Kind besonders vermissen.<\/p>\n<p>Es sind Tage wie der errechnete Stichtag, der Geburts- bzw. Todestag, aber auch Weihnachten und Muttertag.<\/p>\n<p>Zum Thema Muttertag habe ich einige Gedichte, Gedanke und Texte gesammelt.<\/p>\n<h3><a title=\"Friedhof\" href=\"http:\/\/stillgeboren.de\/?page_id=335\"><strong>Friedhof<\/strong><\/a><\/h3>\n<p><a href=\"http:\/\/stillgeboren.de\/wp-content\/uploads\/2015\/04\/Kinderbeerdigung.jpg\"><img loading=\"lazy\" class=\" size-medium wp-image-85 alignright\" src=\"http:\/\/stillgeboren.de\/wp-content\/uploads\/2015\/04\/Kinderbeerdigung-262x300.jpg\" alt=\"Kinderbeerdigung\" width=\"262\" height=\"300\" srcset=\"http:\/\/stillgeboren.de\/wp-content\/uploads\/2015\/04\/Kinderbeerdigung-262x300.jpg 262w, http:\/\/stillgeboren.de\/wp-content\/uploads\/2015\/04\/Kinderbeerdigung.jpg 516w\" sizes=\"(max-width: 262px) 100vw, 262px\" \/><\/a><br \/>\n<strong>Diese Themenseite ist gerade im Aufbau. Ich plane hier<\/strong><\/p>\n<ul>\n<li>Bestattungsrecht<\/li>\n<li>Berichte von Betroffenen \u00fcber Beerdigung, Trauerfeier, Grabgestaltung u.v.m.<\/li>\n<li>Berichte von Betroffenen, die kein Grab f\u00fcr ihr Sternenkind haben<\/li>\n<\/ul>\n<p style=\"text-align: left;\">Wer m\u00f6chte, kann mir gerne hierzu schreiben, mehr Informationen<\/p>\n<h3><a title=\"Symbole\" href=\"http:\/\/stillgeboren.de\/?page_id=495\"><strong>Symbole<\/strong><\/a><\/h3>\n<p>Nach Tobias Tod habe ich viel \u00fcber Trauer, Tod, \u00c4ngste und Krisen gelesen. Immerwieder stie\u00df ich da auf verschiedene Symbole, die mir mehrfach begegneten. Ich bemerkte, wie sie etwas in mir ausl\u00f6sten und sie begannen mich zu faszinieren. Mit meinen Kalenderbl\u00e4ttern fing ich dann an alles, was ich dar\u00fcber fand, zu sammeln und so entstand di<a href=\"http:\/\/stillgeboren.de\/wp-content\/uploads\/2015\/04\/Symbole.jpg\"><img loading=\"lazy\" class=\" size-medium wp-image-87 alignright\" src=\"http:\/\/stillgeboren.de\/wp-content\/uploads\/2015\/04\/Symbole.jpg\" alt=\"Symbole\" width=\"281\" height=\"245\" \/><\/a>ese Sammlung, die sich zum Meditieren,aber auch zur Vorbereitung von Gedenkgottesdiensten oder Gruppenabenden eignet.<\/p>\n<p>Die folgenden Symbole sind hier zu finden: Weg, Br\u00fccken, Taube, Licht, Regenbogen, W\u00fcste, Engel, Fr\u00fchling, Schmetterling<\/p>\n","protected":false},"excerpt":{"rendered":"<p>Namensgebung Nach der Geburt von Tobias hatte ich mir gew\u00fcnscht, da\u00df uns jemand fragte, welchen Namen wir f\u00fcr unser Baby ausgesucht haben.Aber warum h\u00e4tte ich es mir erw\u00fcnscht? Warum ist der Name auch heute noch so wichtig f\u00fcr mich? Ich wollte einfach, da\u00df mein Kind auch als solches anerkannt wird. Zu diesem Thema habe ich &hellip; <a href=\"http:\/\/stillgeboren.de\/?page_id=70\" class=\"more-link\"><span class=\"screen-reader-text\">Themenseiten<\/span> weiterlesen <span class=\"meta-nav\">&rarr;<\/span><\/a><\/p>\n","protected":false},"author":2,"featured_media":0,"parent":0,"menu_order":3,"comment_status":"closed","ping_status":"closed","template":"","meta":[],"_links":{"self":[{"href":"http:\/\/stillgeboren.de\/index.php?rest_route=\/wp\/v2\/pages\/70"}],"collection":[{"href":"http:\/\/stillgeboren.de\/index.php?rest_route=\/wp\/v2\/pages"}],"about":[{"href":"http:\/\/stillgeboren.de\/index.php?rest_route=\/wp\/v2\/types\/page"}],"author":[{"embeddable":true,"href":"http:\/\/stillgeboren.de\/index.php?rest_route=\/wp\/v2\/users\/2"}],"replies":[{"embeddable":true,"href":"http:\/\/stillgeboren.de\/index.php?rest_route=%2Fwp%2Fv2%2Fcomments&post=70"}],"version-history":[{"count":9,"href":"http:\/\/stillgeboren.de\/index.php?rest_route=\/wp\/v2\/pages\/70\/revisions"}],"predecessor-version":[{"id":852,"href":"http:\/\/stillgeboren.de\/index.php?rest_route=\/wp\/v2\/pages\/70\/revisions\/852"}],"wp:attachment":[{"href":"http:\/\/stillgeboren.de\/index.php?rest_route=%2Fwp%2Fv2%2Fmedia&parent=70"}],"curies":[{"name":"wp","href":"https:\/\/api.w.org\/{rel}","templated":true}]}}