{"id":743,"date":"2015-05-03T19:18:52","date_gmt":"2015-05-03T17:18:52","guid":{"rendered":"http:\/\/stillgeboren.de\/?page_id=743"},"modified":"2015-05-03T20:25:46","modified_gmt":"2015-05-03T18:25:46","slug":"graeber","status":"publish","type":"page","link":"http:\/\/stillgeboren.de\/?page_id=743","title":{"rendered":"Gr\u00e4berfelder"},"content":{"rendered":"<h1>Raum f\u00fcr Trauer und Abschied finden<\/h1>\n<p>Eine Einladung an Eltern von ungborenen und totgeborene Kindern und an Mitarbeitende in den Krankenh\u00e4usern in Hamburg.<br \/>\nIn Zusammenarbeit mit dem \u00d6jendorfer Friedhof f\u00fchren AnjaWiese, Trauerbegleiterin bei den ,,Verwaisten Eltern e.V.&#8220; und J\u00fcrgen Probst, Trauerbegleiter und Heimseelsorger im Kirchenkreis Stormarn, erstmals Abschiedsfeiern f\u00fcr Eltern von ungeborenen und totgeborenen Kindern und f\u00fcr Mitarbeitende in den gyn\u00e4kologischen Abteilungen der Hamburger Krankenh\u00e4user durch.<\/p>\n<h1><a title=\"Abschiedsfeier f\u00fcr die ganz Kleinen auf dem \u00d6jendorfer Friedhof\" href=\"http:\/\/stillgeboren.de\/?p=745\">Abschiedsfeier f\u00fcr die ganz Kleinen auf dem \u00d6jendorfer Friedhof vom 3. November 2004<img loading=\"lazy\" class=\"alignright size-thumbnail wp-image-747\" src=\"http:\/\/stillgeboren.de\/wp-content\/uploads\/2015\/05\/OjendorfBlatt2-150x150.jpg\" alt=\"OjendorfBlatt2\" width=\"150\" height=\"150\" \/><\/a><\/h1>\n<p>Blattmeditation<br \/>\nDie Bl\u00e4tter verf\u00e4rben sich in rot, gelb, orange. Durch den Herbstnebel hindurch gl\u00fchen die Farben. Leise schweben die Bl\u00e4tter zur Erde, als ob eine Melodie sie zum Tanzen bringt&#8230;<\/p>\n<h1><a title=\"Ein Platz f\u00fcr kleine Engel\" href=\"http:\/\/stillgeboren.de\/?p=752\">Ein Platz f\u00fcr kleine Engel<\/a><\/h1>\n<p>Begr\u00e4bnisst\u00e4tte f\u00fcr Fehlgeburten und still Geborene<a href=\"http:\/\/stillgeboren.de\/wp-content\/uploads\/2015\/05\/kindergrab_02.jpg\"><img loading=\"lazy\" class=\"alignright size-thumbnail wp-image-754\" src=\"http:\/\/stillgeboren.de\/wp-content\/uploads\/2015\/05\/kindergrab_02-150x150.jpg\" alt=\"kindergrab_02\" width=\"150\" height=\"150\" \/><\/a> in \u00d6jendorf. Mit einer liebevoll gestalteten Abschiedsfeier ist auf dem \u00d6jendorfer Friedhof ein Begr\u00e4bnisplatz f\u00fcr Fehlgeburten und still geborene (wie totgeborene genannt werden) Babys eingeweiht worden&#8230;<\/p>\n<h1><a title=\"Am 11.08.04 hatten wir die Gelegenheit Dich auf Deinem letzten Weg zu begleiten.\" href=\"http:\/\/stillgeboren.de\/?p=761\">Am 11.08.04 hatten wir die Gelegenheit Dich auf Deinem letzten Weg zu begleiten.<\/a><a href=\"http:\/\/stillgeboren.de\/wp-content\/uploads\/2015\/05\/JULIAN2.jpg\"><img loading=\"lazy\" class=\"alignright wp-image-762 size-thumbnail\" src=\"http:\/\/stillgeboren.de\/wp-content\/uploads\/2015\/05\/JULIAN2-150x150.jpg\" alt=\"JULIAN2\" width=\"150\" height=\"150\" \/><\/a><\/h1>\n<p>Bericht einer Mutter \u00fcber eine Abschiedsfeier auf dem Friedhof Hamburg-\u00d6jendorf.<\/p>\n<p>Wir versammelten uns alle in einer kleinen Kapelle. Auch andere Eltern die ihre kleinen Kinder hergeben musste waren dort. Wundersch\u00f6ne Worte zum Thema Schmetterling wurde gesprochen, Musik wurde gespielt. Wir durften ein paar&#8230;<\/p>\n<h1><a title=\"Gedenksteine als Erinnerung an totgeborene Kinder\" href=\"http:\/\/stillgeboren.de\/?p=767\">Gedenksteine als Erinnerung an totgeborene Kinder<\/a><\/h1>\n<p>Das Gr\u00e4berfeld f\u00fcr fehl- und totgeborene Kinder auf dem St. Johannes-Friedhof in Heide hat nun <span style=\"font-family: Arial Baltic,sans-serif;\"><a href=\"http:\/\/stillgeboren.de\/wp-content\/uploads\/2015\/05\/Gr\u00e4berHeide.jpg\"><img loading=\"lazy\" class=\"alignright wp-image-768 size-thumbnail\" src=\"http:\/\/stillgeboren.de\/wp-content\/uploads\/2015\/05\/Gr\u00e4berHeide-150x150.jpg\" alt=\"Gr\u00e4berHeide\" width=\"150\" height=\"150\" \/><\/a><\/span>Gedenksteine, die nach einem Gottesdienst der \u00d6ffentlichkeit \u00fcbergeben wurden. Seit Bestehen des Gr\u00e4berfeldes im November 2001 wurden bisher 350 Kinder dort bestattet. &#8222;Mit den Gedenksteinen wollen wir dem Leben ein wichtiges Zeichen setzen&#8220;, sagte Probst J\u00f6rn Engler. Freude, Gl\u00fcck und die Hoffnung auf eine gemeinsame Zukunft, bleibt den betroffenen Eltern dieser fr\u00fch verstorbenen Kinder verwehrt&#8230;.<\/p>\n<h1><a title=\"Sternengarten Mainz\" href=\"http:\/\/stillgeboren.de\/?p=756\">\u201cSternengarten\u201c\u00a0 in Mainz<\/a><\/h1>\n<p>Letzte Ruhest\u00e4tte f\u00fcr fehl- und fr\u00fchgeborene Kinder Sterne die nie verblassen. In einem feierlichen Akt, im Rahmen des Tag des Friedhofs in Mainz, am 25. September 2004, wurde der Sternengarten als neue Grabanlage f\u00fcr nichtbestattungspflichtige Feten seinem Zweck \u00fcbergeben. Der Sternengarten ist ein Grabfeld f\u00fcr Kinder, die sterben bevor sie geboren werden und nicht der Bestattungspflicht unterliegen&#8230;<\/p>\n<h1><a title=\"Wie bestatten wir unsere Kinder\" href=\"http:\/\/stillgeboren.de\/?p=770\">Aeternitas<\/a><\/h1>\n<p>Ein sehr informativer Artikel, der die heute Situation be<\/p>\n<h3><a href=\"http:\/\/stillgeboren.de\/wp-content\/uploads\/2015\/05\/Ahrensburg1.jpg\"><img loading=\"lazy\" class=\"alignright wp-image-772 size-thumbnail\" src=\"http:\/\/stillgeboren.de\/wp-content\/uploads\/2015\/05\/Ahrensburg1-150x150.jpg\" alt=\"Ahrensburg1\" width=\"150\" height=\"150\" \/><\/a><\/h3>\n<p>z\u00fcglich der Bestattung von Babys beschreibt und viele Bilder von Gr\u00e4berfeldern zeigt.<\/p>\n","protected":false},"excerpt":{"rendered":"<p>Raum f\u00fcr Trauer und Abschied finden Eine Einladung an Eltern von ungborenen und totgeborene Kindern und an Mitarbeitende in den Krankenh\u00e4usern in Hamburg. In Zusammenarbeit mit dem \u00d6jendorfer Friedhof f\u00fchren AnjaWiese, Trauerbegleiterin bei den ,,Verwaisten Eltern e.V.&#8220; und J\u00fcrgen Probst, Trauerbegleiter und Heimseelsorger im Kirchenkreis Stormarn, erstmals Abschiedsfeiern f\u00fcr Eltern von ungeborenen und totgeborenen Kindern &hellip; <a href=\"http:\/\/stillgeboren.de\/?page_id=743\" class=\"more-link\"><span class=\"screen-reader-text\">Gr\u00e4berfelder<\/span> weiterlesen <span class=\"meta-nav\">&rarr;<\/span><\/a><\/p>\n","protected":false},"author":2,"featured_media":0,"parent":335,"menu_order":0,"comment_status":"closed","ping_status":"closed","template":"","meta":[],"_links":{"self":[{"href":"http:\/\/stillgeboren.de\/index.php?rest_route=\/wp\/v2\/pages\/743"}],"collection":[{"href":"http:\/\/stillgeboren.de\/index.php?rest_route=\/wp\/v2\/pages"}],"about":[{"href":"http:\/\/stillgeboren.de\/index.php?rest_route=\/wp\/v2\/types\/page"}],"author":[{"embeddable":true,"href":"http:\/\/stillgeboren.de\/index.php?rest_route=\/wp\/v2\/users\/2"}],"replies":[{"embeddable":true,"href":"http:\/\/stillgeboren.de\/index.php?rest_route=%2Fwp%2Fv2%2Fcomments&post=743"}],"version-history":[{"count":5,"href":"http:\/\/stillgeboren.de\/index.php?rest_route=\/wp\/v2\/pages\/743\/revisions"}],"predecessor-version":[{"id":784,"href":"http:\/\/stillgeboren.de\/index.php?rest_route=\/wp\/v2\/pages\/743\/revisions\/784"}],"up":[{"embeddable":true,"href":"http:\/\/stillgeboren.de\/index.php?rest_route=\/wp\/v2\/pages\/335"}],"wp:attachment":[{"href":"http:\/\/stillgeboren.de\/index.php?rest_route=%2Fwp%2Fv2%2Fmedia&parent=743"}],"curies":[{"name":"wp","href":"https:\/\/api.w.org\/{rel}","templated":true}]}}