{"id":785,"date":"2015-05-03T20:34:51","date_gmt":"2015-05-03T18:34:51","guid":{"rendered":"http:\/\/stillgeboren.de\/?page_id=785"},"modified":"2015-05-03T20:54:48","modified_gmt":"2015-05-03T18:54:48","slug":"grabgestaltung","status":"publish","type":"page","link":"http:\/\/stillgeboren.de\/?page_id=785","title":{"rendered":"Grabgestaltung"},"content":{"rendered":"<p>Hier suche ich noch Berichte:<\/p>\n<p>1. <a href=\"http:\/\/stillgeboren.de\/wp-content\/uploads\/2015\/04\/Vogelblauemail2.gif\"><img loading=\"lazy\" class=\"alignright size-full wp-image-104\" src=\"http:\/\/stillgeboren.de\/wp-content\/uploads\/2015\/04\/Vogelblauemail2.gif\" alt=\"Vogelblauemail2\" width=\"148\" height=\"147\" \/><\/a>\u00fcber die Gestaltung des Grabes Eures Sternenkindes<\/p>\n<p>Wie sieht das Grab bzw. Grabstein aus?<br \/>\nWie schm\u00fcckt Ihr es ?<br \/>\nHabt Ihr Bilder<\/p>\n<p>2. welche Bedeutung hat das Grab f\u00fcr Euch?<\/p>\n<p>Wann und wie oft besucht Ihr es?<br \/>\nGeht Ihr alleine, oder auch mit anderen?<br \/>\nwie geht Ihr mit Geschwisterkinder und dem Grab um?<\/p>\n<h1>Bilder und Geschichten zu<\/h1>\n<h1>Kindergr\u00e4bern<\/h1>\n<ul>\n<li>\n<h3><a title=\"Nun, jetzt haben wir Sterne und einen Mond, dann fehlt also noch eine Sonne!\" href=\"http:\/\/stillgeboren.de\/?p=786\">Nun, jetzt haben wir Sterne und einen Mond, <\/a><a title=\"Nun, jetzt haben wir Sterne und einen Mond, dann fehlt also noch eine Sonne!\" href=\"http:\/\/stillgeboren.de\/?p=786\">dann <\/a><a title=\"Nun, jetzt haben wir Sterne und einen Mond, dann fehlt also noch eine Sonne!\" href=\"http:\/\/stillgeboren.de\/?p=786\">fehlt also noch eine Sonne!<\/a><\/h3>\n<\/li>\n<li>\n<h3><a title=\"Maries Grab ist f\u00fcr mich ihr \u201cKinderzimmer\u201d\" href=\"http:\/\/stillgeboren.de\/?p=790\">Maries Grab ist f\u00fcr mich ihr &#8222;Kinderzimmer&#8220;<\/a><\/h3>\n<\/li>\n<li>\n<h3><a title=\"\u201cVon Marl\u00e8en f\u00fcr Tobias\u201d.\" href=\"http:\/\/stillgeboren.de\/?p=800\">&#8222;Von Marl\u00e8en f\u00fcr Tobias&#8220;.<\/a><\/h3>\n<\/li>\n<li>\n<h3><a title=\"Ich z\u00fcnde meiner Kleinen dann immer Kerzen  an\" href=\"http:\/\/stillgeboren.de\/?p=803\">Ich z\u00fcnde meiner Kleinen dann immer Kerzen\u00a0 an<\/a><\/h3>\n<\/li>\n<li>\n<h3><a title=\"Ich finde das Grab sehr sch\u00f6n, wenn man in dieser Situation von sch\u00f6n reden kann\" href=\"http:\/\/stillgeboren.de\/?p=808\">Ich finde das Grab sehr sch\u00f6n, wenn man in dieser Situation von sch\u00f6n reden kann<\/a><\/h3>\n<\/li>\n<li>\n<h3><a title=\"Ich bin froh, da\u00df ich einen Ort habe, wo ich hingehen kann und hemmungslos weinen kann\" href=\"http:\/\/stillgeboren.de\/?p=815\">Ich bin froh, da\u00df ich einen Ort habe, wo ich hingehen kann und hemmungslos weinen kann<\/a><\/h3>\n<\/li>\n<li>\n<h3><a title=\"Melindas Grabherz\" href=\"http:\/\/stillgeboren.de\/?p=818\">Melindas Grabherz<\/a><\/h3>\n<\/li>\n<\/ul>\n<p>&nbsp;<\/p>\n<h3><a title=\"Ich z\u00fcnde meiner Kleinen dann immer Kerzen  an\" href=\"http:\/\/stillgeboren.de\/?p=803\"><img loading=\"lazy\" class=\"alignright size-thumbnail wp-image-804\" src=\"http:\/\/stillgeboren.de\/wp-content\/uploads\/2015\/05\/lisaMarieGrab-150x150.jpg\" alt=\"lisaMarieGrab\" width=\"150\" height=\"150\" \/><\/a><\/h3>\n<h3><a href=\"http:\/\/stillgeboren.de\/wp-content\/uploads\/2015\/05\/Max2.jpg\"><img loading=\"lazy\" class=\"alignright size-thumbnail wp-image-809\" src=\"http:\/\/stillgeboren.de\/wp-content\/uploads\/2015\/05\/Max2-150x150.jpg\" alt=\"Max2\" width=\"150\" height=\"150\" \/><\/a><\/h3>\n<h4 style=\"text-align: right;\"><a title=\"Nun, jetzt haben wir Sterne und einen Mond, dann fehlt also noch eine Sonne!\" href=\"http:\/\/stillgeboren.de\/?p=786\"><img loading=\"lazy\" class=\" wp-image-787 size-thumbnail alignright\" src=\"http:\/\/stillgeboren.de\/wp-content\/uploads\/2015\/05\/ClaudiaMichael1-150x150.jpg\" alt=\"ClaudiaMichael1\" width=\"150\" height=\"150\" \/><\/a><a title=\"\u201cVon Marl\u00e8en f\u00fcr Tobias\u201d.\" href=\"http:\/\/stillgeboren.de\/?p=800\"><img loading=\"lazy\" class=\"alignright wp-image-61 size-thumbnail\" src=\"http:\/\/stillgeboren.de\/wp-content\/uploads\/2015\/04\/grossh1-150x150.jpg\" alt=\"grossh1\" width=\"150\" height=\"150\" \/><\/a><\/h4>\n<h4 style=\"text-align: right;\"><a title=\"Maries Grab ist f\u00fcr mich ihr \u201cKinderzimmer\u201d\" href=\"http:\/\/stillgeboren.de\/?p=790\"><img loading=\"lazy\" class=\"alignright size-thumbnail wp-image-792\" src=\"http:\/\/stillgeboren.de\/wp-content\/uploads\/2015\/05\/Marie1-150x150.jpg\" alt=\"Marie1\" width=\"150\" height=\"150\" \/><\/a><a title=\"Melindas Grabherz\" href=\"http:\/\/stillgeboren.de\/?p=818\"><img loading=\"lazy\" class=\"alignright size-thumbnail wp-image-819\" src=\"http:\/\/stillgeboren.de\/wp-content\/uploads\/2015\/05\/GrabherzMelinda-150x150.jpg\" alt=\"GrabherzMelinda\" width=\"150\" height=\"150\" \/><\/a><\/h4>\n","protected":false},"excerpt":{"rendered":"<p>Hier suche ich noch Berichte: 1. \u00fcber die Gestaltung des Grabes Eures Sternenkindes Wie sieht das Grab bzw. Grabstein aus? Wie schm\u00fcckt Ihr es ? Habt Ihr Bilder 2. welche Bedeutung hat das Grab f\u00fcr Euch? Wann und wie oft besucht Ihr es? Geht Ihr alleine, oder auch mit anderen? wie geht Ihr mit Geschwisterkinder &hellip; <a href=\"http:\/\/stillgeboren.de\/?page_id=785\" class=\"more-link\"><span class=\"screen-reader-text\">Grabgestaltung<\/span> weiterlesen <span class=\"meta-nav\">&rarr;<\/span><\/a><\/p>\n","protected":false},"author":2,"featured_media":0,"parent":335,"menu_order":0,"comment_status":"closed","ping_status":"closed","template":"","meta":[],"_links":{"self":[{"href":"http:\/\/stillgeboren.de\/index.php?rest_route=\/wp\/v2\/pages\/785"}],"collection":[{"href":"http:\/\/stillgeboren.de\/index.php?rest_route=\/wp\/v2\/pages"}],"about":[{"href":"http:\/\/stillgeboren.de\/index.php?rest_route=\/wp\/v2\/types\/page"}],"author":[{"embeddable":true,"href":"http:\/\/stillgeboren.de\/index.php?rest_route=\/wp\/v2\/users\/2"}],"replies":[{"embeddable":true,"href":"http:\/\/stillgeboren.de\/index.php?rest_route=%2Fwp%2Fv2%2Fcomments&post=785"}],"version-history":[{"count":11,"href":"http:\/\/stillgeboren.de\/index.php?rest_route=\/wp\/v2\/pages\/785\/revisions"}],"predecessor-version":[{"id":822,"href":"http:\/\/stillgeboren.de\/index.php?rest_route=\/wp\/v2\/pages\/785\/revisions\/822"}],"up":[{"embeddable":true,"href":"http:\/\/stillgeboren.de\/index.php?rest_route=\/wp\/v2\/pages\/335"}],"wp:attachment":[{"href":"http:\/\/stillgeboren.de\/index.php?rest_route=%2Fwp%2Fv2%2Fmedia&parent=785"}],"curies":[{"name":"wp","href":"https:\/\/api.w.org\/{rel}","templated":true}]}}