{"id":97,"date":"2015-04-23T22:10:32","date_gmt":"2015-04-23T20:10:32","guid":{"rendered":"http:\/\/stillgeboren.de\/?page_id=97"},"modified":"2015-06-01T19:47:09","modified_gmt":"2015-06-01T17:47:09","slug":"stillgeboren","status":"publish","type":"page","link":"http:\/\/stillgeboren.de\/","title":{"rendered":"Stillgeboren"},"content":{"rendered":"<h2>Heute vor 15 Jahren habe ich diese Website online gestellt.<\/h2>\n<p>Schnell hatte ich enorme Besucherzahlen. Zum Schluss waren 5000 Besucher t\u00e4glich da.<\/p>\n<p>Ich hatte sie damals nach der stillen Geburt unseres ersten Sohnes Tobias aufgebaut.<a href=\"http:\/\/stillgeboren.de\/wp-content\/uploads\/2015\/04\/a_sternschnuppetobiasdreh_1.gif\"><img loading=\"lazy\" class=\"  wp-image-119 alignright\" src=\"http:\/\/stillgeboren.de\/wp-content\/uploads\/2015\/04\/a_sternschnuppetobiasdreh_1.gif\" alt=\"a_sternschnuppetobiasdreh_1\" width=\"177\" height=\"120\" \/><\/a><\/p>\n<p>Sie war jetzt einige Jahre offline. Eine Sports<a href=\"http:\/\/stillgeboren.de\/wp-content\/uploads\/2015\/04\/Tr\u00e4nen1.png\"><img loading=\"lazy\" class=\" size-medium wp-image-149 alignleft\" src=\"http:\/\/stillgeboren.de\/wp-content\/uploads\/2015\/04\/Tr\u00e4nen1-211x300.png\" alt=\"Tr\u00e4nen\" width=\"211\" height=\"300\" srcset=\"http:\/\/stillgeboren.de\/wp-content\/uploads\/2015\/04\/Tr\u00e4nen1-211x300.png 211w, http:\/\/stillgeboren.de\/wp-content\/uploads\/2015\/04\/Tr\u00e4nen1-722x1024.png 722w, http:\/\/stillgeboren.de\/wp-content\/uploads\/2015\/04\/Tr\u00e4nen1.png 874w\" sizes=\"(max-width: 211px) 100vw, 211px\" \/><\/a>kameradin bestellte mir ganz liebe Gr\u00fc\u00dfe mit den Worten, ich kenne sie nicht, aber sie meine Seite &#8222;Stillgeboren&#8220;, die ihr sehr viel in der Trauer geholfen habe. Das war vor etwa einem Jahr. Seit dem l\u00e4sst es mich nicht los, sie trotz allem wieder online zu stellen. Als vor ein paar Wochen mein Folgesohn Pascal, inzwischen 16 Jahre alt, mir kurz mal eine Website in WordPress f\u00fcr meine Anwaltskanzlei programmierte, kam mir die Idee, diese Seite als Blog wieder ins Leben zu ruf<a href=\"http:\/\/stillgeboren.de\/wp-content\/uploads\/2015\/04\/Pl\u00f6tzlich.png\"><img loading=\"lazy\" class=\" size-medium wp-image-147 alignright\" src=\"http:\/\/stillgeboren.de\/wp-content\/uploads\/2015\/04\/Pl\u00f6tzlich-211x300.png\" alt=\"Pl\u00f6tzlich\" width=\"211\" height=\"300\" srcset=\"http:\/\/stillgeboren.de\/wp-content\/uploads\/2015\/04\/Pl\u00f6tzlich-211x300.png 211w, http:\/\/stillgeboren.de\/wp-content\/uploads\/2015\/04\/Pl\u00f6tzlich-722x1024.png 722w, http:\/\/stillgeboren.de\/wp-content\/uploads\/2015\/04\/Pl\u00f6tzlich.png 874w\" sizes=\"(max-width: 211px) 100vw, 211px\" \/><\/a>en. Vielen Dank Pascal, dass Du Dich sofort daran gesetzt hast!<\/p>\n<p>Nun muss ich allerdings die neue Seite mit den Beitr\u00e4gen aus der alten Seite f\u00fcllen. Da es \u00fcber 300 Seiten sind, werde ich das nicht so <a href=\"http:\/\/stillgeboren.de\/wp-content\/uploads\/2015\/04\/Engeltrompete.gif\"><img loading=\"lazy\" class=\"  wp-image-103 alignleft\" src=\"http:\/\/stillgeboren.de\/wp-content\/uploads\/2015\/04\/Engeltrompete.gif\" alt=\"Engeltrompete\" width=\"104\" height=\"114\" \/><\/a>schnell schaffen. Es lohnt sich also ab und an mal wieder vorbei zu schauen.<\/p>\n<p>Alles Liebe<br \/>\nPirko<\/p>\n","protected":false},"excerpt":{"rendered":"<p>Heute vor 15 Jahren habe ich diese Website online gestellt. Schnell hatte ich enorme Besucherzahlen. Zum Schluss waren 5000 Besucher t\u00e4glich da. Ich hatte sie damals nach der stillen Geburt unseres ersten Sohnes Tobias aufgebaut. Sie war jetzt einige Jahre offline. Eine Sportskameradin bestellte mir ganz liebe Gr\u00fc\u00dfe mit den Worten, ich kenne sie nicht, &hellip; <a href=\"http:\/\/stillgeboren.de\/\" class=\"more-link\"><span class=\"screen-reader-text\">Stillgeboren<\/span> weiterlesen <span class=\"meta-nav\">&rarr;<\/span><\/a><\/p>\n","protected":false},"author":2,"featured_media":0,"parent":0,"menu_order":0,"comment_status":"closed","ping_status":"closed","template":"","meta":[],"_links":{"self":[{"href":"http:\/\/stillgeboren.de\/index.php?rest_route=\/wp\/v2\/pages\/97"}],"collection":[{"href":"http:\/\/stillgeboren.de\/index.php?rest_route=\/wp\/v2\/pages"}],"about":[{"href":"http:\/\/stillgeboren.de\/index.php?rest_route=\/wp\/v2\/types\/page"}],"author":[{"embeddable":true,"href":"http:\/\/stillgeboren.de\/index.php?rest_route=\/wp\/v2\/users\/2"}],"replies":[{"embeddable":true,"href":"http:\/\/stillgeboren.de\/index.php?rest_route=%2Fwp%2Fv2%2Fcomments&post=97"}],"version-history":[{"count":14,"href":"http:\/\/stillgeboren.de\/index.php?rest_route=\/wp\/v2\/pages\/97\/revisions"}],"predecessor-version":[{"id":919,"href":"http:\/\/stillgeboren.de\/index.php?rest_route=\/wp\/v2\/pages\/97\/revisions\/919"}],"wp:attachment":[{"href":"http:\/\/stillgeboren.de\/index.php?rest_route=%2Fwp%2Fv2%2Fmedia&parent=97"}],"curies":[{"name":"wp","href":"https:\/\/api.w.org\/{rel}","templated":true}]}}